{"id":24510,"date":"2024-10-16T12:29:04","date_gmt":"2024-10-16T12:29:04","guid":{"rendered":"https:\/\/magventure.com\/br\/?page_id=24510"},"modified":"2025-02-17T12:30:34","modified_gmt":"2025-02-17T12:30:34","slug":"suporte","status":"publish","type":"page","link":"https:\/\/magventure.com\/br\/suporte\/","title":{"rendered":"Suporte"},"content":{"rendered":"\n<section class=\"wp-block-mag-cover mt-cover mt-cover--has-overlay is-style-dark\"><div class=\"mt-cover__image-container object-fit\"><picture><source srcset=\"https:\/\/magventure.com\/br\/wp-content\/uploads\/sites\/7\/2024\/10\/Magventur_02_6574-scaled-1.jpg\" media=\"(max-width: 580px)\"\/><source srcset=\"https:\/\/magventure.com\/br\/wp-content\/uploads\/sites\/7\/2024\/10\/Magventur_02_6574-scaled-1.jpg\" media=\"(max-width: 1200px)\"\/><img decoding=\"async\" src=\"https:\/\/magventure.com\/br\/wp-content\/uploads\/sites\/7\/2024\/10\/Magventur_02_6574-scaled-1.jpg\" alt=\"\"\/><\/picture><\/div><div class=\"mt-cover__inner page-container\"><div class=\"mt-cover__text-container\"><p class=\"mt-cover__tagline tagline tagline--white\">Servi\u00e7o e suporte global<\/p><h1 class=\"mt-cover__title title--h1 title--white highlight-text\">Sempre perto de voc\u00ea<\/h1><p class=\"mt-cover__text wysiwyg wysiwyg--white\">Independentemente da sua localiza\u00e7\u00e3o e dos desafios t\u00e9cnicos, estamos prontos para apoiar voc\u00ea, por meio da nossa rede de distribuidores profissional e capacitada.<\/p><\/div><\/div><\/section>\n\n\n\n<section class=\"mtSpacing-top-small mtSpacing-bottom-small wp-block-morningmodules-text-media mt-text-media mt-text-media--align-media-right mt-text-media--align-media-mobile-bottom\"><div class=\"mt-text-media__inner\"><div class=\"mt-text-media__media-container\"><img decoding=\"async\" src=\"https:\/\/magventure.com\/br\/wp-content\/uploads\/sites\/7\/2024\/10\/GROUPPHOTO_MV_ISM_2024_LouieJacob-1200px.jpg\" alt=\"\" style=\"object-position:0% 34%\"\/><\/div><div class=\"mt-text-media__text-container\"><span class=\"mt-text-media__tagline mt-tagline\">ASSIST\u00caNCIA DEDICADA E ALTAMENTE QUALIFICADA<\/span><h2 class=\"mt-text-media__title\">Conte conosco em todos os momentos<\/h2>\n<p class=\"has-small-font-size\">A MagVenture opera principalmente por meio de distribuidores locais. Nossos distribuidores locais s\u00e3o altamente qualificados e dedicados a fornecer o melhor suporte poss\u00edvel para nossos produtos.<\/p>\n\n\n\n<p>Se tiver qualquer d\u00favida sobre produtos ou se tiver problemas t\u00e9cnicos, encontre em contato com o distribuidor local da MagVenture no Brasil <a href=\"mailto:sacbr@magventure.com\" target=\"_blank\" rel=\"noreferrer noopener\"><strong>aqui<\/strong><\/a>. Caso n\u00e3o consiga encontrar um distribuidor local, ou se um distribuidor local n\u00e3o puder ajudar voc\u00ea, n\u00e3o hesite em entrar em contato conosco.<\/p>\n\n\n\n<p>Para que possamos ajudar da melhor forma poss\u00edvel, forne\u00e7a informa\u00e7\u00f5es claras sobre o tipo de equipamento, n\u00famero de s\u00e9rie e vers\u00f5es de software, al\u00e9m de uma descri\u00e7\u00e3o completa do problema.<\/p>\n\n\n\n<p>Faremos o poss\u00edvel para retornar o contato o quanto antes, geralmente, dentro de alguns dias \u00fateis.<\/p>\n<\/div><\/div><\/section>\n\n\n\n<section class=\"mtSpacing-top-small mtSpacing-bottom-small wp-block-mag-faq mt-faq\"><div class=\"mt-faq__inner page-container\"><div class=\"mt-faq__text-container\"><p class=\"mt-faq__tagline tagline\">perguntas frequentes de suporte<\/p><h2 class=\"mt-faq__title title--h2\">Siga em frente<\/h2><\/div><div class=\"mt-faq__faqs-wrapper\">\n<div class=\"wp-block-mag-faq-item mt-faq-item slide-toggle-wrapper\" data-slide-toggle-breakpoint=\"9999\"><p class=\"mt-faq-item__label slide-toggle-button arrow-right-dark\">Como funciona?<\/p><div class=\"mt-faq-item__content-wrapper slide-toggle-content\"><p class=\"mt-faq-item__content\">Para qualquer d\u00favida ou problema t\u00e9cnico relacionado a produtos, consulte nosso site para localizar uma subsidi\u00e1ria ou distribuidor da MagVenture na sua \u00e1rea. Caso n\u00e3o encontre um distribuidor local ou um que forne\u00e7a a assist\u00eancia necess\u00e1ria, n\u00e3o hesite em nos contatar diretamente. Nossa equipe est\u00e1 sempre dispon\u00edvel para fornecer uma assist\u00eancia r\u00e1pida e confi\u00e1vel, e garantir sua satisfa\u00e7\u00e3o com nossos produtos.<br>Para auxiliar voc\u00ea da melhor forma poss\u00edvel, solicitamos que forne\u00e7a informa\u00e7\u00f5es claras e precisas sobre o seu equipamento, incluindo tipo, n\u00famero de s\u00e9rie e vers\u00f5es de software. Al\u00e9m disso, pedimos que forne\u00e7a uma explica\u00e7\u00e3o detalhada do problema enfrentado. Isso ajudar\u00e1 nossa equipe a diagnosticar e resolver qualquer problema do produto rapidamente e com precis\u00e3o.<\/p><\/div><\/div>\n\n\n\n<div class=\"wp-block-mag-faq-item mt-faq-item slide-toggle-wrapper\" data-slide-toggle-breakpoint=\"9999\"><p class=\"mt-faq-item__label slide-toggle-button arrow-right-dark\">Onde encontro uma subsidi\u00e1ria ou distribuidor local da MagVenture?<\/p><div class=\"mt-faq-item__content-wrapper slide-toggle-content\"><p class=\"mt-faq-item__content\">Encontre uma subsidi\u00e1ria ou distribuidor da MagVenture na sua \u00e1rea <a href=\"https:\/\/magventure.com\/br\/encontre-a-magventure\/\">aqui<\/a><\/p><\/div><\/div>\n\n\n\n<div class=\"wp-block-mag-faq-item mt-faq-item slide-toggle-wrapper\" data-slide-toggle-breakpoint=\"9999\"><p class=\"mt-faq-item__label slide-toggle-button arrow-right-dark\">O que devo fazer se um produto da MagVenture n\u00e3o estiver funcionando corretamente e\/ou se precisar de reparo ou substitui\u00e7\u00e3o?<\/p><div class=\"mt-faq-item__content-wrapper slide-toggle-content\"><p class=\"mt-faq-item__content\">Antes de fazer um reparo, precisamos verificar se sua garantia ainda \u00e9 v\u00e1lida. Se ainda estiver ativa, consulte os termos e condi\u00e7\u00f5es para saber quais reparos est\u00e3o cobertos pela garantia. Se sua garantia tiver expirado ou n\u00e3o abranger o conserto necess\u00e1rio, o valor depender\u00e1 da complexidade do servi\u00e7o. Para ter uma ideia dos custos, sugerimos que fa\u00e7a solicite um or\u00e7amento com a subsidi\u00e1ria ou distribuidor local da MagVenture. Isso lhe dar\u00e1 uma melhor compreens\u00e3o dos custos potenciais do reparo.<\/p><\/div><\/div>\n\n\n\n<div class=\"wp-block-mag-faq-item mt-faq-item slide-toggle-wrapper\" data-slide-toggle-breakpoint=\"9999\"><p class=\"mt-faq-item__label slide-toggle-button arrow-right-dark\">Como posso encontrar o tipo de equipamento e o n\u00famero de s\u00e9rie?<\/p><div class=\"mt-faq-item__content-wrapper slide-toggle-content\"><p class=\"mt-faq-item__content\">Cada estimulador da MagVenture tem uma etiqueta prateada na traseira e cada bobina tem uma etiqueta prateada no conector laranja da bobina. A etiqueta prateada cont\u00e9m informa\u00e7\u00f5es importantes sobre o equipamento, como tipo de equipamento (REF), n\u00famero de s\u00e9rie (SN xxx) e n\u00famero de pe\u00e7a (P\/N). Se por algum motivo, a etiqueta prateada, n\u00e3o estiver dispon\u00edvel, poder\u00e1 sempre consultar o tipo de equipamento do estimulador na sua fatura ou no menu de servi\u00e7o.<br>No menu de servi\u00e7o do estimulador tamb\u00e9m est\u00e3o dispon\u00edveis as informa\u00e7\u00f5es do sistema. As informa\u00e7\u00f5es do sistema s\u00e3o exibidas no lado esquerdo da tela. Isso exibe informa\u00e7\u00f5es sobre o modelo MagPro, n\u00famero de s\u00e9rie e vers\u00f5es de software. Para obter mais instru\u00e7\u00f5es sobre o equipamento, consulte as Instru\u00e7\u00f5es de uso (IFU) relevantes, onde voc\u00ea tamb\u00e9m pode encontrar orienta\u00e7\u00f5es e diretrizes abrangentes.<br>Para obter informa\u00e7\u00f5es adicionais sobre o equipamento, visite a <a href=\"https:\/\/magventure.com\/br\/products\/\">p\u00e1gina do produto<\/a>, onde encontrar\u00e1 detalhes sobre as especifica\u00e7\u00f5es do produto, dados t\u00e9cnicos e outras informa\u00e7\u00f5es relevantes. Informa\u00e7\u00f5es sobre equipamentos e acess\u00f3rios tamb\u00e9m podem ser encontradas em nosso cat\u00e1logo de produtos.<\/p><\/div><\/div>\n\n\n\n<div class=\"wp-block-mag-faq-item mt-faq-item slide-toggle-wrapper\" data-slide-toggle-breakpoint=\"9999\"><p class=\"mt-faq-item__label slide-toggle-button arrow-right-dark\">Como posso identificar a vers\u00e3o do software?<\/p><div class=\"mt-faq-item__content-wrapper slide-toggle-content\"><p class=\"mt-faq-item__content\">No menu de servi\u00e7o do estimulador, as vers\u00f5es relevantes do software operacional do sistema ser\u00e3o especificadas como GUI, PIC 1, PIC2, \u200b\u200b\u200b\u200bvers\u00f5es do software Nimbus. Para obter mais instru\u00e7\u00f5es sobre o equipamento, consulte as Instru\u00e7\u00f5es de uso (IFU), onde pode encontrar instru\u00e7\u00f5es abrangentes, guias e outras informa\u00e7\u00f5es relevantes. Para obter uma vis\u00e3o geral das bobinas suportadas e vers\u00f5es de software, consulte o Cat\u00e1logo de acess\u00f3rios de estimula\u00e7\u00e3o magn\u00e9tica.<\/p><\/div><\/div>\n<\/div><\/div><\/section>\n\n\n\n<section class=\"wp-block-morningmodules-breaker aligncenter mt-breaker mt-breaker--white-text is-style-bg-default\"><div class=\"mt-breaker__container\"><div class=\"mt-breaker__overlay\" style=\"opacity:0.4\"><\/div><div class=\"mt-breaker__image-container object-fit\"><img decoding=\"async\" src=\"https:\/\/magventure.com\/br\/wp-content\/uploads\/sites\/7\/2024\/09\/contact.jpg\" alt=\"\" style=\"object-position:44% 50%\"\/><\/div><div class=\"mt-breaker__inner page-container\"><div class=\"mt-breaker__text-container\"><span class=\"mt-breaker__tagline mt-tagline\">Fale conosco<\/span><h2 class=\"mt-breaker__title\">Contate a MagVenture<\/h2>\n<p><\/p>\n\n\n\n<div class=\"wp-block-buttons is-layout-flex wp-block-buttons-is-layout-flex\">\n<div class=\"wp-block-button is-style-secondary\" data-open-slide-in=\"main\"><a class=\"wp-block-button__link wp-element-button\" rel=\"\thttps:\/\/marketing.magventure.com\/l\/1023021\/2023-03-16\/rz7\">Contato<\/a><\/div>\n<\/div>\n<\/div><\/div><\/div><\/section>\n","protected":false},"excerpt":{"rendered":"","protected":false},"author":3,"featured_media":24620,"parent":0,"menu_order":0,"comment_status":"closed","ping_status":"closed","template":"","meta":{"_acf_changed":false,"_monsterinsights_skip_tracking":false,"_monsterinsights_sitenote_active":false,"_monsterinsights_sitenote_note":"","_monsterinsights_sitenote_category":0,"footnotes":""},"class_list":["post-24510","page","type-page","status-publish","has-post-thumbnail","hentry"],"acf":{"hide_navigation":false,"navigation_color":"white-text","theme_color":"theme-color-dark-blue","hide_footer_instagram":false},"yoast_head":"<!-- This site is optimized with the Yoast SEO plugin v27.5 - https:\/\/yoast.com\/product\/yoast-seo-wordpress\/ -->\n<title>Servi\u00e7o e suporte global - MagVenture BR<\/title>\n<meta name=\"description\" content=\"Independentemente da sua localiza\u00e7\u00e3o, estamos prontos para oferecer suporte, por meio de nossa rede de distribuidores profissional e altamente qualificada.\" \/>\n<meta name=\"robots\" content=\"index, follow, max-snippet:-1, max-image-preview:large, max-video-preview:-1\" \/>\n<link rel=\"canonical\" href=\"https:\/\/magventure.com\/br\/suporte\/\" \/>\n<meta property=\"og:locale\" content=\"en_US\" \/>\n<meta property=\"og:type\" content=\"article\" \/>\n<meta property=\"og:title\" content=\"Servi\u00e7o e suporte global - MagVenture BR\" \/>\n<meta property=\"og:description\" content=\"Independentemente da sua localiza\u00e7\u00e3o, estamos prontos para oferecer suporte, por meio de nossa rede de distribuidores profissional e altamente qualificada.\" \/>\n<meta property=\"og:url\" content=\"https:\/\/magventure.com\/br\/suporte\/\" \/>\n<meta property=\"og:site_name\" content=\"MagVenture BR\" \/>\n<meta property=\"article:modified_time\" content=\"2025-02-17T12:30:34+00:00\" \/>\n<meta property=\"og:image\" content=\"https:\/\/magventure.com\/br\/wp-content\/uploads\/sites\/7\/2024\/10\/Magventur_02_6574-scaled-1.jpg\" \/>\n\t<meta property=\"og:image:width\" content=\"2000\" \/>\n\t<meta property=\"og:image:height\" content=\"1334\" \/>\n\t<meta property=\"og:image:type\" content=\"image\/jpeg\" \/>\n<meta name=\"twitter:card\" content=\"summary_large_image\" \/>\n<meta name=\"twitter:label1\" content=\"Est. reading time\" \/>\n\t<meta name=\"twitter:data1\" content=\"5 minutes\" \/>\n<script type=\"application\/ld+json\" class=\"yoast-schema-graph\">{\"@context\":\"https:\\\/\\\/schema.org\",\"@graph\":[{\"@type\":\"WebPage\",\"@id\":\"https:\\\/\\\/magventure.com\\\/br\\\/suporte\\\/\",\"url\":\"https:\\\/\\\/magventure.com\\\/br\\\/suporte\\\/\",\"name\":\"Servi\u00e7o e suporte global - MagVenture BR\",\"isPartOf\":{\"@id\":\"https:\\\/\\\/magventure.com\\\/br\\\/#website\"},\"primaryImageOfPage\":{\"@id\":\"https:\\\/\\\/magventure.com\\\/br\\\/suporte\\\/#primaryimage\"},\"image\":{\"@id\":\"https:\\\/\\\/magventure.com\\\/br\\\/suporte\\\/#primaryimage\"},\"thumbnailUrl\":\"https:\\\/\\\/magventure.com\\\/br\\\/wp-content\\\/uploads\\\/sites\\\/7\\\/2024\\\/10\\\/Magventur_02_6574-scaled-1.jpg\",\"datePublished\":\"2024-10-16T12:29:04+00:00\",\"dateModified\":\"2025-02-17T12:30:34+00:00\",\"description\":\"Independentemente da sua localiza\u00e7\u00e3o, estamos prontos para oferecer suporte, por meio de nossa rede de distribuidores profissional e altamente qualificada.\",\"breadcrumb\":{\"@id\":\"https:\\\/\\\/magventure.com\\\/br\\\/suporte\\\/#breadcrumb\"},\"inLanguage\":\"en-US\",\"potentialAction\":[{\"@type\":\"ReadAction\",\"target\":[\"https:\\\/\\\/magventure.com\\\/br\\\/suporte\\\/\"]}]},{\"@type\":\"ImageObject\",\"inLanguage\":\"en-US\",\"@id\":\"https:\\\/\\\/magventure.com\\\/br\\\/suporte\\\/#primaryimage\",\"url\":\"https:\\\/\\\/magventure.com\\\/br\\\/wp-content\\\/uploads\\\/sites\\\/7\\\/2024\\\/10\\\/Magventur_02_6574-scaled-1.jpg\",\"contentUrl\":\"https:\\\/\\\/magventure.com\\\/br\\\/wp-content\\\/uploads\\\/sites\\\/7\\\/2024\\\/10\\\/Magventur_02_6574-scaled-1.jpg\",\"width\":2000,\"height\":1334,\"caption\":\"Support\"},{\"@type\":\"BreadcrumbList\",\"@id\":\"https:\\\/\\\/magventure.com\\\/br\\\/suporte\\\/#breadcrumb\",\"itemListElement\":[{\"@type\":\"ListItem\",\"position\":1,\"name\":\"Home\",\"item\":\"https:\\\/\\\/magventure.com\\\/br\\\/\"},{\"@type\":\"ListItem\",\"position\":2,\"name\":\"Suporte\"}]},{\"@type\":\"WebSite\",\"@id\":\"https:\\\/\\\/magventure.com\\\/br\\\/#website\",\"url\":\"https:\\\/\\\/magventure.com\\\/br\\\/\",\"name\":\"MagVenture BR\",\"description\":\"We are unlocking the science of magnetic stimulation for treatment of depression\",\"potentialAction\":[{\"@type\":\"SearchAction\",\"target\":{\"@type\":\"EntryPoint\",\"urlTemplate\":\"https:\\\/\\\/magventure.com\\\/br\\\/?s={search_term_string}\"},\"query-input\":{\"@type\":\"PropertyValueSpecification\",\"valueRequired\":true,\"valueName\":\"search_term_string\"}}],\"inLanguage\":\"en-US\"}]}<\/script>\n<!-- \/ Yoast SEO plugin. -->","yoast_head_json":{"title":"Servi\u00e7o e suporte global - MagVenture BR","description":"Independentemente da sua localiza\u00e7\u00e3o, estamos prontos para oferecer suporte, por meio de nossa rede de distribuidores profissional e altamente qualificada.","robots":{"index":"index","follow":"follow","max-snippet":"max-snippet:-1","max-image-preview":"max-image-preview:large","max-video-preview":"max-video-preview:-1"},"canonical":"https:\/\/magventure.com\/br\/suporte\/","og_locale":"en_US","og_type":"article","og_title":"Servi\u00e7o e suporte global - MagVenture BR","og_description":"Independentemente da sua localiza\u00e7\u00e3o, estamos prontos para oferecer suporte, por meio de nossa rede de distribuidores profissional e altamente qualificada.","og_url":"https:\/\/magventure.com\/br\/suporte\/","og_site_name":"MagVenture BR","article_modified_time":"2025-02-17T12:30:34+00:00","og_image":[{"width":2000,"height":1334,"url":"https:\/\/magventure.com\/br\/wp-content\/uploads\/sites\/7\/2024\/10\/Magventur_02_6574-scaled-1.jpg","type":"image\/jpeg"}],"twitter_card":"summary_large_image","twitter_misc":{"Est. reading time":"5 minutes"},"schema":{"@context":"https:\/\/schema.org","@graph":[{"@type":"WebPage","@id":"https:\/\/magventure.com\/br\/suporte\/","url":"https:\/\/magventure.com\/br\/suporte\/","name":"Servi\u00e7o e suporte global - MagVenture BR","isPartOf":{"@id":"https:\/\/magventure.com\/br\/#website"},"primaryImageOfPage":{"@id":"https:\/\/magventure.com\/br\/suporte\/#primaryimage"},"image":{"@id":"https:\/\/magventure.com\/br\/suporte\/#primaryimage"},"thumbnailUrl":"https:\/\/magventure.com\/br\/wp-content\/uploads\/sites\/7\/2024\/10\/Magventur_02_6574-scaled-1.jpg","datePublished":"2024-10-16T12:29:04+00:00","dateModified":"2025-02-17T12:30:34+00:00","description":"Independentemente da sua localiza\u00e7\u00e3o, estamos prontos para oferecer suporte, por meio de nossa rede de distribuidores profissional e altamente qualificada.","breadcrumb":{"@id":"https:\/\/magventure.com\/br\/suporte\/#breadcrumb"},"inLanguage":"en-US","potentialAction":[{"@type":"ReadAction","target":["https:\/\/magventure.com\/br\/suporte\/"]}]},{"@type":"ImageObject","inLanguage":"en-US","@id":"https:\/\/magventure.com\/br\/suporte\/#primaryimage","url":"https:\/\/magventure.com\/br\/wp-content\/uploads\/sites\/7\/2024\/10\/Magventur_02_6574-scaled-1.jpg","contentUrl":"https:\/\/magventure.com\/br\/wp-content\/uploads\/sites\/7\/2024\/10\/Magventur_02_6574-scaled-1.jpg","width":2000,"height":1334,"caption":"Support"},{"@type":"BreadcrumbList","@id":"https:\/\/magventure.com\/br\/suporte\/#breadcrumb","itemListElement":[{"@type":"ListItem","position":1,"name":"Home","item":"https:\/\/magventure.com\/br\/"},{"@type":"ListItem","position":2,"name":"Suporte"}]},{"@type":"WebSite","@id":"https:\/\/magventure.com\/br\/#website","url":"https:\/\/magventure.com\/br\/","name":"MagVenture BR","description":"We are unlocking the science of magnetic stimulation for treatment of depression","potentialAction":[{"@type":"SearchAction","target":{"@type":"EntryPoint","urlTemplate":"https:\/\/magventure.com\/br\/?s={search_term_string}"},"query-input":{"@type":"PropertyValueSpecification","valueRequired":true,"valueName":"search_term_string"}}],"inLanguage":"en-US"}]}},"_links":{"self":[{"href":"https:\/\/magventure.com\/br\/wp-json\/wp\/v2\/pages\/24510","targetHints":{"allow":["GET"]}}],"collection":[{"href":"https:\/\/magventure.com\/br\/wp-json\/wp\/v2\/pages"}],"about":[{"href":"https:\/\/magventure.com\/br\/wp-json\/wp\/v2\/types\/page"}],"author":[{"embeddable":true,"href":"https:\/\/magventure.com\/br\/wp-json\/wp\/v2\/users\/3"}],"replies":[{"embeddable":true,"href":"https:\/\/magventure.com\/br\/wp-json\/wp\/v2\/comments?post=24510"}],"version-history":[{"count":10,"href":"https:\/\/magventure.com\/br\/wp-json\/wp\/v2\/pages\/24510\/revisions"}],"predecessor-version":[{"id":26172,"href":"https:\/\/magventure.com\/br\/wp-json\/wp\/v2\/pages\/24510\/revisions\/26172"}],"wp:featuredmedia":[{"embeddable":true,"href":"https:\/\/magventure.com\/br\/wp-json\/wp\/v2\/media\/24620"}],"wp:attachment":[{"href":"https:\/\/magventure.com\/br\/wp-json\/wp\/v2\/media?parent=24510"}],"curies":[{"name":"wp","href":"https:\/\/api.w.org\/{rel}","templated":true}]}}