{"id":24526,"date":"2024-10-10T12:01:50","date_gmt":"2024-10-10T12:01:50","guid":{"rendered":"https:\/\/magventure.com\/br\/?page_id=24526"},"modified":"2025-02-17T12:43:48","modified_gmt":"2025-02-17T12:43:48","slug":"ajuda-para-depressao","status":"publish","type":"page","link":"https:\/\/magventure.com\/br\/ajuda-para-depressao\/","title":{"rendered":"Depress\u00e3o"},"content":{"rendered":"\n<section class=\"wp-block-mag-cover mt-cover mt-cover--has-overlay is-style-dark\"><div class=\"mt-cover__image-container object-fit\"><video autoplay playsinline loop muted><source src=\"https:\/\/magventure.com\/br\/wp-content\/uploads\/sites\/7\/2024\/10\/sekvens1.mp4\" type=\"video\/mp4\"\/>Your browser does not support HTML5 video.<\/video><\/div><div class=\"mt-cover__inner page-container\"><div class=\"mt-cover__text-container\"><p class=\"mt-cover__tagline tagline tagline--white\"><video autoplay=\"\" playsinline=\"\" loop=\"\" muted=\"\"><\/video><br>sempre h\u00e1 esperan\u00e7a<\/p><h1 class=\"mt-cover__title title--h1 title--white highlight-text\">Sabemos que\u2026<br>a depress\u00e3o \u00e9 um grande sofrimento!<\/h1><p class=\"mt-cover__text wysiwyg wysiwyg--white\"><\/p><\/div><\/div><\/section>\n\n\n\n<section class=\"mtSpacing-top-small mtSpacing-bottom-small wp-block-mag-text-columns-with-button mt-text-columns\"><div class=\"mt-text-columns__inner page-container\"><div class=\"mt-text-columns__title-container\"><p class=\"mt-text-columns__tagline tagline\">Combatendo a depress\u00e3o<\/p><h2 class=\"mt-text-columns__title title title--h2\">Existe ajuda<\/h2><\/div><div class=\"mt-text-columns__text-container\"><p class=\"mt-text-columns__text wysiwyg\">Se voc\u00ea ou algu\u00e9m conhecido est\u00e1 passando por uma fase emocional dif\u00edcil ou avassaladora, \u00e9 importante buscar apoio. Ningu\u00e9m precisa passar por isso sozinho, e h\u00e1 pessoas que podem ajudar. Independentemente de estar triste, sentir-se sem esperan\u00e7a ou que a vida n\u00e3o vale a pena, h\u00e1 recursos dispon\u00edveis para ajudar voc\u00ea neste momento dif\u00edcil.<br>\u00c9 importante saber que n\u00e3o h\u00e1 problema em pedir ajuda e que n\u00e3o precisa se sentir envergonhado ou constrangido sobre como se sente. Muitas pessoas experienciam emo\u00e7\u00f5es dif\u00edceis em algum momento de suas vidas, e buscar ajuda \u00e9 um sinal de for\u00e7a. Com o suporte e tratamento certos, \u00e9 poss\u00edvel encontrar uma forma de superar isso e come\u00e7ar a se sentir melhor.<br>Clique aqui para obter ajuda<br><br><\/p><\/div><div class=\"mt-text-columns__button-container\">\n<div class=\"wp-block-buttons is-layout-flex wp-block-buttons-is-layout-flex\">\n<div class=\"wp-block-button\"><a class=\"wp-block-button__link wp-element-button\" href=\"https:\/\/cvv.org.br\/\">Clique aqui para obter ajuda<\/a><\/div>\n<\/div>\n<\/div><\/div><\/section>\n\n\n\n<section class=\"mtSpacing-top-small mtSpacing-bottom-small wp-block-morningmodules-text-media mt-text-media mt-text-media--align-media-right mt-text-media--align-media-mobile-bottom is-style-bg-secondary\"><div class=\"mt-text-media__inner\"><div class=\"mt-text-media__media-container\"><img decoding=\"async\" src=\"https:\/\/magventure.com\/br\/wp-content\/uploads\/sites\/7\/2024\/10\/PSUD-scaled.jpg\" alt=\"\" style=\"object-position:50% 50%\"\/><\/div><div class=\"mt-text-media__text-container\"><span class=\"mt-text-media__tagline mt-tagline\"><\/span><h2 class=\"mt-text-media__title\">Sinais de alerta<\/h2>\n<p>Reconhecer os sinais de que algu\u00e9m possa ter dificuldades para lidar com suas emo\u00e7\u00f5es \u00e9 um passo importante para receber o apoio de que voc\u00ea precisa. Alguns sinais comuns incluem:<\/p>\n\n\n\n<p><\/p>\n\n\n\n<ul class=\"wp-block-list\">\n<li>Desinteresse por atividades que gostava de fazer<\/li>\n\n\n\n<li>Mais irrita\u00e7\u00e3o ou nervosismo do que o normal<\/li>\n\n\n\n<li>Altera\u00e7\u00f5es no sono ou no apetite<\/li>\n\n\n\n<li>Sentimentos de desesperan\u00e7a ou inutilidade<\/li>\n<\/ul>\n\n\n\n<p><\/p>\n\n\n\n<p>\u00c9 importante lembrar que nem todos que est\u00e3o enfrentando essas dificuldades exibir\u00e3o esses sinais, e algumas pessoas podem ser muito boas em esconder como se sentem. Contudo, se voc\u00ea suspeita de que algu\u00e9m est\u00e1 sofrendo e percebe mudan\u00e7as no seu comportamento ou humor, pode ofehey need help for depression finding additional resources.<\/p>\n\n\n\n<div class=\"wp-block-buttons is-layout-flex wp-block-buttons-is-layout-flex\">\n<div class=\"wp-block-button\"><a class=\"wp-block-button__link wp-element-button\" href=\"https:\/\/www.google.com\/search?q=emergency+number+in+my+location\">Clique aqui para obter ajuda<\/a><\/div>\n<\/div>\n<\/div><\/div><\/section>\n\n\n\n<section class=\"mtSpacing-top-small mtSpacing-bottom-small wp-block-mag-text-columns-with-button mt-text-columns\"><div class=\"mt-text-columns__inner page-container\"><div class=\"mt-text-columns__title-container\"><h2 class=\"mt-text-columns__title title title--h2\">Como a EMT pode ajudar<\/h2><\/div><div class=\"mt-text-columns__text-container\"><p class=\"mt-text-columns__text wysiwyg\">Durante a depress\u00e3o, o c\u00e9rebro n\u00e3o opera em plena capacidade nas \u00e1reas respons\u00e1veis pela regula\u00e7\u00e3o emocional. Os sinais ao longo das vias neurais que geralmente regulam o humor e as emo\u00e7\u00f5es n\u00e3o funcionam adequadamente quando uma pessoa est\u00e1 deprimida.   <br>A EMT \u00e9 uma poss\u00edvel ajuda para a depress\u00e3o, n\u00e3o invasiva e funciona enviando pulsos magn\u00e9ticos curtos para as \u00e1reas do c\u00e9rebro afetadas pela depress\u00e3o, estimulando e ativando vias neurais para restaurar o centro de controle emocional.<\/p><\/div><div class=\"mt-text-columns__button-container\"><\/div><\/div><\/section>\n\n\n\n<figure class=\"wp-block-image aligncenter size-large is-resized\"><img fetchpriority=\"high\" decoding=\"async\" width=\"1024\" height=\"683\" src=\"https:\/\/magventure.com\/br\/wp-content\/uploads\/sites\/7\/2024\/10\/380A4716-1600px-1024x683.jpg\" alt=\"\" class=\"wp-image-24637\" style=\"width:1440px;height:auto\" srcset=\"https:\/\/magventure.com\/br\/wp-content\/uploads\/sites\/7\/2024\/10\/380A4716-1600px-1024x683.jpg 1024w, https:\/\/magventure.com\/br\/wp-content\/uploads\/sites\/7\/2024\/10\/380A4716-1600px-1200x800.jpg 1200w, https:\/\/magventure.com\/br\/wp-content\/uploads\/sites\/7\/2024\/10\/380A4716-1600px-1000x667.jpg 1000w, https:\/\/magventure.com\/br\/wp-content\/uploads\/sites\/7\/2024\/10\/380A4716-1600px-800x534.jpg 800w, https:\/\/magventure.com\/br\/wp-content\/uploads\/sites\/7\/2024\/10\/380A4716-1600px-600x400.jpg 600w, https:\/\/magventure.com\/br\/wp-content\/uploads\/sites\/7\/2024\/10\/380A4716-1600px-300x200.jpg 300w, https:\/\/magventure.com\/br\/wp-content\/uploads\/sites\/7\/2024\/10\/380A4716-1600px-768x512.jpg 768w, https:\/\/magventure.com\/br\/wp-content\/uploads\/sites\/7\/2024\/10\/380A4716-1600px-1536x1024.jpg 1536w, https:\/\/magventure.com\/br\/wp-content\/uploads\/sites\/7\/2024\/10\/380A4716-1600px.jpg 1600w\" sizes=\"(max-width: 1024px) 100vw, 1024px\" \/><\/figure>\n\n\n\n<section class=\"mtSpacing-top-small mtSpacing-bottom-small wp-block-mag-text-columns-with-button mt-text-columns\"><div class=\"mt-text-columns__inner page-container\"><div class=\"mt-text-columns__title-container\"><p class=\"mt-text-columns__tagline tagline\">voc\u00ea n\u00e3o est\u00e1 s\u00f3<\/p><h2 class=\"mt-text-columns__title title title--h2\">O que os outros podem dizer<\/h2><\/div><div class=\"mt-text-columns__button-container\"><\/div><\/div><\/section>\n\n\n\n<figure class=\"wp-block-image aligncenter size-large\"><img decoding=\"async\" width=\"1024\" height=\"512\" src=\"https:\/\/magventure.com\/br\/wp-content\/uploads\/sites\/7\/2024\/10\/depression-posters-1024x512.png\" alt=\"\" class=\"wp-image-25376\" srcset=\"https:\/\/magventure.com\/br\/wp-content\/uploads\/sites\/7\/2024\/10\/depression-posters-1024x512.png 1024w, https:\/\/magventure.com\/br\/wp-content\/uploads\/sites\/7\/2024\/10\/depression-posters-300x150.png 300w, https:\/\/magventure.com\/br\/wp-content\/uploads\/sites\/7\/2024\/10\/depression-posters-768x384.png 768w, https:\/\/magventure.com\/br\/wp-content\/uploads\/sites\/7\/2024\/10\/depression-posters-1200x600.png 1200w, https:\/\/magventure.com\/br\/wp-content\/uploads\/sites\/7\/2024\/10\/depression-posters-1000x500.png 1000w, https:\/\/magventure.com\/br\/wp-content\/uploads\/sites\/7\/2024\/10\/depression-posters-800x400.png 800w, https:\/\/magventure.com\/br\/wp-content\/uploads\/sites\/7\/2024\/10\/depression-posters-600x300.png 600w, https:\/\/magventure.com\/br\/wp-content\/uploads\/sites\/7\/2024\/10\/depression-posters.png 1400w\" sizes=\"(max-width: 1024px) 100vw, 1024px\" \/><\/figure>\n\n\n\n<section class=\"mtSpacing-top-small mtSpacing-bottom-small wp-block-morningmodules-text-link-boxes mt-text-link-boxes mt-text-link-boxes--mobile-slider\" data-count=\"3\"><div class=\"mt-text-link-boxes__wrapper\"><div class=\"mt-text-link-boxes__inner\"><div class=\"mt-text-link-boxes__text-container\"><span class=\"mt-text-link-boxes__tagline mt-tagline\">Voc\u00ea sabia?<\/span><h2 class=\"mt-text-link-boxes__title\">Benef\u00edcios do tratamento EMT<\/h2><\/div><div class=\"mt-text-link-boxes__boxes-wrapper\"><div class=\"swiper\"><div class=\"swiper-wrapper\">\n<div class=\"wp-block-morningmodules-text-link-box mt-text-link-box swiper-slide\"><div class=\"mt-text-link-box__title-container\"><div class=\"mt-text-link-box__icon-container\"><img decoding=\"async\" src=\"https:\/\/magventure.com\/br\/wp-content\/uploads\/sites\/7\/2024\/10\/Non-invasive_Orange_Small.png\" alt=\"\" class=\"mt-text-link-box__icon\"\/><\/div><h3 class=\"mt-text-link-box__title\">N\u00e3o invasivo, sem anestesia<\/h3><\/div><p class=\"mt-text-link-box__text\">Possibilita maior conforto ao paciente, menos efeitos colaterais e maior acessibilidade ao tratamento, pois n\u00e3o envolve procedimentos cir\u00fargicos nem incis\u00f5es.<\/p><\/div>\n\n\n\n<div class=\"wp-block-morningmodules-text-link-box mt-text-link-box swiper-slide\"><div class=\"mt-text-link-box__title-container\"><div class=\"mt-text-link-box__icon-container\"><img decoding=\"async\" src=\"https:\/\/magventure.com\/br\/wp-content\/uploads\/sites\/7\/2024\/10\/Cognitive_function_Orange_Small.png\" alt=\"\" class=\"mt-text-link-box__icon\"\/><\/div><h3 class=\"mt-text-link-box__title\">N\u00e3o afeta a fun\u00e7\u00e3o cognitiva<\/h3><\/div><p class=\"mt-text-link-box__text\">Permite que os pacientes continuem com suas atividades di\u00e1rias imediatamente ap\u00f3s o tratamento.<\/p><\/div>\n\n\n\n<div class=\"wp-block-morningmodules-text-link-box mt-text-link-box swiper-slide\"><div class=\"mt-text-link-box__title-container\"><div class=\"mt-text-link-box__icon-container\"><img decoding=\"async\" src=\"https:\/\/magventure.com\/br\/wp-content\/uploads\/sites\/7\/2024\/10\/Side_effects_Orange_Small.png\" alt=\"\" class=\"mt-text-link-box__icon\"\/><\/div><h3 class=\"mt-text-link-box__title\">Efeitos colaterais leves e tempor\u00e1rios<\/h3><\/div><p class=\"mt-text-link-box__text\">Os efeitos colaterais da EMT, como desconforto no couro cabeludo ou dor de cabe\u00e7a, s\u00e3o leves e tempor\u00e1rios. Sensa\u00e7\u00f5es de formigamento, espasmos musculares ou vertigem tamb\u00e9m podem ocorrer. Esses efeitos colaterais desaparecem rapidamente e n\u00e3o necessitam de tratamento espec\u00edfico. <strong><a href=\"https:\/\/magventure.com\/br\/informacoes-de-seguranca\/\">Clique aqui<\/a><\/strong><a href=\"https:\/\/magventure.com\/br\/informacoes-de-seguranca\/\"> <\/a>para saber mais informa\u00e7\u00f5es de seguran\u00e7a sobre EMT<a href=\"https:\/\/magventure.com\/br\/informacoes-de-seguranca\/\">.<\/a><\/p><\/div>\n<\/div><\/div><div class=\"mt-text-link-boxes__navigation swiper-bottom-container\"><div class=\"mt-text-link-boxes__swiper-progress swiper-progress\"><\/div><div class=\"mt-text-link-boxes__swiper-buttons swiper-buttons\"><div class=\"mt-text-link-boxes__swiper-button mt-text-link-boxes__swiper-button--prev swiper-button-prev\"><svg xmlns=\"http:\/\/www.w3.org\/2000\/svg\" fill=\"none\" viewBox=\"0 0 9 14\"><path stroke=\"#121212\" stroke-linecap=\"round\" stroke-linejoin=\"round\" stroke-width=\"1.5\" d=\"m1.6 1 6 6.316L1.6 13\"><\/path><\/svg><\/div><div class=\"mt-text-link-boxes__swiper-button mt-text-link-boxes__swiper-button--next swiper-button-next\"><svg xmlns=\"http:\/\/www.w3.org\/2000\/svg\" fill=\"none\" viewBox=\"0 0 9 14\"><path stroke=\"#121212\" stroke-linecap=\"round\" stroke-linejoin=\"round\" stroke-width=\"1.5\" d=\"m1.6 1 6 6.316L1.6 13\"><\/path><\/svg><\/div><\/div><\/div><\/div><\/div><\/div><\/section>\n\n\n\n<section class=\"wp-block-morningmodules-breaker aligncenter mt-breaker mt-breaker--white-text is-style-bg-default\"><div class=\"mt-breaker__container\"><div class=\"mt-breaker__overlay\" style=\"opacity:0.4\"><\/div><div class=\"mt-breaker__image-container object-fit\"><img decoding=\"async\" src=\"https:\/\/magventure.com\/br\/wp-content\/uploads\/sites\/7\/2024\/09\/contact.jpg\" alt=\"\" style=\"object-position:44% 50%\"\/><\/div><div class=\"mt-breaker__inner page-container\"><div class=\"mt-breaker__text-container\"><span class=\"mt-breaker__tagline mt-tagline\">Fale conosco<\/span><h2 class=\"mt-breaker__title\">Contate a MagVenture<\/h2>\n<p><\/p>\n\n\n\n<div class=\"wp-block-buttons is-layout-flex wp-block-buttons-is-layout-flex\">\n<div class=\"wp-block-button is-style-secondary\" data-open-slide-in=\"main\"><a class=\"wp-block-button__link wp-element-button\" rel=\"\thttps:\/\/marketing.magventure.com\/l\/1023021\/2023-03-16\/rz7\">Contato<\/a><\/div>\n<\/div>\n<\/div><\/div><\/div><\/section>\n","protected":false},"excerpt":{"rendered":"","protected":false},"author":5,"featured_media":0,"parent":0,"menu_order":0,"comment_status":"closed","ping_status":"closed","template":"","meta":{"_acf_changed":false,"_monsterinsights_skip_tracking":false,"_monsterinsights_sitenote_active":false,"_monsterinsights_sitenote_note":"","_monsterinsights_sitenote_category":0,"footnotes":""},"class_list":["post-24526","page","type-page","status-publish","hentry"],"acf":{"hide_navigation":false,"navigation_color":"white-text","theme_color":"theme-color-dark-blue","hide_footer_instagram":false},"yoast_head":"<!-- This site is optimized with the Yoast SEO plugin v27.4 - https:\/\/yoast.com\/product\/yoast-seo-wordpress\/ -->\n<title>Ajuda para depress\u00e3o - MagVenture BR<\/title>\n<meta name=\"description\" content=\"Ajuda para tratar a depress\u00e3o: se voc\u00ea ou algu\u00e9m conhecido est\u00e1 passando por uma fase emocional dif\u00edcil ou avassaladora, \u00e9 importante buscar apoio.\" \/>\n<meta name=\"robots\" content=\"index, follow, max-snippet:-1, max-image-preview:large, max-video-preview:-1\" \/>\n<link rel=\"canonical\" href=\"https:\/\/magventure.com\/br\/ajuda-para-depressao\/\" \/>\n<meta property=\"og:locale\" content=\"en_US\" \/>\n<meta property=\"og:type\" content=\"article\" \/>\n<meta property=\"og:title\" content=\"Ajuda para depress\u00e3o - MagVenture BR\" \/>\n<meta property=\"og:description\" content=\"Ajuda para tratar a depress\u00e3o: se voc\u00ea ou algu\u00e9m conhecido est\u00e1 passando por uma fase emocional dif\u00edcil ou avassaladora, \u00e9 importante buscar apoio.\" \/>\n<meta property=\"og:url\" content=\"https:\/\/magventure.com\/br\/ajuda-para-depressao\/\" \/>\n<meta property=\"og:site_name\" content=\"MagVenture BR\" \/>\n<meta property=\"article:modified_time\" content=\"2025-02-17T12:43:48+00:00\" \/>\n<meta property=\"og:image\" content=\"https:\/\/magventure.com\/br\/wp-content\/uploads\/sites\/7\/2024\/10\/PSUD-scaled.jpg\" \/>\n<meta name=\"twitter:card\" content=\"summary_large_image\" \/>\n<meta name=\"twitter:label1\" content=\"Est. reading time\" \/>\n\t<meta name=\"twitter:data1\" content=\"8 minutes\" \/>\n<script type=\"application\/ld+json\" class=\"yoast-schema-graph\">{\"@context\":\"https:\\\/\\\/schema.org\",\"@graph\":[{\"@type\":\"WebPage\",\"@id\":\"https:\\\/\\\/magventure.com\\\/br\\\/ajuda-para-depressao\\\/\",\"url\":\"https:\\\/\\\/magventure.com\\\/br\\\/ajuda-para-depressao\\\/\",\"name\":\"Ajuda para depress\u00e3o - MagVenture BR\",\"isPartOf\":{\"@id\":\"https:\\\/\\\/magventure.com\\\/br\\\/#website\"},\"primaryImageOfPage\":{\"@id\":\"https:\\\/\\\/magventure.com\\\/br\\\/ajuda-para-depressao\\\/#primaryimage\"},\"image\":{\"@id\":\"https:\\\/\\\/magventure.com\\\/br\\\/ajuda-para-depressao\\\/#primaryimage\"},\"thumbnailUrl\":\"https:\\\/\\\/magventure.com\\\/br\\\/wp-content\\\/uploads\\\/sites\\\/7\\\/2024\\\/10\\\/PSUD-scaled.jpg\",\"datePublished\":\"2024-10-10T12:01:50+00:00\",\"dateModified\":\"2025-02-17T12:43:48+00:00\",\"description\":\"Ajuda para tratar a depress\u00e3o: se voc\u00ea ou algu\u00e9m conhecido est\u00e1 passando por uma fase emocional dif\u00edcil ou avassaladora, \u00e9 importante buscar apoio.\",\"breadcrumb\":{\"@id\":\"https:\\\/\\\/magventure.com\\\/br\\\/ajuda-para-depressao\\\/#breadcrumb\"},\"inLanguage\":\"en-US\",\"potentialAction\":[{\"@type\":\"ReadAction\",\"target\":[\"https:\\\/\\\/magventure.com\\\/br\\\/ajuda-para-depressao\\\/\"]}]},{\"@type\":\"ImageObject\",\"inLanguage\":\"en-US\",\"@id\":\"https:\\\/\\\/magventure.com\\\/br\\\/ajuda-para-depressao\\\/#primaryimage\",\"url\":\"https:\\\/\\\/magventure.com\\\/br\\\/wp-content\\\/uploads\\\/sites\\\/7\\\/2024\\\/10\\\/PSUD-scaled.jpg\",\"contentUrl\":\"https:\\\/\\\/magventure.com\\\/br\\\/wp-content\\\/uploads\\\/sites\\\/7\\\/2024\\\/10\\\/PSUD-scaled.jpg\",\"width\":2000,\"height\":1337,\"caption\":\"Doctor, patient and holding hands for empathy, trust and hope in consulting, support and healthcare insurance. Kindness, counseling and therapy from medical worker, psychology help and mental health\"},{\"@type\":\"BreadcrumbList\",\"@id\":\"https:\\\/\\\/magventure.com\\\/br\\\/ajuda-para-depressao\\\/#breadcrumb\",\"itemListElement\":[{\"@type\":\"ListItem\",\"position\":1,\"name\":\"Home\",\"item\":\"https:\\\/\\\/magventure.com\\\/br\\\/\"},{\"@type\":\"ListItem\",\"position\":2,\"name\":\"Depress\u00e3o\"}]},{\"@type\":\"WebSite\",\"@id\":\"https:\\\/\\\/magventure.com\\\/br\\\/#website\",\"url\":\"https:\\\/\\\/magventure.com\\\/br\\\/\",\"name\":\"MagVenture BR\",\"description\":\"We are unlocking the science of magnetic stimulation for treatment of depression\",\"potentialAction\":[{\"@type\":\"SearchAction\",\"target\":{\"@type\":\"EntryPoint\",\"urlTemplate\":\"https:\\\/\\\/magventure.com\\\/br\\\/?s={search_term_string}\"},\"query-input\":{\"@type\":\"PropertyValueSpecification\",\"valueRequired\":true,\"valueName\":\"search_term_string\"}}],\"inLanguage\":\"en-US\"}]}<\/script>\n<!-- \/ Yoast SEO plugin. -->","yoast_head_json":{"title":"Ajuda para depress\u00e3o - MagVenture BR","description":"Ajuda para tratar a depress\u00e3o: se voc\u00ea ou algu\u00e9m conhecido est\u00e1 passando por uma fase emocional dif\u00edcil ou avassaladora, \u00e9 importante buscar apoio.","robots":{"index":"index","follow":"follow","max-snippet":"max-snippet:-1","max-image-preview":"max-image-preview:large","max-video-preview":"max-video-preview:-1"},"canonical":"https:\/\/magventure.com\/br\/ajuda-para-depressao\/","og_locale":"en_US","og_type":"article","og_title":"Ajuda para depress\u00e3o - MagVenture BR","og_description":"Ajuda para tratar a depress\u00e3o: se voc\u00ea ou algu\u00e9m conhecido est\u00e1 passando por uma fase emocional dif\u00edcil ou avassaladora, \u00e9 importante buscar apoio.","og_url":"https:\/\/magventure.com\/br\/ajuda-para-depressao\/","og_site_name":"MagVenture BR","article_modified_time":"2025-02-17T12:43:48+00:00","og_image":[{"url":"https:\/\/magventure.com\/br\/wp-content\/uploads\/sites\/7\/2024\/10\/PSUD-scaled.jpg","type":"","width":"","height":""}],"twitter_card":"summary_large_image","twitter_misc":{"Est. reading time":"8 minutes"},"schema":{"@context":"https:\/\/schema.org","@graph":[{"@type":"WebPage","@id":"https:\/\/magventure.com\/br\/ajuda-para-depressao\/","url":"https:\/\/magventure.com\/br\/ajuda-para-depressao\/","name":"Ajuda para depress\u00e3o - MagVenture BR","isPartOf":{"@id":"https:\/\/magventure.com\/br\/#website"},"primaryImageOfPage":{"@id":"https:\/\/magventure.com\/br\/ajuda-para-depressao\/#primaryimage"},"image":{"@id":"https:\/\/magventure.com\/br\/ajuda-para-depressao\/#primaryimage"},"thumbnailUrl":"https:\/\/magventure.com\/br\/wp-content\/uploads\/sites\/7\/2024\/10\/PSUD-scaled.jpg","datePublished":"2024-10-10T12:01:50+00:00","dateModified":"2025-02-17T12:43:48+00:00","description":"Ajuda para tratar a depress\u00e3o: se voc\u00ea ou algu\u00e9m conhecido est\u00e1 passando por uma fase emocional dif\u00edcil ou avassaladora, \u00e9 importante buscar apoio.","breadcrumb":{"@id":"https:\/\/magventure.com\/br\/ajuda-para-depressao\/#breadcrumb"},"inLanguage":"en-US","potentialAction":[{"@type":"ReadAction","target":["https:\/\/magventure.com\/br\/ajuda-para-depressao\/"]}]},{"@type":"ImageObject","inLanguage":"en-US","@id":"https:\/\/magventure.com\/br\/ajuda-para-depressao\/#primaryimage","url":"https:\/\/magventure.com\/br\/wp-content\/uploads\/sites\/7\/2024\/10\/PSUD-scaled.jpg","contentUrl":"https:\/\/magventure.com\/br\/wp-content\/uploads\/sites\/7\/2024\/10\/PSUD-scaled.jpg","width":2000,"height":1337,"caption":"Doctor, patient and holding hands for empathy, trust and hope in consulting, support and healthcare insurance. Kindness, counseling and therapy from medical worker, psychology help and mental health"},{"@type":"BreadcrumbList","@id":"https:\/\/magventure.com\/br\/ajuda-para-depressao\/#breadcrumb","itemListElement":[{"@type":"ListItem","position":1,"name":"Home","item":"https:\/\/magventure.com\/br\/"},{"@type":"ListItem","position":2,"name":"Depress\u00e3o"}]},{"@type":"WebSite","@id":"https:\/\/magventure.com\/br\/#website","url":"https:\/\/magventure.com\/br\/","name":"MagVenture BR","description":"We are unlocking the science of magnetic stimulation for treatment of depression","potentialAction":[{"@type":"SearchAction","target":{"@type":"EntryPoint","urlTemplate":"https:\/\/magventure.com\/br\/?s={search_term_string}"},"query-input":{"@type":"PropertyValueSpecification","valueRequired":true,"valueName":"search_term_string"}}],"inLanguage":"en-US"}]}},"_links":{"self":[{"href":"https:\/\/magventure.com\/br\/wp-json\/wp\/v2\/pages\/24526","targetHints":{"allow":["GET"]}}],"collection":[{"href":"https:\/\/magventure.com\/br\/wp-json\/wp\/v2\/pages"}],"about":[{"href":"https:\/\/magventure.com\/br\/wp-json\/wp\/v2\/types\/page"}],"author":[{"embeddable":true,"href":"https:\/\/magventure.com\/br\/wp-json\/wp\/v2\/users\/5"}],"replies":[{"embeddable":true,"href":"https:\/\/magventure.com\/br\/wp-json\/wp\/v2\/comments?post=24526"}],"version-history":[{"count":10,"href":"https:\/\/magventure.com\/br\/wp-json\/wp\/v2\/pages\/24526\/revisions"}],"predecessor-version":[{"id":26175,"href":"https:\/\/magventure.com\/br\/wp-json\/wp\/v2\/pages\/24526\/revisions\/26175"}],"wp:attachment":[{"href":"https:\/\/magventure.com\/br\/wp-json\/wp\/v2\/media?parent=24526"}],"curies":[{"name":"wp","href":"https:\/\/api.w.org\/{rel}","templated":true}]}}