{"id":24548,"date":"2024-10-16T11:38:59","date_gmt":"2024-10-16T11:38:59","guid":{"rendered":"https:\/\/magventure.com\/br\/?page_id=24548"},"modified":"2024-12-06T11:35:44","modified_gmt":"2024-12-06T11:35:44","slug":"tratamentos-para-toc","status":"publish","type":"page","link":"https:\/\/magventure.com\/br\/tratamentos-para-toc\/","title":{"rendered":"TOC"},"content":{"rendered":"\n<section class=\"wp-block-mag-alternative-subpage-cover mt-alternative-subpage-cover\"><div class=\"mt-alternative-subpage-cover__inner page-container\"><p class=\"mt-alternative-subpage-cover__tagline tagline\">TMS and ocd<\/p><div class=\"mt-alternative-subpage-cover__title-container\"><h1 class=\"mt-alternative-subpage-cover__title title title--h1 highlight-text\">Saiba mais sobre EMT e <strong>TOC<\/strong><\/h1><div class=\"mt-alternative-subpage-cover__text-container wysiwyg\"><p class=\"mt-alternative-subpage-cover__text\"><\/p><\/div><\/div><\/div><\/section>\n\n\n\n<section class=\"mtSpacing-bottom-medium wp-block-mag-text-columns-with-button mt-text-columns\"><div class=\"mt-text-columns__inner page-container\"><div class=\"mt-text-columns__title-container\"><p class=\"mt-text-columns__tagline tagline\">O que \u00e9 TOC?<\/p><h2 class=\"mt-text-columns__title title title--h2\">Transtorno Obsessivo-Compulsivo (TOC)<\/h2><\/div><div class=\"mt-text-columns__text-container\"><p class=\"mt-text-columns__text wysiwyg\">O Transtorno Obsessivo-Compulsivo (TOC) \u00e9 um dist\u00farbio psicol\u00f3gico e comportamental no qual uma pessoa tem pensamentos intrusivos e\/ou a necessidade de executar repetidamente (compulsivamente) certas rotinas a tal ponto que sente ang\u00fastia e uma capacidade prejudicada de funcionamento.<br>O TOC geralmente est\u00e1 associado a um alto n\u00edvel de ansiedade, al\u00e9m de sentimentos de repulsa. Segundo a Organiza\u00e7\u00e3o Mundial da Sa\u00fade (OMS), mais de 5 milh\u00f5es de pessoas ter\u00e3o TOC em algum momento de suas vidas. \u00c9 comum que pessoas com TOC sofram de outros transtornos, como depress\u00e3o maior, transtorno bipolar, ansiedade generalizada e transtornos alimentares, entre outros.<br>A OMS lista os transtornos de ansiedade, incluindo o TOC, como o sexto maior contribuinte para a perda n\u00e3o fatal de sa\u00fade globalmente. 40 a 60% dos pacientes com TOC n\u00e3o melhoram com medicamentos ou terapias comportamentais.<br>Clique para ler o artigo completo sobre TOC da OMS<br><br><\/p><\/div><div class=\"mt-text-columns__button-container\">\n<div class=\"wp-block-buttons is-layout-flex wp-block-buttons-is-layout-flex\">\n<div class=\"wp-block-button\"><a class=\"wp-block-button__link wp-element-button\" href=\"https:\/\/www.who.int\/publications-detail-redirect\/9789241563710\">Clique para ler o artigo completo sobre TOC da OMS<\/a><\/div>\n<\/div>\n<\/div><\/div><\/section>\n\n\n\n<figure class=\"wp-block-image aligncenter size-large\"><img fetchpriority=\"high\" decoding=\"async\" width=\"1024\" height=\"683\" src=\"https:\/\/magventure.com\/br\/wp-content\/uploads\/sites\/7\/2024\/10\/380A4716-representation-1024x683.jpg\" alt=\"\" class=\"wp-image-24643\" srcset=\"https:\/\/magventure.com\/br\/wp-content\/uploads\/sites\/7\/2024\/10\/380A4716-representation-1024x683.jpg 1024w, https:\/\/magventure.com\/br\/wp-content\/uploads\/sites\/7\/2024\/10\/380A4716-representation.jpg 2000w, https:\/\/magventure.com\/br\/wp-content\/uploads\/sites\/7\/2024\/10\/380A4716-representation-1200x800.jpg 1200w, https:\/\/magventure.com\/br\/wp-content\/uploads\/sites\/7\/2024\/10\/380A4716-representation-1000x667.jpg 1000w, https:\/\/magventure.com\/br\/wp-content\/uploads\/sites\/7\/2024\/10\/380A4716-representation-800x534.jpg 800w, https:\/\/magventure.com\/br\/wp-content\/uploads\/sites\/7\/2024\/10\/380A4716-representation-600x400.jpg 600w, https:\/\/magventure.com\/br\/wp-content\/uploads\/sites\/7\/2024\/10\/380A4716-representation-300x200.jpg 300w, https:\/\/magventure.com\/br\/wp-content\/uploads\/sites\/7\/2024\/10\/380A4716-representation-768x512.jpg 768w, https:\/\/magventure.com\/br\/wp-content\/uploads\/sites\/7\/2024\/10\/380A4716-representation-1536x1025.jpg 1536w\" sizes=\"(max-width: 1024px) 100vw, 1024px\" \/><\/figure>\n\n\n\n<section class=\"mtSpacing-top-small mtSpacing-bottom-small wp-block-morningmodules-text-media mt-text-media mt-text-media--align-media-right mt-text-media--align-media-mobile-bottom is-style-bg-tertiary\"><div class=\"mt-text-media__inner\"><div class=\"mt-text-media__media-container\"><img decoding=\"async\" src=\"https:\/\/magventure.com\/br\/wp-content\/uploads\/sites\/7\/2024\/10\/Psychologist.jpg\" alt=\"\" style=\"object-position:50% 50%\"\/><\/div><div class=\"mt-text-media__text-container\"><span class=\"mt-text-media__tagline mt-tagline\">COMO A EMT FUNCIONA<\/span><h2 class=\"mt-text-media__title\">Como a EMT ajuda pacientes com TOC<\/h2>\n<p>A EMT \u00e9 uma terapia n\u00e3o invasiva que trata o TOC usando pulsos magn\u00e9ticos repetitivos (rEMT) para atingir a \u00e1rea visada do c\u00e9rebro que contribui para os sintomas e comportamentos do TOC.<\/p>\n\n\n\n<p>A MagVenture obteve aprova\u00e7\u00e3o CE para fornecer tratamento complementar para Transtorno Obsessivo-Compulsivo.<\/p>\n<\/div><\/div><\/section>\n\n\n\n<section class=\"mtSpacing-top-medium mtSpacing-bottom-medium wp-block-morningmodules-text-link-boxes mt-text-link-boxes mt-text-link-boxes--mobile-slider is-style-bg-secondary\" data-count=\"3\"><div class=\"mt-text-link-boxes__wrapper\"><div class=\"mt-text-link-boxes__inner\"><div class=\"mt-text-link-boxes__text-container\"><span class=\"mt-text-link-boxes__tagline mt-tagline\"><br>VOC\u00ca SABIA?<\/span><h2 class=\"mt-text-link-boxes__title\">Benef\u00edcios do tratamento EMT<\/h2><\/div><div class=\"mt-text-link-boxes__boxes-wrapper\"><div class=\"swiper\"><div class=\"swiper-wrapper\">\n<div class=\"wp-block-morningmodules-text-link-box mt-text-link-box swiper-slide\"><div class=\"mt-text-link-box__title-container\"><div class=\"mt-text-link-box__icon-container\"><img decoding=\"async\" src=\"https:\/\/magventure.com\/br\/wp-content\/uploads\/sites\/7\/2024\/10\/NoAddiction_Orange_Small.png\" alt=\"\" class=\"mt-text-link-box__icon\"\/><\/div><h3 class=\"mt-text-link-box__title\">N\u00e3o invasivo, sem anestesia<\/h3><\/div><p class=\"mt-text-link-box__text\">Possibilita maior conforto ao paciente e maior acessibilidade ao tratamento, pois n\u00e3o envolve procedimentos cir\u00fargicos nem incis\u00f5es.<\/p><\/div>\n\n\n\n<div class=\"wp-block-morningmodules-text-link-box mt-text-link-box swiper-slide\"><div class=\"mt-text-link-box__title-container\"><div class=\"mt-text-link-box__icon-container\"><img decoding=\"async\" src=\"https:\/\/magventure.com\/br\/wp-content\/uploads\/sites\/7\/2024\/10\/Cognitive_function_Orange_Small.png\" alt=\"\" class=\"mt-text-link-box__icon\"\/><\/div><h3 class=\"mt-text-link-box__title\">N\u00e3o afeta a fun\u00e7\u00e3o cognitiva<\/h3><\/div><p class=\"mt-text-link-box__text\">Permite que os pacientes continuem com suas atividades di\u00e1rias imediatamente ap\u00f3s o tratamento.<\/p><\/div>\n\n\n\n<div class=\"wp-block-morningmodules-text-link-box mt-text-link-box swiper-slide\"><div class=\"mt-text-link-box__title-container\"><div class=\"mt-text-link-box__icon-container\"><img decoding=\"async\" src=\"https:\/\/magventure.com\/br\/wp-content\/uploads\/sites\/7\/2024\/10\/Smiley_1_Orange_Small.png\" alt=\"\" class=\"mt-text-link-box__icon\"\/><\/div><h3 class=\"mt-text-link-box__title\">Efeitos colaterais leves e tempor\u00e1rios<\/h3><\/div><p class=\"mt-text-link-box__text\">Os efeitos colaterais da EMT, como desconforto no couro cabeludo ou dor de cabe\u00e7a, s\u00e3o leves e tempor\u00e1rios. Sensa\u00e7\u00f5es de formigamento, espasmos musculares ou vertigem tamb\u00e9m podem ocorrer. Esses efeitos colaterais desaparecem rapidamente e n\u00e3o necessitam de tratamento espec\u00edfico. <strong><a href=\"https:\/\/magventure.com\/br\/informacoes-de-seguranca\/\">C<\/a><\/strong><a href=\"https:\/\/magventure.com\/br\/informacoes-de-seguranca\/\"><strong>lique aqui<\/strong> <\/a>para saber mais informa\u00e7\u00f5es de seguran\u00e7a sobre EMT<a href=\"https:\/\/magventure.com\/br\/informacoes-de-seguranca\/\">.<\/a><\/p><\/div>\n<\/div><\/div><div class=\"mt-text-link-boxes__navigation swiper-bottom-container\"><div class=\"mt-text-link-boxes__swiper-progress swiper-progress\"><\/div><div class=\"mt-text-link-boxes__swiper-buttons swiper-buttons\"><div class=\"mt-text-link-boxes__swiper-button mt-text-link-boxes__swiper-button--prev swiper-button-prev\"><svg xmlns=\"http:\/\/www.w3.org\/2000\/svg\" fill=\"none\" viewBox=\"0 0 9 14\"><path stroke=\"#121212\" stroke-linecap=\"round\" stroke-linejoin=\"round\" stroke-width=\"1.5\" d=\"m1.6 1 6 6.316L1.6 13\"><\/path><\/svg><\/div><div class=\"mt-text-link-boxes__swiper-button mt-text-link-boxes__swiper-button--next swiper-button-next\"><svg xmlns=\"http:\/\/www.w3.org\/2000\/svg\" fill=\"none\" viewBox=\"0 0 9 14\"><path stroke=\"#121212\" stroke-linecap=\"round\" stroke-linejoin=\"round\" stroke-width=\"1.5\" d=\"m1.6 1 6 6.316L1.6 13\"><\/path><\/svg><\/div><\/div><\/div><\/div><\/div><\/div><\/section>\n\n\n\n<section class=\"wp-block-morningmodules-breaker aligncenter mt-breaker mt-breaker--white-text is-style-bg-default\"><div class=\"mt-breaker__container\"><div class=\"mt-breaker__overlay\" style=\"opacity:0.4\"><\/div><div class=\"mt-breaker__image-container object-fit\"><img decoding=\"async\" src=\"https:\/\/magventure.com\/br\/wp-content\/uploads\/sites\/7\/2024\/09\/contact.jpg\" alt=\"\" style=\"object-position:44% 50%\"\/><\/div><div class=\"mt-breaker__inner page-container\"><div class=\"mt-breaker__text-container\"><span class=\"mt-breaker__tagline mt-tagline\">Fale conosco<\/span><h2 class=\"mt-breaker__title\">Contate a MagVenture<\/h2>\n<p><\/p>\n\n\n\n<div class=\"wp-block-buttons is-layout-flex wp-block-buttons-is-layout-flex\">\n<div class=\"wp-block-button is-style-secondary\" data-open-slide-in=\"main\"><a class=\"wp-block-button__link wp-element-button\" rel=\"\thttps:\/\/marketing.magventure.com\/l\/1023021\/2023-03-16\/rz7\">Contato<\/a><\/div>\n<\/div>\n<\/div><\/div><\/div><\/section>\n","protected":false},"excerpt":{"rendered":"","protected":false},"author":14,"featured_media":24643,"parent":0,"menu_order":0,"comment_status":"closed","ping_status":"closed","template":"","meta":{"_acf_changed":false,"_monsterinsights_skip_tracking":false,"_monsterinsights_sitenote_active":false,"_monsterinsights_sitenote_note":"","_monsterinsights_sitenote_category":0,"footnotes":""},"class_list":["post-24548","page","type-page","status-publish","has-post-thumbnail","hentry"],"acf":{"hide_navigation":false,"navigation_color":"white-text","theme_color":"theme-color-dark-blue","hide_footer_instagram":false},"yoast_head":"<!-- This site is optimized with the Yoast SEO plugin v27.4 - https:\/\/yoast.com\/product\/yoast-seo-wordpress\/ -->\n<title>Tratamentos para TOCt - MagVenture BR<\/title>\n<meta name=\"description\" content=\"A EMT \u00e9 uma terapia n\u00e3o invasiva que trata o TOC usando pulsos magn\u00e9ticos repetitivos. Saiba mais sobre a EMT no tratamento de TOC\" \/>\n<meta name=\"robots\" content=\"index, follow, max-snippet:-1, max-image-preview:large, max-video-preview:-1\" \/>\n<link rel=\"canonical\" href=\"https:\/\/magventure.com\/br\/tratamentos-para-toc\/\" \/>\n<meta property=\"og:locale\" content=\"en_US\" \/>\n<meta property=\"og:type\" content=\"article\" \/>\n<meta property=\"og:title\" content=\"Tratamentos para TOCt - MagVenture BR\" \/>\n<meta property=\"og:description\" content=\"A EMT \u00e9 uma terapia n\u00e3o invasiva que trata o TOC usando pulsos magn\u00e9ticos repetitivos. Saiba mais sobre a EMT no tratamento de TOC\" \/>\n<meta property=\"og:url\" content=\"https:\/\/magventure.com\/br\/tratamentos-para-toc\/\" \/>\n<meta property=\"og:site_name\" content=\"MagVenture BR\" \/>\n<meta property=\"article:modified_time\" content=\"2024-12-06T11:35:44+00:00\" \/>\n<meta property=\"og:image\" content=\"https:\/\/magventure.com\/br\/wp-content\/uploads\/sites\/7\/2024\/10\/380A4716-representation.jpg\" \/>\n\t<meta property=\"og:image:width\" content=\"2000\" \/>\n\t<meta property=\"og:image:height\" content=\"1334\" \/>\n\t<meta property=\"og:image:type\" content=\"image\/jpeg\" \/>\n<meta name=\"twitter:card\" content=\"summary_large_image\" \/>\n<meta name=\"twitter:label1\" content=\"Est. reading time\" \/>\n\t<meta name=\"twitter:data1\" content=\"3 minutes\" \/>\n<script type=\"application\/ld+json\" class=\"yoast-schema-graph\">{\"@context\":\"https:\\\/\\\/schema.org\",\"@graph\":[{\"@type\":\"WebPage\",\"@id\":\"https:\\\/\\\/magventure.com\\\/br\\\/tratamentos-para-toc\\\/\",\"url\":\"https:\\\/\\\/magventure.com\\\/br\\\/tratamentos-para-toc\\\/\",\"name\":\"Tratamentos para TOCt - MagVenture BR\",\"isPartOf\":{\"@id\":\"https:\\\/\\\/magventure.com\\\/br\\\/#website\"},\"primaryImageOfPage\":{\"@id\":\"https:\\\/\\\/magventure.com\\\/br\\\/tratamentos-para-toc\\\/#primaryimage\"},\"image\":{\"@id\":\"https:\\\/\\\/magventure.com\\\/br\\\/tratamentos-para-toc\\\/#primaryimage\"},\"thumbnailUrl\":\"https:\\\/\\\/magventure.com\\\/br\\\/wp-content\\\/uploads\\\/sites\\\/7\\\/2024\\\/10\\\/380A4716-representation.jpg\",\"datePublished\":\"2024-10-16T11:38:59+00:00\",\"dateModified\":\"2024-12-06T11:35:44+00:00\",\"description\":\"A EMT \u00e9 uma terapia n\u00e3o invasiva que trata o TOC usando pulsos magn\u00e9ticos repetitivos. Saiba mais sobre a EMT no tratamento de TOC\",\"breadcrumb\":{\"@id\":\"https:\\\/\\\/magventure.com\\\/br\\\/tratamentos-para-toc\\\/#breadcrumb\"},\"inLanguage\":\"en-US\",\"potentialAction\":[{\"@type\":\"ReadAction\",\"target\":[\"https:\\\/\\\/magventure.com\\\/br\\\/tratamentos-para-toc\\\/\"]}]},{\"@type\":\"ImageObject\",\"inLanguage\":\"en-US\",\"@id\":\"https:\\\/\\\/magventure.com\\\/br\\\/tratamentos-para-toc\\\/#primaryimage\",\"url\":\"https:\\\/\\\/magventure.com\\\/br\\\/wp-content\\\/uploads\\\/sites\\\/7\\\/2024\\\/10\\\/380A4716-representation.jpg\",\"contentUrl\":\"https:\\\/\\\/magventure.com\\\/br\\\/wp-content\\\/uploads\\\/sites\\\/7\\\/2024\\\/10\\\/380A4716-representation.jpg\",\"width\":2000,\"height\":1334},{\"@type\":\"BreadcrumbList\",\"@id\":\"https:\\\/\\\/magventure.com\\\/br\\\/tratamentos-para-toc\\\/#breadcrumb\",\"itemListElement\":[{\"@type\":\"ListItem\",\"position\":1,\"name\":\"Home\",\"item\":\"https:\\\/\\\/magventure.com\\\/br\\\/\"},{\"@type\":\"ListItem\",\"position\":2,\"name\":\"TOC\"}]},{\"@type\":\"WebSite\",\"@id\":\"https:\\\/\\\/magventure.com\\\/br\\\/#website\",\"url\":\"https:\\\/\\\/magventure.com\\\/br\\\/\",\"name\":\"MagVenture BR\",\"description\":\"We are unlocking the science of magnetic stimulation for treatment of depression\",\"potentialAction\":[{\"@type\":\"SearchAction\",\"target\":{\"@type\":\"EntryPoint\",\"urlTemplate\":\"https:\\\/\\\/magventure.com\\\/br\\\/?s={search_term_string}\"},\"query-input\":{\"@type\":\"PropertyValueSpecification\",\"valueRequired\":true,\"valueName\":\"search_term_string\"}}],\"inLanguage\":\"en-US\"}]}<\/script>\n<!-- \/ Yoast SEO plugin. -->","yoast_head_json":{"title":"Tratamentos para TOCt - MagVenture BR","description":"A EMT \u00e9 uma terapia n\u00e3o invasiva que trata o TOC usando pulsos magn\u00e9ticos repetitivos. Saiba mais sobre a EMT no tratamento de TOC","robots":{"index":"index","follow":"follow","max-snippet":"max-snippet:-1","max-image-preview":"max-image-preview:large","max-video-preview":"max-video-preview:-1"},"canonical":"https:\/\/magventure.com\/br\/tratamentos-para-toc\/","og_locale":"en_US","og_type":"article","og_title":"Tratamentos para TOCt - MagVenture BR","og_description":"A EMT \u00e9 uma terapia n\u00e3o invasiva que trata o TOC usando pulsos magn\u00e9ticos repetitivos. Saiba mais sobre a EMT no tratamento de TOC","og_url":"https:\/\/magventure.com\/br\/tratamentos-para-toc\/","og_site_name":"MagVenture BR","article_modified_time":"2024-12-06T11:35:44+00:00","og_image":[{"width":2000,"height":1334,"url":"https:\/\/magventure.com\/br\/wp-content\/uploads\/sites\/7\/2024\/10\/380A4716-representation.jpg","type":"image\/jpeg"}],"twitter_card":"summary_large_image","twitter_misc":{"Est. reading time":"3 minutes"},"schema":{"@context":"https:\/\/schema.org","@graph":[{"@type":"WebPage","@id":"https:\/\/magventure.com\/br\/tratamentos-para-toc\/","url":"https:\/\/magventure.com\/br\/tratamentos-para-toc\/","name":"Tratamentos para TOCt - MagVenture BR","isPartOf":{"@id":"https:\/\/magventure.com\/br\/#website"},"primaryImageOfPage":{"@id":"https:\/\/magventure.com\/br\/tratamentos-para-toc\/#primaryimage"},"image":{"@id":"https:\/\/magventure.com\/br\/tratamentos-para-toc\/#primaryimage"},"thumbnailUrl":"https:\/\/magventure.com\/br\/wp-content\/uploads\/sites\/7\/2024\/10\/380A4716-representation.jpg","datePublished":"2024-10-16T11:38:59+00:00","dateModified":"2024-12-06T11:35:44+00:00","description":"A EMT \u00e9 uma terapia n\u00e3o invasiva que trata o TOC usando pulsos magn\u00e9ticos repetitivos. Saiba mais sobre a EMT no tratamento de TOC","breadcrumb":{"@id":"https:\/\/magventure.com\/br\/tratamentos-para-toc\/#breadcrumb"},"inLanguage":"en-US","potentialAction":[{"@type":"ReadAction","target":["https:\/\/magventure.com\/br\/tratamentos-para-toc\/"]}]},{"@type":"ImageObject","inLanguage":"en-US","@id":"https:\/\/magventure.com\/br\/tratamentos-para-toc\/#primaryimage","url":"https:\/\/magventure.com\/br\/wp-content\/uploads\/sites\/7\/2024\/10\/380A4716-representation.jpg","contentUrl":"https:\/\/magventure.com\/br\/wp-content\/uploads\/sites\/7\/2024\/10\/380A4716-representation.jpg","width":2000,"height":1334},{"@type":"BreadcrumbList","@id":"https:\/\/magventure.com\/br\/tratamentos-para-toc\/#breadcrumb","itemListElement":[{"@type":"ListItem","position":1,"name":"Home","item":"https:\/\/magventure.com\/br\/"},{"@type":"ListItem","position":2,"name":"TOC"}]},{"@type":"WebSite","@id":"https:\/\/magventure.com\/br\/#website","url":"https:\/\/magventure.com\/br\/","name":"MagVenture BR","description":"We are unlocking the science of magnetic stimulation for treatment of depression","potentialAction":[{"@type":"SearchAction","target":{"@type":"EntryPoint","urlTemplate":"https:\/\/magventure.com\/br\/?s={search_term_string}"},"query-input":{"@type":"PropertyValueSpecification","valueRequired":true,"valueName":"search_term_string"}}],"inLanguage":"en-US"}]}},"_links":{"self":[{"href":"https:\/\/magventure.com\/br\/wp-json\/wp\/v2\/pages\/24548","targetHints":{"allow":["GET"]}}],"collection":[{"href":"https:\/\/magventure.com\/br\/wp-json\/wp\/v2\/pages"}],"about":[{"href":"https:\/\/magventure.com\/br\/wp-json\/wp\/v2\/types\/page"}],"author":[{"embeddable":true,"href":"https:\/\/magventure.com\/br\/wp-json\/wp\/v2\/users\/14"}],"replies":[{"embeddable":true,"href":"https:\/\/magventure.com\/br\/wp-json\/wp\/v2\/comments?post=24548"}],"version-history":[{"count":5,"href":"https:\/\/magventure.com\/br\/wp-json\/wp\/v2\/pages\/24548\/revisions"}],"predecessor-version":[{"id":26036,"href":"https:\/\/magventure.com\/br\/wp-json\/wp\/v2\/pages\/24548\/revisions\/26036"}],"wp:featuredmedia":[{"embeddable":true,"href":"https:\/\/magventure.com\/br\/wp-json\/wp\/v2\/media\/24643"}],"wp:attachment":[{"href":"https:\/\/magventure.com\/br\/wp-json\/wp\/v2\/media?parent=24548"}],"curies":[{"name":"wp","href":"https:\/\/api.w.org\/{rel}","templated":true}]}}