{"id":24560,"date":"2024-10-11T10:27:22","date_gmt":"2024-10-11T10:27:22","guid":{"rendered":"https:\/\/magventure.com\/br\/?page_id=24560"},"modified":"2025-01-16T01:04:14","modified_gmt":"2025-01-16T01:04:14","slug":"tratamento-de-dependencia","status":"publish","type":"page","link":"https:\/\/magventure.com\/br\/tratamento-de-dependencia\/","title":{"rendered":"Depend\u00eancia"},"content":{"rendered":"\n<section class=\"wp-block-mag-alternative-subpage-cover mt-alternative-subpage-cover\"><div class=\"mt-alternative-subpage-cover__inner page-container\"><p class=\"mt-alternative-subpage-cover__tagline tagline\">EMT e depend\u00eancia<\/p><div class=\"mt-alternative-subpage-cover__title-container\"><h1 class=\"mt-alternative-subpage-cover__title title title--h1 highlight-text\">Saiba mais sobre a EMT e <strong>depend\u00eancia<\/strong><\/h1><div class=\"mt-alternative-subpage-cover__text-container wysiwyg\"><p class=\"mt-alternative-subpage-cover__text\"><\/p><\/div><\/div><\/div><\/section>\n\n\n\n<section class=\"mtSpacing-top-small mtSpacing-bottom-small wp-block-mag-text-columns-with-button mt-text-columns\"><div class=\"mt-text-columns__inner page-container\"><div class=\"mt-text-columns__title-container\"><p class=\"mt-text-columns__tagline tagline\">o que \u00e9 depend\u00eancia?<\/p><h2 class=\"mt-text-columns__title title title--h2\">Depend\u00eancia<\/h2><\/div><div class=\"mt-text-columns__text-container\"><p class=\"mt-text-columns__text wysiwyg\">O Transtorno por Uso de Subst\u00e2ncias (SUD) e o Transtorno por Uso de Subst\u00e2ncias Psicoativas (PSUD), comumente conhecido como depend\u00eancia de drogas e\/ou \u00e1lcool, s\u00e3o transtornos de sa\u00fade mental reconhecidos pelo DSM5. O uso persistente de drogas e\/ou \u00e1lcool, apesar dos danos significativos e das consequ\u00eancias negativas como resultado direto do uso, caracterizaram esses transtornos.<br><br>O SUD\/depend\u00eancia est\u00e3o associados a uma s\u00e9rie de problemas emocionais e psicol\u00f3gicos e muitas vezes coexistem com outras doen\u00e7as mentais. Doen\u00e7as mentais s\u00e3o consideradas um fator de risco para a depend\u00eancia. Os danos subsequentes e as consequ\u00eancias da depend\u00eancia podem ser duradouros, incluindo impactos negativos na sa\u00fade f\u00edsica e mental dos indiv\u00edduos, al\u00e9m de sua situa\u00e7\u00e3o econ\u00f4mica, suas fam\u00edlias, comunidades e sociedade em geral.<br><br>De acordo com a OMS, em 2017, estima-se que 271 milh\u00f5es de pessoas em todo o mundo (5,5% dos adultos) tenham feito uso de uma ou mais drogas il\u00edcitas. Destas, 35 milh\u00f5es foram consideradas como portadoras de Transtorno por Uso de Subst\u00e2ncias. E desse contingente de 35 milh\u00f5es, estima-se que apenas uma em cada sete pessoas tenha recebido tratamento. TOC juntamente com outros transtornos, como depress\u00e3o maior, transtorno bipolar, ansiedade generalizada e transtornos alimentares, entre outros.<br>A OMS lista os transtornos de ansiedade, incluindo o TOC, como o sexto maior contribuinte para a perda n\u00e3o fatal de sa\u00fade globalmente. 40 a 60% dos pacientes com TOC n\u00e3o melhoram com medicamentos ou terapias comportamentais. Para esses pacientes, a Estimula\u00e7\u00e3o Magn\u00e9tica Transcraniana (EMT) oferece uma alternativa v\u00e1lida.<\/p><\/div><div class=\"mt-text-columns__button-container\"><\/div><\/div><\/section>\n\n\n\n<section class=\"mtSpacing-top-small mtSpacing-bottom-small wp-block-morningmodules-text-media mt-text-media mt-text-media--align-media-right mt-text-media--align-media-mobile-bottom is-style-bg-secondary\"><div class=\"mt-text-media__inner\"><div class=\"mt-text-media__media-container\"><img decoding=\"async\" src=\"https:\/\/magventure.com\/br\/wp-content\/uploads\/sites\/7\/2024\/10\/Psychologist-e1677748116983.jpg\" alt=\"\" style=\"object-position:50% 50%\" \/><\/div><div class=\"mt-text-media__text-container\"><span class=\"mt-text-media__tagline mt-tagline\">a EMT reduz as compuls\u00f5es<\/span><h2 class=\"mt-text-media__title\">Tratamento contra a depend\u00eancia<\/h2>\n<p>A primeira linha de tratamento para a depend\u00eancia \u00e9 geralmente an\u00e1lise e psicoterapia. Utilizando especialmente m\u00e9todos como Terapia Comportamental Cognitiva (TCC) e Terapia Comportamental Dial\u00e9tica (DBT). Infelizmente, essas formas de terapia nem sempre est\u00e3o prontamente dispon\u00edveis ou acess\u00edveis. A an\u00e1lise e a psicoterapia exigem um compromisso de m\u00e9dio a longo prazo e um envolvimento ativo do paciente, e a recupera\u00e7\u00e3o pode ser um processo lento. Atualmente, n\u00e3o h\u00e1 tratamentos eficazes baseados em medicamentos para a depend\u00eancia.<\/p>\n\n\n\n<p>A Estimula\u00e7\u00e3o Magn\u00e9tica Transcraniana (EMT) demonstrou reduzir o consumo de subst\u00e2ncias e compuls\u00f5es. E, portanto, \u00e9 considerada um complemento eficaz da an\u00e1lise e da psicoterapia para tratar a depend\u00eancia.<\/p>\n\n\n\n<p>A EMT n\u00e3o \u00e9 uma cura para a depend\u00eancia \u2013 que \u00e9 um dist\u00farbio cr\u00f4nico e recidivante. Mas os efeitos ben\u00e9ficos da EMT s\u00e3o dur\u00e1veis e est\u00e1veis e a EMT pode ser administrada novamente. Foi comprovado que a EMT reduz alguns dos sintomas co-m\u00f3rbidos associados a depend\u00eancia, como depress\u00e3o e ansiedade.<\/p>\n<\/div><\/div><\/section>\n\n\n\n<section class=\"mtSpacing-top-small mtSpacing-bottom-small wp-block-mag-text-columns-with-button mt-text-columns\"><div class=\"mt-text-columns__inner page-container\"><div class=\"mt-text-columns__title-container\"><p class=\"mt-text-columns__tagline tagline\">como a EMT funciona<\/p><h2 class=\"mt-text-columns__title title title--h2\">Como a EMT pode tratar SUD\/depend\u00eancia<\/h2><\/div><div class=\"mt-text-columns__text-container\"><p class=\"mt-text-columns__text wysiwyg\">O tratamento com Estimula\u00e7\u00e3o Magn\u00e9tica Transcraniana (EMT) funciona ao enviar pulsos magn\u00e9ticos curtos para atingir o c\u00f3rtex pr\u00e9-frontal dorsolateral (DLPFC) \u2013 a \u00e1rea do c\u00e9rebro afetada pelos sintomas da depend\u00eancia, especificamente desejos e compuls\u00f5es. A ativa\u00e7\u00e3o do DLFPC com EMT de alta frequ\u00eancia aprimorar\u00e1 os processos de tomada de decis\u00e3o e neutralizar\u00e1 o comportamento impulsivo e de busca de subst\u00e2ncias, al\u00e9m de aprimorar a capacidade de lidar com os desejos, aprimorando a fun\u00e7\u00e3o do DLFPC. As aprova\u00e7\u00f5es CE para a terapia EMT da MagVenture foram baseadas em estudos cl\u00ednicos dedicados de pesquisa em EMT.<br><br>Um estudo-piloto realizado na Novella Fronda Foundation demonstrou um efeito de 69% para o grupo de EMT em compara\u00e7\u00e3o com 19% para o grupo de controle que recebeu o tratamento padr\u00e3o de para depend\u00eancia. Essas descobertas iniciais foram seguidas por um estudo observacional de 284 pessoas com depend\u00eancia de coca\u00edna. Ap\u00f3s receberem a terapia EMT, elas foram acompanhadas por dois anos e oito meses. Os resultados mostraram claramente que a terapia EMT levou a redu\u00e7\u00f5es duradouras do uso de coca\u00edna.<br><br>Graziella Madeo, neurologista e coordenadora do projeto de pesquisa, explicou: \u201cA EMT pode mudar o comportamento anormal, visando a disfun\u00e7\u00e3o associada do circuito cerebral induzida pelo uso de subst\u00e2ncias. O desejo n\u00e3o apenas foi reduzido ou eliminado, como nossos pacientes tamb\u00e9m experienciaram mudan\u00e7as em outros aspectos de sua vida, incluindo um maior controle em condi\u00e7\u00f5es potencialmente desencadeadoras de uma reca\u00edda no uso de coca\u00edna. A EMT oferece uma forma adicional de tratamento para pacientes com TOC e outros transtornos de sa\u00fade mental, como ansiedade, depress\u00e3o e depend\u00eancia.<\/p><\/div><div class=\"mt-text-columns__button-container\">\n<div class=\"wp-block-buttons is-layout-flex wp-block-buttons-is-layout-flex\">\n<div class=\"wp-block-button\"><a class=\"wp-block-button__link wp-element-button\" href=\"https:\/\/pubmed.ncbi.nlm.nih.gov\/32180745\/\">Leia o estudo<\/a><\/div>\n<\/div>\n<\/div><\/div><\/section>\n\n\n\n<section class=\"mtSpacing-top-small mtSpacing-bottom-small wp-block-mag-text-columns-with-button mt-text-columns\"><div class=\"mt-text-columns__inner page-container\"><div class=\"mt-text-columns__title-container\"><p class=\"mt-text-columns__tagline tagline\">EMT &#8211; um tratamento popular<\/p><h2 class=\"mt-text-columns__title title title--h2\">Uma das terapias que mais cresce na sa\u00fade mental<\/h2><\/div><div class=\"mt-text-columns__text-container\"><p class=\"mt-text-columns__text wysiwyg\">A EMT \u00e9 segura, n\u00e3o invasiva e bem tolerada pela grande maioria dos pacientes. Devido \u00e0 sua alta efic\u00e1cia, a EMT \u00e9 um dos tratamentos de mais r\u00e1pido crescimento de sa\u00fade mental. A EMT \u00e9 uma terapia complementar v\u00e1lida para psiquiatras e psic\u00f3logos que desejam oferecer uma forma adicional de tratamento para pacientes com depend\u00eancia e outros transtornos de sa\u00fade mental.<\/p><\/div><div class=\"mt-text-columns__button-container\"><\/div><\/div><\/section>\n\n\n\n<section class=\"mtSpacing-top-small mtSpacing-bottom-small wp-block-mag-text-columns-with-button mt-text-columns\"><div class=\"mt-text-columns__inner page-container\"><div class=\"mt-text-columns__title-container\"><p class=\"mt-text-columns__tagline tagline\">a EMT como parte de uma solu\u00e7\u00e3o s\u00f3lida combinada<\/p><h2 class=\"mt-text-columns__title title title--h2\">A EMT como parte da abordagem de tratamento combinado<\/h2><\/div><div class=\"mt-text-columns__text-container\"><p class=\"mt-text-columns__text wysiwyg\">Conforme mencionado acima, h\u00e1 evid\u00eancias que sugerem que o envolvimento de pacientes em v\u00e1rias modalidades de tratamento pode levar a melhores resultados. A EMT combinada com sess\u00f5es semanais de an\u00e1lise ou psicoterapia, especialmente nas modalidades como TCC e DBT, pode fornecer aos pacientes ferramentas para lidar com pensamentos negativos e comportamentos destrutivos enquanto aprendem a implementar h\u00e1bitos e comportamentos mais construtivos.<br><br>Adicionar o tratamento com EMT \u00e0 sua pr\u00e1tica cl\u00ednica psiqui\u00e1trica ou psicol\u00f3gica \u00e9 uma \u00f3tima forma de diversificar seus servi\u00e7os aos pacientes e garantir o futuro de suas atividades. Al\u00e9m de realmente fazer a diferen\u00e7a na vida das pessoas, ajudando-as a reduzir os sintomas de transtornos de sa\u00fade mental, incluindo a depend\u00eancia, voc\u00ea pode expandir seus servi\u00e7os e aumentar a lucratividade. A EMT \u00e9 um dos tratamentos de crescimento mais r\u00e1pido na sa\u00fade mental. \u00c9 uma terapia complementar v\u00e1lida para psiquiatras e psic\u00f3logos que desejam oferecer uma forma adicional de tratamento para pacientes com depend\u00eancia e outros transtornos de sa\u00fade mental.<\/p><\/div><div class=\"mt-text-columns__button-container\">\n<div class=\"wp-block-buttons is-layout-flex wp-block-buttons-is-layout-flex\"><\/div>\n<\/div><\/div><\/section>\n\n\n\n<figure class=\"wp-block-image aligncenter size-large\"><img fetchpriority=\"high\" decoding=\"async\" width=\"1024\" height=\"683\" src=\"https:\/\/magventure.com\/br\/wp-content\/uploads\/sites\/7\/2024\/10\/380A4716-representation-1024x683.jpg\" alt=\"\" class=\"wp-image-24643\" srcset=\"https:\/\/magventure.com\/br\/wp-content\/uploads\/sites\/7\/2024\/10\/380A4716-representation-1024x683.jpg 1024w, https:\/\/magventure.com\/br\/wp-content\/uploads\/sites\/7\/2024\/10\/380A4716-representation.jpg 2000w, https:\/\/magventure.com\/br\/wp-content\/uploads\/sites\/7\/2024\/10\/380A4716-representation-1200x800.jpg 1200w, https:\/\/magventure.com\/br\/wp-content\/uploads\/sites\/7\/2024\/10\/380A4716-representation-1000x667.jpg 1000w, https:\/\/magventure.com\/br\/wp-content\/uploads\/sites\/7\/2024\/10\/380A4716-representation-800x534.jpg 800w, https:\/\/magventure.com\/br\/wp-content\/uploads\/sites\/7\/2024\/10\/380A4716-representation-600x400.jpg 600w, https:\/\/magventure.com\/br\/wp-content\/uploads\/sites\/7\/2024\/10\/380A4716-representation-300x200.jpg 300w, https:\/\/magventure.com\/br\/wp-content\/uploads\/sites\/7\/2024\/10\/380A4716-representation-768x512.jpg 768w, https:\/\/magventure.com\/br\/wp-content\/uploads\/sites\/7\/2024\/10\/380A4716-representation-1536x1025.jpg 1536w\" sizes=\"(max-width: 1024px) 100vw, 1024px\" \/><\/figure>\n\n\n\n<section class=\"mtSpacing-top-medium mtSpacing-bottom-medium wp-block-morningmodules-text-link-boxes mt-text-link-boxes mt-text-link-boxes--mobile-slider is-style-bg-secondary\" data-count=\"3\"><div class=\"mt-text-link-boxes__wrapper\"><div class=\"mt-text-link-boxes__inner\"><div class=\"mt-text-link-boxes__text-container\"><span class=\"mt-text-link-boxes__tagline mt-tagline\">VOC\u00ca SABIA?<\/span><h2 class=\"mt-text-link-boxes__title\">Benef\u00edcios do tratamento EMT<\/h2><\/div><div class=\"mt-text-link-boxes__boxes-wrapper\"><div class=\"swiper\"><div class=\"swiper-wrapper\">\n<div class=\"wp-block-morningmodules-text-link-box mt-text-link-box swiper-slide\"><div class=\"mt-text-link-box__title-container\"><div class=\"mt-text-link-box__icon-container\"><img decoding=\"async\" src=\"https:\/\/magventure.com\/br\/wp-content\/uploads\/sites\/7\/2024\/10\/Non-invasive_Orange_Small.png\" alt=\"\" class=\"mt-text-link-box__icon\" \/><\/div><h3 class=\"mt-text-link-box__title\">N\u00e3o invasivo, sem anestesia<\/h3><\/div><p class=\"mt-text-link-box__text\">Possibilita maior conforto ao paciente, menos efeitos colaterais e maior acessibilidade ao tratamento, pois n\u00e3o envolve procedimentos cir\u00fargicos nem incis\u00f5es.<\/p><\/div>\n\n\n\n<div class=\"wp-block-morningmodules-text-link-box mt-text-link-box swiper-slide\"><div class=\"mt-text-link-box__title-container\"><div class=\"mt-text-link-box__icon-container\"><img decoding=\"async\" src=\"https:\/\/magventure.com\/br\/wp-content\/uploads\/sites\/7\/2024\/10\/Cognitive_function_Orange_Small.png\" alt=\"\" class=\"mt-text-link-box__icon\" \/><\/div><h3 class=\"mt-text-link-box__title\">N\u00e3o afeta a fun\u00e7\u00e3o cognitiva<\/h3><\/div><p class=\"mt-text-link-box__text\">Permite que os pacientes continuem com suas atividades di\u00e1rias imediatamente ap\u00f3s o tratamento.<\/p><\/div>\n\n\n\n<div class=\"wp-block-morningmodules-text-link-box mt-text-link-box swiper-slide\"><div class=\"mt-text-link-box__title-container\"><div class=\"mt-text-link-box__icon-container\"><img decoding=\"async\" src=\"https:\/\/magventure.com\/br\/wp-content\/uploads\/sites\/7\/2024\/10\/Side_effects_Orange_Small.png\" alt=\"\" class=\"mt-text-link-box__icon\" \/><\/div><h3 class=\"mt-text-link-box__title\">S\u00e9rie de est\u00edmulos magn\u00e9ticos pulsados \u200b\u200bpara o c\u00e9rebro<\/h3><\/div><p class=\"mt-text-link-box__text\">Os efeitos colaterais da EMT, como desconforto no couro cabeludo ou dor de cabe\u00e7a, s\u00e3o leves e tempor\u00e1rios. Sensa\u00e7\u00f5es de formigamento, espasmos musculares ou vertigem tamb\u00e9m podem ocorrer. Esses efeitos colaterais desaparecem rapidamente e n\u00e3o necessitam de tratamento espec\u00edfico.<\/p><\/div>\n<\/div><\/div><div class=\"mt-text-link-boxes__navigation swiper-bottom-container\"><div class=\"mt-text-link-boxes__swiper-progress swiper-progress\"><\/div><div class=\"mt-text-link-boxes__swiper-buttons swiper-buttons\"><div class=\"mt-text-link-boxes__swiper-button mt-text-link-boxes__swiper-button--prev swiper-button-prev\"><\/div><div class=\"mt-text-link-boxes__swiper-button mt-text-link-boxes__swiper-button--next swiper-button-next\"><\/div><\/div><\/div><\/div><\/div><\/div><\/section>\n\n\n\n<section class=\"wp-block-morningmodules-breaker aligncenter mt-breaker mt-breaker--white-text is-style-bg-default\"><div class=\"mt-breaker__container\"><div class=\"mt-breaker__overlay\" style=\"opacity:0.4\"><\/div><div class=\"mt-breaker__image-container object-fit\"><img decoding=\"async\" src=\"https:\/\/magventure.com\/br\/wp-content\/uploads\/sites\/7\/2024\/09\/contact.jpg\" alt=\"\" style=\"object-position:44% 50%\"\/><\/div><div class=\"mt-breaker__inner page-container\"><div class=\"mt-breaker__text-container\"><span class=\"mt-breaker__tagline mt-tagline\">Fale conosco<\/span><h2 class=\"mt-breaker__title\">Contate a MagVenture<\/h2>\n<p><\/p>\n\n\n\n<div class=\"wp-block-buttons is-layout-flex wp-block-buttons-is-layout-flex\">\n<div class=\"wp-block-button is-style-secondary\" data-open-slide-in=\"main\"><a class=\"wp-block-button__link wp-element-button\" rel=\"\thttps:\/\/marketing.magventure.com\/l\/1023021\/2023-03-16\/rz7\">Contato<\/a><\/div>\n<\/div>\n<\/div><\/div><\/div><\/section>\n","protected":false},"excerpt":{"rendered":"","protected":false},"author":3,"featured_media":25374,"parent":0,"menu_order":0,"comment_status":"closed","ping_status":"closed","template":"","meta":{"_acf_changed":false,"_monsterinsights_skip_tracking":false,"_monsterinsights_sitenote_active":false,"_monsterinsights_sitenote_note":"","_monsterinsights_sitenote_category":0,"footnotes":""},"class_list":["post-24560","page","type-page","status-publish","has-post-thumbnail","hentry"],"acf":{"hide_navigation":false,"navigation_color":"white-text","theme_color":"theme-color-dark-blue","hide_footer_instagram":false},"yoast_head":"<!-- This site is optimized with the Yoast SEO plugin v27.3 - https:\/\/yoast.com\/product\/yoast-seo-wordpress\/ -->\n<title>Tratamento contra a depend\u00eancia - MagVenture BR<\/title>\n<meta name=\"description\" content=\"A EMT pode ser um tratamento alternativo v\u00e1lido para a depend\u00eancia. A MagVenture \u00e9 uma empresa l\u00edder na fabrica\u00e7\u00e3o de equipamentos de EMT.\" \/>\n<meta name=\"robots\" content=\"index, follow, max-snippet:-1, max-image-preview:large, max-video-preview:-1\" \/>\n<link rel=\"canonical\" href=\"https:\/\/magventure.com\/br\/tratamento-de-dependencia\/\" \/>\n<meta property=\"og:locale\" content=\"en_US\" \/>\n<meta property=\"og:type\" content=\"article\" \/>\n<meta property=\"og:title\" content=\"Tratamento contra a depend\u00eancia - MagVenture BR\" \/>\n<meta property=\"og:description\" content=\"A EMT pode ser um tratamento alternativo v\u00e1lido para a depend\u00eancia. A MagVenture \u00e9 uma empresa l\u00edder na fabrica\u00e7\u00e3o de equipamentos de EMT.\" \/>\n<meta property=\"og:url\" content=\"https:\/\/magventure.com\/br\/tratamento-de-dependencia\/\" \/>\n<meta property=\"og:site_name\" content=\"MagVenture BR\" \/>\n<meta property=\"article:modified_time\" content=\"2025-01-16T01:04:14+00:00\" \/>\n<meta property=\"og:image\" content=\"https:\/\/magventure.com\/br\/wp-content\/uploads\/sites\/7\/2024\/10\/PSUD-scaled.jpg\" \/>\n\t<meta property=\"og:image:width\" content=\"2000\" \/>\n\t<meta property=\"og:image:height\" content=\"1337\" \/>\n\t<meta property=\"og:image:type\" content=\"image\/jpeg\" \/>\n<meta name=\"twitter:card\" content=\"summary_large_image\" \/>\n<meta name=\"twitter:label1\" content=\"Est. reading time\" \/>\n\t<meta name=\"twitter:data1\" content=\"14 minutes\" \/>\n<script type=\"application\/ld+json\" class=\"yoast-schema-graph\">{\"@context\":\"https:\\\/\\\/schema.org\",\"@graph\":[{\"@type\":\"WebPage\",\"@id\":\"https:\\\/\\\/magventure.com\\\/br\\\/tratamento-de-dependencia\\\/\",\"url\":\"https:\\\/\\\/magventure.com\\\/br\\\/tratamento-de-dependencia\\\/\",\"name\":\"Tratamento contra a depend\u00eancia - MagVenture BR\",\"isPartOf\":{\"@id\":\"https:\\\/\\\/magventure.com\\\/br\\\/#website\"},\"primaryImageOfPage\":{\"@id\":\"https:\\\/\\\/magventure.com\\\/br\\\/tratamento-de-dependencia\\\/#primaryimage\"},\"image\":{\"@id\":\"https:\\\/\\\/magventure.com\\\/br\\\/tratamento-de-dependencia\\\/#primaryimage\"},\"thumbnailUrl\":\"https:\\\/\\\/magventure.com\\\/br\\\/wp-content\\\/uploads\\\/sites\\\/7\\\/2024\\\/10\\\/PSUD-scaled.jpg\",\"datePublished\":\"2024-10-11T10:27:22+00:00\",\"dateModified\":\"2025-01-16T01:04:14+00:00\",\"description\":\"A EMT pode ser um tratamento alternativo v\u00e1lido para a depend\u00eancia. A MagVenture \u00e9 uma empresa l\u00edder na fabrica\u00e7\u00e3o de equipamentos de EMT.\",\"breadcrumb\":{\"@id\":\"https:\\\/\\\/magventure.com\\\/br\\\/tratamento-de-dependencia\\\/#breadcrumb\"},\"inLanguage\":\"en-US\",\"potentialAction\":[{\"@type\":\"ReadAction\",\"target\":[\"https:\\\/\\\/magventure.com\\\/br\\\/tratamento-de-dependencia\\\/\"]}]},{\"@type\":\"ImageObject\",\"inLanguage\":\"en-US\",\"@id\":\"https:\\\/\\\/magventure.com\\\/br\\\/tratamento-de-dependencia\\\/#primaryimage\",\"url\":\"https:\\\/\\\/magventure.com\\\/br\\\/wp-content\\\/uploads\\\/sites\\\/7\\\/2024\\\/10\\\/PSUD-scaled.jpg\",\"contentUrl\":\"https:\\\/\\\/magventure.com\\\/br\\\/wp-content\\\/uploads\\\/sites\\\/7\\\/2024\\\/10\\\/PSUD-scaled.jpg\",\"width\":2000,\"height\":1337,\"caption\":\"Doctor, patient and holding hands for empathy, trust and hope in consulting, support and healthcare insurance. Kindness, counseling and therapy from medical worker, psychology help and mental health\"},{\"@type\":\"BreadcrumbList\",\"@id\":\"https:\\\/\\\/magventure.com\\\/br\\\/tratamento-de-dependencia\\\/#breadcrumb\",\"itemListElement\":[{\"@type\":\"ListItem\",\"position\":1,\"name\":\"Home\",\"item\":\"https:\\\/\\\/magventure.com\\\/br\\\/\"},{\"@type\":\"ListItem\",\"position\":2,\"name\":\"Depend\u00eancia\"}]},{\"@type\":\"WebSite\",\"@id\":\"https:\\\/\\\/magventure.com\\\/br\\\/#website\",\"url\":\"https:\\\/\\\/magventure.com\\\/br\\\/\",\"name\":\"MagVenture BR\",\"description\":\"We are unlocking the science of magnetic stimulation for treatment of depression\",\"potentialAction\":[{\"@type\":\"SearchAction\",\"target\":{\"@type\":\"EntryPoint\",\"urlTemplate\":\"https:\\\/\\\/magventure.com\\\/br\\\/?s={search_term_string}\"},\"query-input\":{\"@type\":\"PropertyValueSpecification\",\"valueRequired\":true,\"valueName\":\"search_term_string\"}}],\"inLanguage\":\"en-US\"}]}<\/script>\n<!-- \/ Yoast SEO plugin. -->","yoast_head_json":{"title":"Tratamento contra a depend\u00eancia - MagVenture BR","description":"A EMT pode ser um tratamento alternativo v\u00e1lido para a depend\u00eancia. A MagVenture \u00e9 uma empresa l\u00edder na fabrica\u00e7\u00e3o de equipamentos de EMT.","robots":{"index":"index","follow":"follow","max-snippet":"max-snippet:-1","max-image-preview":"max-image-preview:large","max-video-preview":"max-video-preview:-1"},"canonical":"https:\/\/magventure.com\/br\/tratamento-de-dependencia\/","og_locale":"en_US","og_type":"article","og_title":"Tratamento contra a depend\u00eancia - MagVenture BR","og_description":"A EMT pode ser um tratamento alternativo v\u00e1lido para a depend\u00eancia. A MagVenture \u00e9 uma empresa l\u00edder na fabrica\u00e7\u00e3o de equipamentos de EMT.","og_url":"https:\/\/magventure.com\/br\/tratamento-de-dependencia\/","og_site_name":"MagVenture BR","article_modified_time":"2025-01-16T01:04:14+00:00","og_image":[{"width":2000,"height":1337,"url":"https:\/\/magventure.com\/br\/wp-content\/uploads\/sites\/7\/2024\/10\/PSUD-scaled.jpg","type":"image\/jpeg"}],"twitter_card":"summary_large_image","twitter_misc":{"Est. reading time":"14 minutes"},"schema":{"@context":"https:\/\/schema.org","@graph":[{"@type":"WebPage","@id":"https:\/\/magventure.com\/br\/tratamento-de-dependencia\/","url":"https:\/\/magventure.com\/br\/tratamento-de-dependencia\/","name":"Tratamento contra a depend\u00eancia - MagVenture BR","isPartOf":{"@id":"https:\/\/magventure.com\/br\/#website"},"primaryImageOfPage":{"@id":"https:\/\/magventure.com\/br\/tratamento-de-dependencia\/#primaryimage"},"image":{"@id":"https:\/\/magventure.com\/br\/tratamento-de-dependencia\/#primaryimage"},"thumbnailUrl":"https:\/\/magventure.com\/br\/wp-content\/uploads\/sites\/7\/2024\/10\/PSUD-scaled.jpg","datePublished":"2024-10-11T10:27:22+00:00","dateModified":"2025-01-16T01:04:14+00:00","description":"A EMT pode ser um tratamento alternativo v\u00e1lido para a depend\u00eancia. A MagVenture \u00e9 uma empresa l\u00edder na fabrica\u00e7\u00e3o de equipamentos de EMT.","breadcrumb":{"@id":"https:\/\/magventure.com\/br\/tratamento-de-dependencia\/#breadcrumb"},"inLanguage":"en-US","potentialAction":[{"@type":"ReadAction","target":["https:\/\/magventure.com\/br\/tratamento-de-dependencia\/"]}]},{"@type":"ImageObject","inLanguage":"en-US","@id":"https:\/\/magventure.com\/br\/tratamento-de-dependencia\/#primaryimage","url":"https:\/\/magventure.com\/br\/wp-content\/uploads\/sites\/7\/2024\/10\/PSUD-scaled.jpg","contentUrl":"https:\/\/magventure.com\/br\/wp-content\/uploads\/sites\/7\/2024\/10\/PSUD-scaled.jpg","width":2000,"height":1337,"caption":"Doctor, patient and holding hands for empathy, trust and hope in consulting, support and healthcare insurance. Kindness, counseling and therapy from medical worker, psychology help and mental health"},{"@type":"BreadcrumbList","@id":"https:\/\/magventure.com\/br\/tratamento-de-dependencia\/#breadcrumb","itemListElement":[{"@type":"ListItem","position":1,"name":"Home","item":"https:\/\/magventure.com\/br\/"},{"@type":"ListItem","position":2,"name":"Depend\u00eancia"}]},{"@type":"WebSite","@id":"https:\/\/magventure.com\/br\/#website","url":"https:\/\/magventure.com\/br\/","name":"MagVenture BR","description":"We are unlocking the science of magnetic stimulation for treatment of depression","potentialAction":[{"@type":"SearchAction","target":{"@type":"EntryPoint","urlTemplate":"https:\/\/magventure.com\/br\/?s={search_term_string}"},"query-input":{"@type":"PropertyValueSpecification","valueRequired":true,"valueName":"search_term_string"}}],"inLanguage":"en-US"}]}},"_links":{"self":[{"href":"https:\/\/magventure.com\/br\/wp-json\/wp\/v2\/pages\/24560","targetHints":{"allow":["GET"]}}],"collection":[{"href":"https:\/\/magventure.com\/br\/wp-json\/wp\/v2\/pages"}],"about":[{"href":"https:\/\/magventure.com\/br\/wp-json\/wp\/v2\/types\/page"}],"author":[{"embeddable":true,"href":"https:\/\/magventure.com\/br\/wp-json\/wp\/v2\/users\/3"}],"replies":[{"embeddable":true,"href":"https:\/\/magventure.com\/br\/wp-json\/wp\/v2\/comments?post=24560"}],"version-history":[{"count":10,"href":"https:\/\/magventure.com\/br\/wp-json\/wp\/v2\/pages\/24560\/revisions"}],"predecessor-version":[{"id":26123,"href":"https:\/\/magventure.com\/br\/wp-json\/wp\/v2\/pages\/24560\/revisions\/26123"}],"wp:featuredmedia":[{"embeddable":true,"href":"https:\/\/magventure.com\/br\/wp-json\/wp\/v2\/media\/25374"}],"wp:attachment":[{"href":"https:\/\/magventure.com\/br\/wp-json\/wp\/v2\/media?parent=24560"}],"curies":[{"name":"wp","href":"https:\/\/api.w.org\/{rel}","templated":true}]}}