{"id":551,"date":"2024-09-25T08:03:40","date_gmt":"2024-09-25T08:03:40","guid":{"rendered":"https:\/\/magventure.com\/br\/?page_id=551"},"modified":"2025-07-15T14:18:18","modified_gmt":"2025-07-15T14:18:18","slug":"estudos-de-emt","status":"publish","type":"page","link":"https:\/\/magventure.com\/br\/estudos-de-emt\/","title":{"rendered":"Base de Conhecimento"},"content":{"rendered":"\n<section class=\"wp-block-mag-cover mt-cover mt-cover--has-overlay is-style-dark\"><div class=\"mt-cover__image-container object-fit\"><img decoding=\"async\" src=\"https:\/\/magventure.com\/br\/wp-content\/uploads\/sites\/7\/2024\/10\/magVenture_Display02_CMYK_v05-1600px.jpg\" alt=\"\" \/><\/div><div class=\"mt-cover__inner page-container\"><div class=\"mt-cover__text-container\"><p class=\"mt-cover__tagline tagline tagline--white\">Base de Conhecimento<\/p><h1 class=\"mt-cover__title title--h1 title--white highlight-text\">EMT para profissionais<\/h1><p class=\"mt-cover__text wysiwyg wysiwyg--white\">Boas Vindas da Base de Conhecimento MagVenture. \u00c9 aqui que compartilhamos todo o conhecimento sobre pesquisa, tratamento e tecnologia de EMT que compilamos ao longo dos anos, al\u00e9m de suporte sobre como usar os nossos produtos. Aqui voc\u00ea encontrar\u00e1 links para webinars, estudos cl\u00ednicos, cursos de treinamento, v\u00eddeos de instru\u00e7\u00e3o e muito mais. Queremos que voc\u00ea acesse todo o potencial que a EMT pode oferecer.<\/p><\/div><\/div><\/section>\n\n\n\n<section class=\"mtSpacing-top-medium mtSpacing-bottom-small wp-block-mag-text-columns-with-button mt-text-columns\" id=\"studies\"><div class=\"mt-text-columns__inner page-container\"><div class=\"mt-text-columns__title-container\"><p class=\"mt-text-columns__tagline tagline\">ESTUDOS CIENT\u00cdFICOS<\/p><h2 class=\"mt-text-columns__title title title--h2\">Exemplos de publica\u00e7\u00f5es relevantes<\/h2><\/div><div class=\"mt-text-columns__text-container\"><p class=\"mt-text-columns__text wysiwyg\">Na MagVenture, acreditamos na import\u00e2ncia de tratamentos fundamentados em evid\u00eancias. \u00c9 por isso que selecionamos uma s\u00e9rie de estudos de pesquisa importantes que acreditamos serem alguns dos marcos mais significativos na jornada de EMT, como o tratamento para a depress\u00e3o e os resultados s\u00e3o essenciais para as aplica\u00e7\u00f5es de EMT utilizadas em todo o mundo. Continuamos comprometidos em nos manter atualizados com as pesquisas mais recentes na \u00e1rea para assegurar que continuemos a fornecer os tratamentos mais eficazes e inovadores poss\u00edveis.<br>Para a curiosidade dos leitores, fizemos um resumo de v\u00eddeos sobre esses estudos e livros relevantes.<br>Nesses v\u00eddeos, fornecemos uma vis\u00e3o geral objetiva dos pontos positivos e negativos dos estudos ao fornecer aos leitores uma compreens\u00e3o da pesquisa e suas implica\u00e7\u00f5es. Nosso objetivo \u00e9 estimular a curiosidade e promover a tomada de decis\u00f5es informadas a respeito de tratamentos de sa\u00fade mental.<br>Observe que o resumo apresentado nos v\u00eddeos abaixo cont\u00e9m palavras e conceitos da MagVenture e n\u00e3o refletem necessariamente as opini\u00f5es dos estudos de pesquisa originais nem de seus autores. A MagVenture forneceu uma sele\u00e7\u00e3o de livros que consideramos interessantes e que vale a pena ler da \u00e1rea, de forma ilustrativa.<\/p><\/div><div class=\"mt-text-columns__button-container\"><\/div><\/div><\/section>\n\n\n\n<section class=\"wp-block-morningmodules-image-link-boxes mt-image-link-boxes\" data-count=\"3\"><div class=\"mt-image-link-boxes__wrapper\"><div class=\"mt-image-link-boxes__inner\"><div class=\"mt-image-link-boxes__text-container\"><\/div><div class=\"mt-image-link-boxes__boxes-wrapper\"><div class=\"swiper\"><div class=\"swiper-wrapper\">\n<div class=\"wp-block-morningmodules-image-link-box mt-image-link-box swiper-slide\"><div class=\"mt-image-link-box__image-container\"><\/div><h3 class=\"mt-image-link-box__title\">Diretrizes de consenso para o uso de TMS-fMRI concomitante em neuroci\u00eancia cognitiva e cl\u00ednica<\/h3><p class=\"mt-image-link-box__text\"><a href=\"https:\/\/www.nature.com\/articles\/s41596-025-01182-4\">Veja o estudo completo aqui<\/a><\/p><\/div>\n<\/div><\/div><div class=\"mt-image-link-boxes__navigation swiper-bottom-container\"><div class=\"mt-image-link-boxes__swiper-progress swiper-progress\"><\/div><div class=\"mt-image-link-boxes__swiper-buttons swiper-buttons\"><div class=\"mt-image-link-boxes__swiper-button mt-image-link-boxes__swiper-button--prev swiper-button-prev\"><svg xmlns=\"http:\/\/www.w3.org\/2000\/svg\" fill=\"none\" viewBox=\"0 0 9 14\"><path stroke=\"#121212\" stroke-linecap=\"round\" stroke-linejoin=\"round\" stroke-width=\"1.5\" d=\"m1.6 1 6 6.316L1.6 13\"><\/path><\/svg><\/div><div class=\"mt-image-link-boxes__swiper-button mt-image-link-boxes__swiper-button--next swiper-button-next\"><svg xmlns=\"http:\/\/www.w3.org\/2000\/svg\" fill=\"none\" viewBox=\"0 0 9 14\"><path stroke=\"#121212\" stroke-linecap=\"round\" stroke-linejoin=\"round\" stroke-width=\"1.5\" d=\"m1.6 1 6 6.316L1.6 13\"><\/path><\/svg><\/div><\/div><\/div><\/div><\/div><\/div><\/section>\n\n\n\n<section class=\"mtSpacing-top-medium mtSpacing-bottom-small wp-block-mag-text-wall mt-text-wall\"><div class=\"mt-text-wall__inner page-container\">\n<h2 class=\"wp-block-heading\">Sele\u00e7\u00e3o de livros sobre EMT<\/h2>\n\n\n\n<p>Selecionamos uma lista de livros que fornecem uma introdu\u00e7\u00e3o \u00e0 EMT como um tratamento para a depress\u00e3o. Embora ofere\u00e7am informa\u00e7\u00f5es relevantes, \u00e9 importante observar que n\u00e3o substituem a necessidade de uma forma\u00e7\u00e3o adequada e completa antes de trabalhar com a EMT.<\/p>\n<\/div><\/section>\n\n\n\n<section class=\"wp-block-morningmodules-image-link-boxes mt-image-link-boxes\" id=\"library\" data-count=\"3\"><div class=\"mt-image-link-boxes__wrapper\"><div class=\"mt-image-link-boxes__inner\"><div class=\"mt-image-link-boxes__text-container\"><\/div><div class=\"mt-image-link-boxes__boxes-wrapper\"><div class=\"swiper\"><div class=\"swiper-wrapper\">\n\n<div class=\"wp-block-morningmodules-image-link-box mt-image-link-box swiper-slide\"><div class=\"mt-image-link-box__image-container\"><img decoding=\"async\" src=\"https:\/\/magventure.com\/br\/wp-content\/uploads\/sites\/7\/2024\/10\/MagVenture-building-2.png\" alt=\"{attributes.image.alt ?? ''}\" style=\"object-position:50% 50%\" \/><\/div><h3 class=\"mt-image-link-box__title\">A Practical Guide to Transcranial Magnetic Stimulation Neurophysiology and Treatment Studies<\/h3><p class=\"mt-image-link-box__text\">CHEN, Robert, FITZGERALD Paul B., BLUMBERGER, Daniel M.<\/p><\/div>\n\n\n<div class=\"wp-block-morningmodules-image-link-box mt-image-link-box swiper-slide\"><div class=\"mt-image-link-box__image-container\"><img decoding=\"async\" src=\"https:\/\/magventure.com\/br\/wp-content\/uploads\/sites\/7\/2024\/10\/MagVenture-building-4.png\" alt=\"{attributes.image.alt ?? ''}\" style=\"object-position:50% 50%\" \/><\/div><h3 class=\"mt-image-link-box__title\">Transcranial Magnetic Stimulation<\/h3><p class=\"mt-image-link-box__text\">ROTENBERG, Alexander, HORVATH, Jared C. e PASCUAL-LEONE, Alvaro (Ed.)<\/p><\/div>\n\n\n<div class=\"wp-block-morningmodules-image-link-box mt-image-link-box swiper-slide\"><div class=\"mt-image-link-box__image-container\"><img decoding=\"async\" src=\"https:\/\/magventure.com\/br\/wp-content\/uploads\/sites\/7\/2024\/10\/MagVenture-building-5-1.png\" alt=\"{attributes.image.alt ?? ''}\" style=\"object-position:50% 50%\" \/><\/div><h3 class=\"mt-image-link-box__title\">rTMS Treatment for Depression: A Practical Guide<\/h3><p class=\"mt-image-link-box__text\">FITZGERALD Paul B., DASKALAKIS Z. Jeff<\/p><\/div>\n\n<\/div><\/div><div class=\"mt-image-link-boxes__navigation swiper-bottom-container\"><div class=\"mt-image-link-boxes__swiper-progress swiper-progress\"><\/div><div class=\"mt-image-link-boxes__swiper-buttons swiper-buttons\"><div class=\"mt-image-link-boxes__swiper-button mt-image-link-boxes__swiper-button--prev swiper-button-prev\"><\/div><div class=\"mt-image-link-boxes__swiper-button mt-image-link-boxes__swiper-button--next swiper-button-next\"><\/div><\/div><\/div><\/div><\/div><\/div><\/section>\n\n\n\n<section class=\"mtSpacing-top-small mtSpacing-bottom-small wp-block-mag-text-wall mt-text-wall\"><div class=\"mt-text-wall__inner page-container\">\n<h2 class=\"wp-block-heading\">Sociedades internacionais sobre EMT<\/h2>\n\n\n\n<p>Ao longo dos anos, a \u00e1rea de EMT tem sido relativamente pequena em termos de alcance global. No entanto, o progresso na tecnologia de EMT contribuiu para seu crescente reconhecimento e aceita\u00e7\u00e3o nos \u00faltimos tempos. \u00c0 medida que o interesse pela EMT aumenta, \u00e9 importante ter acesso a informa\u00e7\u00f5es confi\u00e1veis e precisas sobre essa tecnologia inovadora. <br><br>Para ajudar, compilamos uma lista de links \u00fateis das principais sociedades internacionais que fornecem um vasto n\u00famero de recursos e informa\u00e7\u00f5es sobre a EMT. Esses recursos podem ser inestim\u00e1veis para pesquisadores, profissionais de sa\u00fade e indiv\u00edduos que queiram aprender mais sobre a EMT e suas aplica\u00e7\u00f5es.<br><\/p>\n<\/div><\/section>\n\n\n\n<section class=\"mtSpacing-top-medium mtSpacing-bottom-medium wp-block-morningmodules-image-link-boxes mt-image-link-boxes\" id=\"international_societies\" data-count=\"3\"><div class=\"mt-image-link-boxes__wrapper\"><div class=\"mt-image-link-boxes__inner\"><div class=\"mt-image-link-boxes__text-container\"><h2 class=\"mt-image-link-boxes__title\">Sociedades internacionais sobre EMT<\/h2><\/div><div class=\"mt-image-link-boxes__boxes-wrapper\"><div class=\"swiper\"><div class=\"swiper-wrapper\">\n\n<div class=\"wp-block-morningmodules-image-link-box mt-image-link-box swiper-slide\"><div class=\"mt-image-link-box__image-container\"><img decoding=\"async\" src=\"https:\/\/magventure.com\/br\/wp-content\/uploads\/sites\/7\/2024\/10\/clinical-tms-society.png\" alt=\"{attributes.image.alt ?? ''}\" style=\"object-position:50% 50%\" \/><\/div><a href=\"https:\/\/www.clinicaltmssociety.org\/\" rel=\"noopener\" target=\"_self\" class=\"mt-image-link-box__link\"><\/a><h3 class=\"mt-image-link-box__title\">Clinical TMS Society<\/h3><\/div>\n\n\n<div class=\"wp-block-morningmodules-image-link-box mt-image-link-box swiper-slide\"><div class=\"mt-image-link-box__image-container\"><img decoding=\"async\" src=\"https:\/\/magventure.com\/br\/wp-content\/uploads\/sites\/7\/2024\/10\/International-clinical-tms-cert.png\" alt=\"{attributes.image.alt ?? ''}\" style=\"object-position:50% 50%\" \/><\/div><a href=\"https:\/\/tmscourse.eu\/\" rel=\"noopener\" target=\"_self\" class=\"mt-image-link-box__link\"><\/a><h3 class=\"mt-image-link-box__title\">International Clinical TMS Certification<\/h3><\/div>\n\n\n<div class=\"wp-block-morningmodules-image-link-box mt-image-link-box swiper-slide\"><div class=\"mt-image-link-box__image-container\"><img decoding=\"async\" src=\"https:\/\/magventure.com\/br\/wp-content\/uploads\/sites\/7\/2024\/10\/word-psychiatry-association.png\" alt=\"{attributes.image.alt ?? ''}\" style=\"object-position:50% 50%\" \/><\/div><a href=\"https:\/\/www.wpanet.org\/\" rel=\"noopener\" target=\"_self\" class=\"mt-image-link-box__link\"><\/a><h3 class=\"mt-image-link-box__title\">World Psychiatric Association<\/h3><\/div>\n\n\n<div class=\"wp-block-morningmodules-image-link-box mt-image-link-box swiper-slide\"><div class=\"mt-image-link-box__image-container\"><img decoding=\"async\" src=\"https:\/\/magventure.com\/br\/wp-content\/uploads\/sites\/7\/2024\/10\/international-fed-of-clinical-neuro.png\" alt=\"{attributes.image.alt ?? ''}\" style=\"object-position:50% 50%\" \/><\/div><a href=\"https:\/\/www.ifcn.info\/\" rel=\"noopener\" target=\"_self\" class=\"mt-image-link-box__link\"><\/a><h3 class=\"mt-image-link-box__title\">International Federation of Clinical Neurophysiology<\/h3><\/div>\n\n\n<div class=\"wp-block-morningmodules-image-link-box mt-image-link-box swiper-slide\"><div class=\"mt-image-link-box__image-container\"><img decoding=\"async\" src=\"https:\/\/magventure.com\/br\/wp-content\/uploads\/sites\/7\/2024\/10\/wfnr.png\" alt=\"{attributes.image.alt ?? ''}\" style=\"object-position:50% 50%\" \/><\/div><a href=\"https:\/\/www.wfnr.co.uk\/\" rel=\"noopener\" target=\"_self\" class=\"mt-image-link-box__link\"><\/a><h3 class=\"mt-image-link-box__title\">World Federation for Neurorehabilitation<\/h3><\/div>\n\n<\/div><\/div><div class=\"mt-image-link-boxes__navigation swiper-bottom-container\"><div class=\"mt-image-link-boxes__swiper-progress swiper-progress\"><\/div><div class=\"mt-image-link-boxes__swiper-buttons swiper-buttons\"><div class=\"mt-image-link-boxes__swiper-button mt-image-link-boxes__swiper-button--prev swiper-button-prev\"><\/div><div class=\"mt-image-link-boxes__swiper-button mt-image-link-boxes__swiper-button--next swiper-button-next\"><\/div><\/div><\/div><\/div><\/div><\/div><\/section>\n\n\n\n<section class=\"mtSpacing-top-medium mtSpacing-bottom-medium wp-block-morningmodules-text-media mt-text-media mt-text-media--align-media-right mt-text-media--align-media-mobile-bottom\"><div class=\"mt-text-media__inner\"><div class=\"mt-text-media__media-container\"><img decoding=\"async\" src=\"https:\/\/magventure.com\/br\/wp-content\/uploads\/sites\/7\/2024\/10\/380A1397-1200px.jpg\" alt=\"\" style=\"object-position:50% 50%\"\/><\/div><div class=\"mt-text-media__text-container\"><span class=\"mt-text-media__tagline mt-tagline\">treinamento interno<\/span><h2 class=\"mt-text-media__title\">Treinamento t\u00e9cnico<\/h2>\n<p>Oferecemos treinamento cont\u00ednuo aos nossos distribuidores.<\/p>\n\n\n\n<p>Nosso programa de treinamento inclui um curso de tr\u00eas dias focado em servi\u00e7os t\u00e9cnicos.<\/p>\n\n\n\n<p>Devido \u00e0 alta demanda de nossos distribuidores, decidimos oferecer treinamento opcional nas \u00e1reas de marketing, vendas e aplica\u00e7\u00f5es nos dias que antecedem o treinamento de servi\u00e7o t\u00e9cnico.<\/p>\n\n\n\n<p>Oferecemos este curso tr\u00eas vezes ao ano na sede da MagVenture em Farum, Dinamarca.<\/p>\n\n\n\n<div class=\"wp-block-buttons is-layout-flex wp-block-buttons-is-layout-flex\">\n<div class=\"wp-block-button\" data-open-slide-in=\"main\"><a class=\"wp-block-button__link wp-element-button\">Quero saber mais<\/a><\/div>\n<\/div>\n<\/div><\/div><\/section>\n\n\n\n<section class=\"wp-block-morningmodules-breaker aligncenter mt-breaker mt-breaker--white-text is-style-bg-default\"><div class=\"mt-breaker__container\"><div class=\"mt-breaker__overlay\" style=\"opacity:0.4\"><\/div><div class=\"mt-breaker__image-container object-fit\"><img decoding=\"async\" src=\"https:\/\/magventure.com\/br\/wp-content\/uploads\/sites\/7\/2024\/09\/contact.jpg\" alt=\"\" style=\"object-position:44% 50%\"\/><\/div><div class=\"mt-breaker__inner page-container\"><div class=\"mt-breaker__text-container\"><span class=\"mt-breaker__tagline mt-tagline\">Fale conosco<\/span><h2 class=\"mt-breaker__title\">Contate a MagVenture<\/h2>\n<p><\/p>\n\n\n\n<div class=\"wp-block-buttons is-layout-flex wp-block-buttons-is-layout-flex\">\n<div class=\"wp-block-button is-style-secondary\" data-open-slide-in=\"main\"><a class=\"wp-block-button__link wp-element-button\" rel=\"\thttps:\/\/marketing.magventure.com\/l\/1023021\/2023-03-16\/rz7\">Contato<\/a><\/div>\n<\/div>\n<\/div><\/div><\/div><\/section>\n","protected":false},"excerpt":{"rendered":"","protected":false},"author":2,"featured_media":0,"parent":0,"menu_order":0,"comment_status":"closed","ping_status":"closed","template":"","meta":{"_acf_changed":false,"_monsterinsights_skip_tracking":false,"_monsterinsights_sitenote_active":false,"_monsterinsights_sitenote_note":"","_monsterinsights_sitenote_category":0,"footnotes":""},"class_list":["post-551","page","type-page","status-publish","hentry"],"acf":{"hide_navigation":false,"navigation_color":"white-text","theme_color":"theme-color-dark-blue","hide_footer_instagram":false},"yoast_head":"<!-- This site is optimized with the Yoast SEO plugin v27.3 - https:\/\/yoast.com\/product\/yoast-seo-wordpress\/ -->\n<title>Saiba mais sobre estimula\u00e7\u00e3o cerebral Base de Conhecimento - MagVenture BR<\/title>\n<meta name=\"description\" content=\"Na Base de Conhecimento MagVenture, voc\u00ea encontrar\u00e1 conhecimento sobre a EMT para pesquisa, tratamento e tecnologia, que compilamos ao longo dos anos.\" \/>\n<meta name=\"robots\" content=\"index, follow, max-snippet:-1, max-image-preview:large, max-video-preview:-1\" \/>\n<link rel=\"canonical\" href=\"https:\/\/magventure.com\/br\/estudos-de-emt\/\" \/>\n<meta property=\"og:locale\" content=\"en_US\" \/>\n<meta property=\"og:type\" content=\"article\" \/>\n<meta property=\"og:title\" content=\"Saiba mais sobre estimula\u00e7\u00e3o cerebral Base de Conhecimento - MagVenture BR\" \/>\n<meta property=\"og:description\" content=\"Na Base de Conhecimento MagVenture, voc\u00ea encontrar\u00e1 conhecimento sobre a EMT para pesquisa, tratamento e tecnologia, que compilamos ao longo dos anos.\" \/>\n<meta property=\"og:url\" content=\"https:\/\/magventure.com\/br\/estudos-de-emt\/\" \/>\n<meta property=\"og:site_name\" content=\"MagVenture BR\" \/>\n<meta property=\"article:modified_time\" content=\"2025-07-15T14:18:18+00:00\" \/>\n<meta property=\"og:image\" content=\"https:\/\/magventure.com\/br\/wp-content\/uploads\/sites\/7\/2024\/10\/magVenture_Display02_CMYK_v05-1600px.jpg\" \/>\n<meta name=\"twitter:card\" content=\"summary_large_image\" \/>\n<meta name=\"twitter:label1\" content=\"Est. reading time\" \/>\n\t<meta name=\"twitter:data1\" content=\"5 minutes\" \/>\n<script type=\"application\/ld+json\" class=\"yoast-schema-graph\">{\"@context\":\"https:\\\/\\\/schema.org\",\"@graph\":[{\"@type\":\"WebPage\",\"@id\":\"https:\\\/\\\/magventure.com\\\/br\\\/estudos-de-emt\\\/\",\"url\":\"https:\\\/\\\/magventure.com\\\/br\\\/estudos-de-emt\\\/\",\"name\":\"Saiba mais sobre estimula\u00e7\u00e3o cerebral Base de Conhecimento - MagVenture BR\",\"isPartOf\":{\"@id\":\"https:\\\/\\\/magventure.com\\\/br\\\/#website\"},\"primaryImageOfPage\":{\"@id\":\"https:\\\/\\\/magventure.com\\\/br\\\/estudos-de-emt\\\/#primaryimage\"},\"image\":{\"@id\":\"https:\\\/\\\/magventure.com\\\/br\\\/estudos-de-emt\\\/#primaryimage\"},\"thumbnailUrl\":\"https:\\\/\\\/magventure.com\\\/br\\\/wp-content\\\/uploads\\\/sites\\\/7\\\/2024\\\/10\\\/magVenture_Display02_CMYK_v05-1600px.jpg\",\"datePublished\":\"2024-09-25T08:03:40+00:00\",\"dateModified\":\"2025-07-15T14:18:18+00:00\",\"description\":\"Na Base de Conhecimento MagVenture, voc\u00ea encontrar\u00e1 conhecimento sobre a EMT para pesquisa, tratamento e tecnologia, que compilamos ao longo dos anos.\",\"breadcrumb\":{\"@id\":\"https:\\\/\\\/magventure.com\\\/br\\\/estudos-de-emt\\\/#breadcrumb\"},\"inLanguage\":\"en-US\",\"potentialAction\":[{\"@type\":\"ReadAction\",\"target\":[\"https:\\\/\\\/magventure.com\\\/br\\\/estudos-de-emt\\\/\"]}]},{\"@type\":\"ImageObject\",\"inLanguage\":\"en-US\",\"@id\":\"https:\\\/\\\/magventure.com\\\/br\\\/estudos-de-emt\\\/#primaryimage\",\"url\":\"https:\\\/\\\/magventure.com\\\/br\\\/wp-content\\\/uploads\\\/sites\\\/7\\\/2024\\\/10\\\/magVenture_Display02_CMYK_v05-1600px.jpg\",\"contentUrl\":\"https:\\\/\\\/magventure.com\\\/br\\\/wp-content\\\/uploads\\\/sites\\\/7\\\/2024\\\/10\\\/magVenture_Display02_CMYK_v05-1600px.jpg\",\"width\":1600,\"height\":1248,\"caption\":\"Neurons Firing\"},{\"@type\":\"BreadcrumbList\",\"@id\":\"https:\\\/\\\/magventure.com\\\/br\\\/estudos-de-emt\\\/#breadcrumb\",\"itemListElement\":[{\"@type\":\"ListItem\",\"position\":1,\"name\":\"Home\",\"item\":\"https:\\\/\\\/magventure.com\\\/br\\\/\"},{\"@type\":\"ListItem\",\"position\":2,\"name\":\"Base de Conhecimento\"}]},{\"@type\":\"WebSite\",\"@id\":\"https:\\\/\\\/magventure.com\\\/br\\\/#website\",\"url\":\"https:\\\/\\\/magventure.com\\\/br\\\/\",\"name\":\"MagVenture BR\",\"description\":\"We are unlocking the science of magnetic stimulation for treatment of depression\",\"potentialAction\":[{\"@type\":\"SearchAction\",\"target\":{\"@type\":\"EntryPoint\",\"urlTemplate\":\"https:\\\/\\\/magventure.com\\\/br\\\/?s={search_term_string}\"},\"query-input\":{\"@type\":\"PropertyValueSpecification\",\"valueRequired\":true,\"valueName\":\"search_term_string\"}}],\"inLanguage\":\"en-US\"}]}<\/script>\n<!-- \/ Yoast SEO plugin. -->","yoast_head_json":{"title":"Saiba mais sobre estimula\u00e7\u00e3o cerebral Base de Conhecimento - MagVenture BR","description":"Na Base de Conhecimento MagVenture, voc\u00ea encontrar\u00e1 conhecimento sobre a EMT para pesquisa, tratamento e tecnologia, que compilamos ao longo dos anos.","robots":{"index":"index","follow":"follow","max-snippet":"max-snippet:-1","max-image-preview":"max-image-preview:large","max-video-preview":"max-video-preview:-1"},"canonical":"https:\/\/magventure.com\/br\/estudos-de-emt\/","og_locale":"en_US","og_type":"article","og_title":"Saiba mais sobre estimula\u00e7\u00e3o cerebral Base de Conhecimento - MagVenture BR","og_description":"Na Base de Conhecimento MagVenture, voc\u00ea encontrar\u00e1 conhecimento sobre a EMT para pesquisa, tratamento e tecnologia, que compilamos ao longo dos anos.","og_url":"https:\/\/magventure.com\/br\/estudos-de-emt\/","og_site_name":"MagVenture BR","article_modified_time":"2025-07-15T14:18:18+00:00","og_image":[{"url":"https:\/\/magventure.com\/br\/wp-content\/uploads\/sites\/7\/2024\/10\/magVenture_Display02_CMYK_v05-1600px.jpg","type":"","width":"","height":""}],"twitter_card":"summary_large_image","twitter_misc":{"Est. reading time":"5 minutes"},"schema":{"@context":"https:\/\/schema.org","@graph":[{"@type":"WebPage","@id":"https:\/\/magventure.com\/br\/estudos-de-emt\/","url":"https:\/\/magventure.com\/br\/estudos-de-emt\/","name":"Saiba mais sobre estimula\u00e7\u00e3o cerebral Base de Conhecimento - MagVenture BR","isPartOf":{"@id":"https:\/\/magventure.com\/br\/#website"},"primaryImageOfPage":{"@id":"https:\/\/magventure.com\/br\/estudos-de-emt\/#primaryimage"},"image":{"@id":"https:\/\/magventure.com\/br\/estudos-de-emt\/#primaryimage"},"thumbnailUrl":"https:\/\/magventure.com\/br\/wp-content\/uploads\/sites\/7\/2024\/10\/magVenture_Display02_CMYK_v05-1600px.jpg","datePublished":"2024-09-25T08:03:40+00:00","dateModified":"2025-07-15T14:18:18+00:00","description":"Na Base de Conhecimento MagVenture, voc\u00ea encontrar\u00e1 conhecimento sobre a EMT para pesquisa, tratamento e tecnologia, que compilamos ao longo dos anos.","breadcrumb":{"@id":"https:\/\/magventure.com\/br\/estudos-de-emt\/#breadcrumb"},"inLanguage":"en-US","potentialAction":[{"@type":"ReadAction","target":["https:\/\/magventure.com\/br\/estudos-de-emt\/"]}]},{"@type":"ImageObject","inLanguage":"en-US","@id":"https:\/\/magventure.com\/br\/estudos-de-emt\/#primaryimage","url":"https:\/\/magventure.com\/br\/wp-content\/uploads\/sites\/7\/2024\/10\/magVenture_Display02_CMYK_v05-1600px.jpg","contentUrl":"https:\/\/magventure.com\/br\/wp-content\/uploads\/sites\/7\/2024\/10\/magVenture_Display02_CMYK_v05-1600px.jpg","width":1600,"height":1248,"caption":"Neurons Firing"},{"@type":"BreadcrumbList","@id":"https:\/\/magventure.com\/br\/estudos-de-emt\/#breadcrumb","itemListElement":[{"@type":"ListItem","position":1,"name":"Home","item":"https:\/\/magventure.com\/br\/"},{"@type":"ListItem","position":2,"name":"Base de Conhecimento"}]},{"@type":"WebSite","@id":"https:\/\/magventure.com\/br\/#website","url":"https:\/\/magventure.com\/br\/","name":"MagVenture BR","description":"We are unlocking the science of magnetic stimulation for treatment of depression","potentialAction":[{"@type":"SearchAction","target":{"@type":"EntryPoint","urlTemplate":"https:\/\/magventure.com\/br\/?s={search_term_string}"},"query-input":{"@type":"PropertyValueSpecification","valueRequired":true,"valueName":"search_term_string"}}],"inLanguage":"en-US"}]}},"_links":{"self":[{"href":"https:\/\/magventure.com\/br\/wp-json\/wp\/v2\/pages\/551","targetHints":{"allow":["GET"]}}],"collection":[{"href":"https:\/\/magventure.com\/br\/wp-json\/wp\/v2\/pages"}],"about":[{"href":"https:\/\/magventure.com\/br\/wp-json\/wp\/v2\/types\/page"}],"author":[{"embeddable":true,"href":"https:\/\/magventure.com\/br\/wp-json\/wp\/v2\/users\/2"}],"replies":[{"embeddable":true,"href":"https:\/\/magventure.com\/br\/wp-json\/wp\/v2\/comments?post=551"}],"version-history":[{"count":9,"href":"https:\/\/magventure.com\/br\/wp-json\/wp\/v2\/pages\/551\/revisions"}],"predecessor-version":[{"id":26214,"href":"https:\/\/magventure.com\/br\/wp-json\/wp\/v2\/pages\/551\/revisions\/26214"}],"wp:attachment":[{"href":"https:\/\/magventure.com\/br\/wp-json\/wp\/v2\/media?parent=551"}],"curies":[{"name":"wp","href":"https:\/\/api.w.org\/{rel}","templated":true}]}}