{"id":554,"date":"2024-09-25T08:03:59","date_gmt":"2024-09-25T08:03:59","guid":{"rendered":"https:\/\/magventure.com\/br\/?page_id=554"},"modified":"2025-08-18T06:40:53","modified_gmt":"2025-08-18T06:40:53","slug":"sobre-a-magventure","status":"publish","type":"page","link":"https:\/\/magventure.com\/br\/sobre-a-magventure\/","title":{"rendered":"Sobre n\u00f3s"},"content":{"rendered":"\n<section class=\"wp-block-mag-cover mt-cover mt-cover--has-overlay is-style-dark\"><div class=\"mt-cover__image-container object-fit\"><picture><source srcset=\"https:\/\/magventure.com\/br\/wp-content\/uploads\/sites\/7\/2023\/03\/028A4949-scaled-1.jpg\" media=\"(max-width: 580px)\"\/><source srcset=\"https:\/\/magventure.com\/br\/wp-content\/uploads\/sites\/7\/2023\/03\/028A4949-scaled-1.jpg\" media=\"(max-width: 1200px)\"\/><img decoding=\"async\" src=\"https:\/\/magventure.com\/br\/wp-content\/uploads\/sites\/7\/2023\/03\/028A4949-scaled-1.jpg\" alt=\"\"\/><\/picture><\/div><div class=\"mt-cover__inner page-container\"><div class=\"mt-cover__text-container\"><p class=\"mt-cover__tagline tagline tagline--white\">QUEM \u00c9 A MAGVENTURE?<\/p><h1 class=\"mt-cover__title title--h1 title--white highlight-text\">Modernizando o tratamento EMT<br>desde 1992<\/h1><p class=\"mt-cover__text wysiwyg wysiwyg--white\">Na MagVenture, reunimos profissionais de v\u00e1rias forma\u00e7\u00f5es, nacionalidades e culturas para colaborar em um objetivo comum: proporcionar uma nova esperan\u00e7a aos pacientes que lutam contra a depress\u00e3o e os desafios relacionados \u00e0 sa\u00fade mental.<br><\/p><\/div><\/div><\/section>\n\n\n\n<section class=\"mtSpacing-top-medium mtSpacing-bottom-small wp-block-mag-text-columns-with-button mt-text-columns\"><div class=\"mt-text-columns__inner page-container\"><div class=\"mt-text-columns__title-container\"><p class=\"mt-text-columns__tagline tagline\">Nossa filosofia<\/p><h2 class=\"mt-text-columns__title title title--h2\">MagVenture&#8217;s vision and mission<\/h2><\/div><div class=\"mt-text-columns__text-container\"><p class=\"mt-text-columns__text wysiwyg\">A MagVenture \u00e9 uma fabricante l\u00edder de mercado de sistemas n\u00e3o invasivos de Estimula\u00e7\u00e3o Magn\u00e9tica Transcraniana (EMT). Sediada na Dinamarca, a empresa a MagVenture \u00e9 pioneira em solu\u00e7\u00f5es inovadoras do tratamento EMT h\u00e1 mais de 30 anos. Os sistemas EMT da MagVenture s\u00e3o usados \u200b\u200bpara uma grande variedade de aplica\u00e7\u00f5es em pesquisa e tratamento nas \u00e1reas de psiquiatria, neurofisiologia, neurologia, neuroci\u00eancia cognitiva e reabilita\u00e7\u00e3o.<br><br><br>A vis\u00e3o da MagVenture \u00e9 proporcionar uma nova esperan\u00e7a aos pacientes, ao transformar a forma como a sa\u00fade mental e as condi\u00e7\u00f5es f\u00edsicas s\u00e3o tratadas.<br>Nossa miss\u00e3o \u00e9 ser pioneira em terapias de estimula\u00e7\u00e3o magn\u00e9tica seguras, eficazes e confi\u00e1veis, promover solu\u00e7\u00f5es de pesquisa inovadoras e vers\u00e1teis e trabalhar para expandir o acesso \u00e0 estimula\u00e7\u00e3o magn\u00e9tica em todo o mundo.<br>Os produtos da MagVenture est\u00e3o dispon\u00edveis no mercado global por meio de subsidi\u00e1rias de vendas diretas nos EUA, Alemanha, Reino Unido, China e Brasil, e por meio de uma rede global de distribuidores.<\/p><\/div><div class=\"mt-text-columns__button-container\"><\/div><\/div><\/section>\n\n\n\n<section class=\"mtSpacing-bottom-medium mtSpacing-top-medium wp-block-morningmodules-text-media mt-text-media mt-text-media--align-media-right mt-text-media--align-media-mobile-bottom is-style-bg-tertiary\"><div class=\"mt-text-media__inner\"><div class=\"mt-text-media__media-container\"><img decoding=\"async\" src=\"https:\/\/magventure.com\/br\/wp-content\/uploads\/sites\/7\/2024\/10\/Copy-of-Copy-of-MagPro-r20-photo3-1440-\u00d7-810px-1.jpg\" alt=\"\" style=\"object-position:50% 50%\"\/><div class=\"mt-text-media__play-button mt-text-media__play-button--undefined open-video-modal\" data-url=\"https:\/\/magventure.com\/br\/wp-content\/uploads\/sites\/7\/2024\/10\/MagVenture-30-Years-3.mp4\"><\/div><\/div><div class=\"mt-text-media__text-container\"><span class=\"mt-text-media__tagline mt-tagline\">Linha do tempo da MagVenture<\/span><h2 class=\"mt-text-media__title\">MAIS DE 30 ANOS DE<br>INOVA\u00c7\u00c3O EM EMT<\/h2>\n<p>Do primeiro estimulador MagPro para pesquisa de estimula\u00e7\u00e3o do c\u00e9rebro at\u00e9 o fornecimento de uma grande variedade de equipamentos para uso no tratamento de transtornos psiqui\u00e1tricos, a MagVenture tem sido uma pioneira em tecnologia EMT h\u00e1 mais de 30 anos.<\/p>\n\n\n\n<p>Todos os produtos da MagVenture s\u00e3o produzidos exclusivamente pela Tonica AS<\/p>\n\n\n\n<p>Assista a este v\u00eddeo para saber mais sobre a hist\u00f3ria da MagVenture.<\/p>\n<\/div><\/div><\/section>\n\n\n\n<section class=\"mtSpacing-top-small mtSpacing-bottom-small wp-block-morningmodules-text-media mt-text-media mt-text-media--align-media-right mt-text-media--align-media-mobile-bottom is-style-bg-default\"><div class=\"mt-text-media__inner\"><div class=\"mt-text-media__media-container\"><img decoding=\"async\" src=\"https:\/\/magventure.com\/br\/wp-content\/uploads\/sites\/7\/2024\/10\/Untitled-design-7.png\" alt=\"\" style=\"object-position:50% 50%\"\/><\/div><div class=\"mt-text-media__text-container\"><span class=\"mt-text-media__tagline mt-tagline\">Magventure internacional<\/span><h2 class=\"mt-text-media__title\">Fale conosco<\/h2>\n<p>Nossa equipe de especialistas em EMT est\u00e1 aqui para apoiar voc\u00ea.<br>Contamos com distribuidores em mais de 60 pa\u00edses e subsidi\u00e1rias nos EUA, Reino Unido, Alemanha, Brasil e China. Portanto, independentemente da sua localiza\u00e7\u00e3o, um especialista em EMT da MagVenture estar\u00e1 sempre por perto, quando voc\u00ea precisar de um servi\u00e7o ou orienta\u00e7\u00e3o.<\/p>\n\n\n\n<div class=\"wp-block-buttons is-layout-flex wp-block-buttons-is-layout-flex\">\n<div class=\"wp-block-button\"><a class=\"wp-block-button__link wp-element-button\" href=\"https:\/\/magventure.com\/br\/encontre-a-magventure\/\">Encontre a MagVenture<\/a><\/div>\n<\/div>\n<\/div><\/div><\/section>\n\n\n\n<section class=\"wp-block-morningmodules-breaker aligncenter mt-breaker mt-breaker--white-text is-style-bg-default\"><div class=\"mt-breaker__container\"><div class=\"mt-breaker__overlay\" style=\"opacity:0.4\"><\/div><div class=\"mt-breaker__image-container object-fit\"><img decoding=\"async\" src=\"https:\/\/magventure.com\/br\/wp-content\/uploads\/sites\/7\/2024\/09\/contact.jpg\" alt=\"\" style=\"object-position:44% 50%\"\/><\/div><div class=\"mt-breaker__inner page-container\"><div class=\"mt-breaker__text-container\"><span class=\"mt-breaker__tagline mt-tagline\">Fale conosco<\/span><h2 class=\"mt-breaker__title\">Contate a MagVenture<\/h2>\n<p><\/p>\n\n\n\n<div class=\"wp-block-buttons is-layout-flex wp-block-buttons-is-layout-flex\">\n<div class=\"wp-block-button is-style-secondary\" data-open-slide-in=\"main\"><a class=\"wp-block-button__link wp-element-button\" rel=\"\thttps:\/\/marketing.magventure.com\/l\/1023021\/2023-03-16\/rz7\">Contato<\/a><\/div>\n<\/div>\n<\/div><\/div><\/div><\/section>\n","protected":false},"excerpt":{"rendered":"","protected":false},"author":2,"featured_media":0,"parent":0,"menu_order":0,"comment_status":"closed","ping_status":"closed","template":"","meta":{"_acf_changed":false,"_monsterinsights_skip_tracking":false,"_monsterinsights_sitenote_active":false,"_monsterinsights_sitenote_note":"","_monsterinsights_sitenote_category":0,"footnotes":""},"class_list":["post-554","page","type-page","status-publish","hentry"],"acf":{"hide_navigation":false,"navigation_color":"white-text","theme_color":"theme-color-dark-blue","hide_footer_instagram":false},"yoast_head":"<!-- This site is optimized with the Yoast SEO plugin v27.4 - https:\/\/yoast.com\/product\/yoast-seo-wordpress\/ -->\n<title>Provedor de tratamento EMT - MagVenture BR<\/title>\n<meta name=\"description\" content=\"A MagVenture \u00e9 uma fabricante l\u00edder de mercado de sistemas n\u00e3o invasivos de Estimula\u00e7\u00e3o Magn\u00e9tica Transcraniana).\" \/>\n<meta name=\"robots\" content=\"index, follow, max-snippet:-1, max-image-preview:large, max-video-preview:-1\" \/>\n<link rel=\"canonical\" href=\"https:\/\/magventure.com\/br\/sobre-a-magventure\/\" \/>\n<meta property=\"og:locale\" content=\"en_US\" \/>\n<meta property=\"og:type\" content=\"article\" \/>\n<meta property=\"og:title\" content=\"Provedor de tratamento EMT - MagVenture BR\" \/>\n<meta property=\"og:description\" content=\"A MagVenture \u00e9 uma fabricante l\u00edder de mercado de sistemas n\u00e3o invasivos de Estimula\u00e7\u00e3o Magn\u00e9tica Transcraniana).\" \/>\n<meta property=\"og:url\" content=\"https:\/\/magventure.com\/br\/sobre-a-magventure\/\" \/>\n<meta property=\"og:site_name\" content=\"MagVenture BR\" \/>\n<meta property=\"article:modified_time\" content=\"2025-08-18T06:40:53+00:00\" \/>\n<meta property=\"og:image\" content=\"https:\/\/magventure.com\/br\/wp-content\/uploads\/sites\/7\/2023\/03\/028A4949-scaled-1.jpg\" \/>\n<meta name=\"twitter:card\" content=\"summary_large_image\" \/>\n<script type=\"application\/ld+json\" class=\"yoast-schema-graph\">{\"@context\":\"https:\\\/\\\/schema.org\",\"@graph\":[{\"@type\":\"WebPage\",\"@id\":\"https:\\\/\\\/magventure.com\\\/br\\\/sobre-a-magventure\\\/\",\"url\":\"https:\\\/\\\/magventure.com\\\/br\\\/sobre-a-magventure\\\/\",\"name\":\"Provedor de tratamento EMT - MagVenture BR\",\"isPartOf\":{\"@id\":\"https:\\\/\\\/magventure.com\\\/br\\\/#website\"},\"primaryImageOfPage\":{\"@id\":\"https:\\\/\\\/magventure.com\\\/br\\\/sobre-a-magventure\\\/#primaryimage\"},\"image\":{\"@id\":\"https:\\\/\\\/magventure.com\\\/br\\\/sobre-a-magventure\\\/#primaryimage\"},\"thumbnailUrl\":\"https:\\\/\\\/magventure.com\\\/br\\\/wp-content\\\/uploads\\\/sites\\\/7\\\/2023\\\/03\\\/028A4949-scaled-1.jpg\",\"datePublished\":\"2024-09-25T08:03:59+00:00\",\"dateModified\":\"2025-08-18T06:40:53+00:00\",\"description\":\"A MagVenture \u00e9 uma fabricante l\u00edder de mercado de sistemas n\u00e3o invasivos de Estimula\u00e7\u00e3o Magn\u00e9tica Transcraniana).\",\"breadcrumb\":{\"@id\":\"https:\\\/\\\/magventure.com\\\/br\\\/sobre-a-magventure\\\/#breadcrumb\"},\"inLanguage\":\"en-US\",\"potentialAction\":[{\"@type\":\"ReadAction\",\"target\":[\"https:\\\/\\\/magventure.com\\\/br\\\/sobre-a-magventure\\\/\"]}]},{\"@type\":\"ImageObject\",\"inLanguage\":\"en-US\",\"@id\":\"https:\\\/\\\/magventure.com\\\/br\\\/sobre-a-magventure\\\/#primaryimage\",\"url\":\"https:\\\/\\\/magventure.com\\\/br\\\/wp-content\\\/uploads\\\/sites\\\/7\\\/2023\\\/03\\\/028A4949-scaled-1.jpg\",\"contentUrl\":\"https:\\\/\\\/magventure.com\\\/br\\\/wp-content\\\/uploads\\\/sites\\\/7\\\/2023\\\/03\\\/028A4949-scaled-1.jpg\",\"width\":2000,\"height\":1334,\"caption\":\"Magventure sales seminar\"},{\"@type\":\"BreadcrumbList\",\"@id\":\"https:\\\/\\\/magventure.com\\\/br\\\/sobre-a-magventure\\\/#breadcrumb\",\"itemListElement\":[{\"@type\":\"ListItem\",\"position\":1,\"name\":\"Home\",\"item\":\"https:\\\/\\\/magventure.com\\\/br\\\/\"},{\"@type\":\"ListItem\",\"position\":2,\"name\":\"Sobre n\u00f3s\"}]},{\"@type\":\"WebSite\",\"@id\":\"https:\\\/\\\/magventure.com\\\/br\\\/#website\",\"url\":\"https:\\\/\\\/magventure.com\\\/br\\\/\",\"name\":\"MagVenture BR\",\"description\":\"We are unlocking the science of magnetic stimulation for treatment of depression\",\"potentialAction\":[{\"@type\":\"SearchAction\",\"target\":{\"@type\":\"EntryPoint\",\"urlTemplate\":\"https:\\\/\\\/magventure.com\\\/br\\\/?s={search_term_string}\"},\"query-input\":{\"@type\":\"PropertyValueSpecification\",\"valueRequired\":true,\"valueName\":\"search_term_string\"}}],\"inLanguage\":\"en-US\"}]}<\/script>\n<!-- \/ Yoast SEO plugin. -->","yoast_head_json":{"title":"Provedor de tratamento EMT - MagVenture BR","description":"A MagVenture \u00e9 uma fabricante l\u00edder de mercado de sistemas n\u00e3o invasivos de Estimula\u00e7\u00e3o Magn\u00e9tica Transcraniana).","robots":{"index":"index","follow":"follow","max-snippet":"max-snippet:-1","max-image-preview":"max-image-preview:large","max-video-preview":"max-video-preview:-1"},"canonical":"https:\/\/magventure.com\/br\/sobre-a-magventure\/","og_locale":"en_US","og_type":"article","og_title":"Provedor de tratamento EMT - MagVenture BR","og_description":"A MagVenture \u00e9 uma fabricante l\u00edder de mercado de sistemas n\u00e3o invasivos de Estimula\u00e7\u00e3o Magn\u00e9tica Transcraniana).","og_url":"https:\/\/magventure.com\/br\/sobre-a-magventure\/","og_site_name":"MagVenture BR","article_modified_time":"2025-08-18T06:40:53+00:00","og_image":[{"url":"https:\/\/magventure.com\/br\/wp-content\/uploads\/sites\/7\/2023\/03\/028A4949-scaled-1.jpg","type":"","width":"","height":""}],"twitter_card":"summary_large_image","schema":{"@context":"https:\/\/schema.org","@graph":[{"@type":"WebPage","@id":"https:\/\/magventure.com\/br\/sobre-a-magventure\/","url":"https:\/\/magventure.com\/br\/sobre-a-magventure\/","name":"Provedor de tratamento EMT - MagVenture BR","isPartOf":{"@id":"https:\/\/magventure.com\/br\/#website"},"primaryImageOfPage":{"@id":"https:\/\/magventure.com\/br\/sobre-a-magventure\/#primaryimage"},"image":{"@id":"https:\/\/magventure.com\/br\/sobre-a-magventure\/#primaryimage"},"thumbnailUrl":"https:\/\/magventure.com\/br\/wp-content\/uploads\/sites\/7\/2023\/03\/028A4949-scaled-1.jpg","datePublished":"2024-09-25T08:03:59+00:00","dateModified":"2025-08-18T06:40:53+00:00","description":"A MagVenture \u00e9 uma fabricante l\u00edder de mercado de sistemas n\u00e3o invasivos de Estimula\u00e7\u00e3o Magn\u00e9tica Transcraniana).","breadcrumb":{"@id":"https:\/\/magventure.com\/br\/sobre-a-magventure\/#breadcrumb"},"inLanguage":"en-US","potentialAction":[{"@type":"ReadAction","target":["https:\/\/magventure.com\/br\/sobre-a-magventure\/"]}]},{"@type":"ImageObject","inLanguage":"en-US","@id":"https:\/\/magventure.com\/br\/sobre-a-magventure\/#primaryimage","url":"https:\/\/magventure.com\/br\/wp-content\/uploads\/sites\/7\/2023\/03\/028A4949-scaled-1.jpg","contentUrl":"https:\/\/magventure.com\/br\/wp-content\/uploads\/sites\/7\/2023\/03\/028A4949-scaled-1.jpg","width":2000,"height":1334,"caption":"Magventure sales seminar"},{"@type":"BreadcrumbList","@id":"https:\/\/magventure.com\/br\/sobre-a-magventure\/#breadcrumb","itemListElement":[{"@type":"ListItem","position":1,"name":"Home","item":"https:\/\/magventure.com\/br\/"},{"@type":"ListItem","position":2,"name":"Sobre n\u00f3s"}]},{"@type":"WebSite","@id":"https:\/\/magventure.com\/br\/#website","url":"https:\/\/magventure.com\/br\/","name":"MagVenture BR","description":"We are unlocking the science of magnetic stimulation for treatment of depression","potentialAction":[{"@type":"SearchAction","target":{"@type":"EntryPoint","urlTemplate":"https:\/\/magventure.com\/br\/?s={search_term_string}"},"query-input":{"@type":"PropertyValueSpecification","valueRequired":true,"valueName":"search_term_string"}}],"inLanguage":"en-US"}]}},"_links":{"self":[{"href":"https:\/\/magventure.com\/br\/wp-json\/wp\/v2\/pages\/554","targetHints":{"allow":["GET"]}}],"collection":[{"href":"https:\/\/magventure.com\/br\/wp-json\/wp\/v2\/pages"}],"about":[{"href":"https:\/\/magventure.com\/br\/wp-json\/wp\/v2\/types\/page"}],"author":[{"embeddable":true,"href":"https:\/\/magventure.com\/br\/wp-json\/wp\/v2\/users\/2"}],"replies":[{"embeddable":true,"href":"https:\/\/magventure.com\/br\/wp-json\/wp\/v2\/comments?post=554"}],"version-history":[{"count":10,"href":"https:\/\/magventure.com\/br\/wp-json\/wp\/v2\/pages\/554\/revisions"}],"predecessor-version":[{"id":26232,"href":"https:\/\/magventure.com\/br\/wp-json\/wp\/v2\/pages\/554\/revisions\/26232"}],"wp:attachment":[{"href":"https:\/\/magventure.com\/br\/wp-json\/wp\/v2\/media?parent=554"}],"curies":[{"name":"wp","href":"https:\/\/api.w.org\/{rel}","templated":true}]}}