{"id":24510,"date":"2024-10-16T12:29:04","date_gmt":"2024-10-16T12:29:04","guid":{"rendered":"https:\/\/magventure.com\/de\/?page_id=24510"},"modified":"2025-01-30T13:09:43","modified_gmt":"2025-01-30T13:09:43","slug":"unterstuetzung","status":"publish","type":"page","link":"https:\/\/magventure.com\/de\/unterstuetzung\/","title":{"rendered":"Unterst\u00fctzung"},"content":{"rendered":"\n<section class=\"wp-block-mag-cover mt-cover mt-cover--has-overlay is-style-dark\"><div class=\"mt-cover__image-container object-fit\"><picture><source srcset=\"https:\/\/magventure.com\/de\/wp-content\/uploads\/sites\/5\/2024\/12\/Magventur_02_6574-scaled-2000x1334-1-600x400.jpg\" media=\"(max-width: 580px)\"\/><source srcset=\"https:\/\/magventure.com\/de\/wp-content\/uploads\/sites\/5\/2024\/12\/Magventur_02_6574-scaled-2000x1334-1-1200x800.jpg\" media=\"(max-width: 1200px)\"\/><img decoding=\"async\" src=\"https:\/\/magventure.com\/de\/wp-content\/uploads\/sites\/5\/2024\/12\/Magventur_02_6574-scaled-2000x1334-1.jpg\" alt=\"\"\/><\/picture><\/div><div class=\"mt-cover__inner page-container\"><div class=\"mt-cover__text-container\"><p class=\"mt-cover__tagline tagline tagline--white\">Global service and Support<\/p><h1 class=\"mt-cover__title title--h1 title--white highlight-text\">Immer in Ihrer N\u00e4he<\/h1><p class=\"mt-cover__text wysiwyg wysiwyg--white\">Wo auch immer Sie sich auf der Welt befinden und welchen technischen Herausforderungen Sie m\u00f6glicherweise begegnen, wir sind bereit, Sie mit unserem qualifizierten und professionellen H\u00e4ndlernetzwerk zu unterst\u00fctzen.<\/p><\/div><\/div><\/section>\n\n\n\n<section class=\"mtSpacing-top-small mtSpacing-bottom-small wp-block-morningmodules-text-media mt-text-media mt-text-media--align-media-right mt-text-media--align-media-mobile-bottom\"><div class=\"mt-text-media__inner\"><div class=\"mt-text-media__media-container\"><img decoding=\"async\" src=\"https:\/\/magventure.com\/de\/wp-content\/uploads\/sites\/5\/2024\/10\/GROUPPHOTO_MV_ISM_2024_LouieJacob-1200px.jpg\" alt=\"\" style=\"object-position:0% 34%\"\/><\/div><div class=\"mt-text-media__text-container\"><span class=\"mt-text-media__tagline mt-tagline\">Wir sind f\u00fcr Sie da<\/span><h2 class=\"mt-text-media__title\">Globale Unterst\u00fctzung<\/h2>\n<p>MagVenture arbeitet haupts\u00e4chlich \u00fcber lokale Vertriebsh\u00e4ndler. Unsere lokalen Distributoren sind hochqualifiziert und engagiert, um den bestm\u00f6glichen globalen Support f\u00fcr unsere Produkte zu bieten. <\/p>\n\n\n\n<p>Wenn Sie produktbezogene Fragen haben oder technische Probleme auftreten, k\u00f6nnen Sie hier einen lokalen MagVenture-Vertriebspartner finden. Sollten Sie keinen lokalen Distributor finden oder sollte eine lokaler Distributor nicht in der Lage sein, Ihnen zu helfen, dann k\u00f6nnen Sie uns jederzeit kontaktieren.<\/p>\n\n\n\n<p> Damit wir Ihnen bestm\u00f6glich helfen k\u00f6nnen, bitten wir Sie um klare Angaben zum Ger\u00e4tetypen, zur Seriennummer und zu den Softwareversionen sowie um eine genaue Beschreibung des Problems. Wir bem\u00fchen uns, Ihnen so schnell wie m\u00f6glich zu antworten, in der Regel innerhalb weniger Arbeitstage.<\/p>\n<\/div><\/div><\/section>\n\n\n\n<section class=\"mtSpacing-top-small mtSpacing-bottom-small wp-block-mag-faq mt-faq\"><div class=\"mt-faq__inner page-container\"><div class=\"mt-faq__text-container\"><p class=\"mt-faq__tagline tagline\">H\u00e4ufige Fragen<\/p><h2 class=\"mt-faq__title title--h2\">FAQ<\/h2><\/div><div class=\"mt-faq__faqs-wrapper\">\n<div class=\"wp-block-mag-faq-item mt-faq-item slide-toggle-wrapper\" data-slide-toggle-breakpoint=\"9999\"><p class=\"mt-faq-item__label slide-toggle-button arrow-right-dark\">Wie funktioniert es?<\/p><div class=\"mt-faq-item__content-wrapper slide-toggle-content\"><p class=\"mt-faq-item__content\">Bei produktbezogenen Anfragen oder technischen Problemen k\u00f6nnen Sie auf unserer Website eine MagVenture-Niederlassung oder einen Vertriebspartner in Ihrer N\u00e4he ausfindig machen. Sollte ein lokaler Vertriebspartner nicht erreichbar sein oder keine angemessene Unterst\u00fctzung bieten, z\u00f6gern Sie bitte nicht, uns direkt zu kontaktieren. Unser Team steht Ihnen jederzeit zur Verf\u00fcgung, um Ihnen schnell und zuverl\u00e4ssig zu helfen und Ihre Zufriedenheit mit unseren Produkten zu gew\u00e4hrleisten.<br>Um Ihnen bestm\u00f6glich helfen zu k\u00f6nnen, bitten wir Sie, uns klare und genaue Informationen \u00fcber Ihr Ger\u00e4t zu geben, einschlie\u00dflich des Typs, der Seriennummer und der Softwareversionen. Geben Sie uns auch eine detaillierte Erkl\u00e4rung des Problems, das Sie haben. Dies wird unserem Team helfen, Probleme mit unserem Produkt schnell und pr\u00e4zise zu diagnostizieren und zu beheben.<\/p><\/div><\/div>\n\n\n\n<div class=\"wp-block-mag-faq-item mt-faq-item slide-toggle-wrapper\" data-slide-toggle-breakpoint=\"9999\"><p class=\"mt-faq-item__label slide-toggle-button arrow-right-dark\">Wo finde ich eine lokale Niederlassung von MagVenture oder einen H\u00e4ndler?<\/p><div class=\"mt-faq-item__content-wrapper slide-toggle-content\"><p class=\"mt-faq-item__content\">Finden Sie <a href=\"https:\/\/magventure.com\/find-magventure\/\">hier<\/a> eine MagVenture-Niederlassung oder einen H\u00e4ndler in Ihrer N\u00e4he.<\/p><\/div><\/div>\n\n\n\n<div class=\"wp-block-mag-faq-item mt-faq-item slide-toggle-wrapper\" data-slide-toggle-breakpoint=\"9999\"><p class=\"mt-faq-item__label slide-toggle-button arrow-right-dark\">Was soll ich tun, wenn ein MagVenture-Produkt nicht ordnungsgem\u00e4\u00df funktioniert und\/oder eine Reparatur oder Ersatz ben\u00f6tigt wird?<\/p><div class=\"mt-faq-item__content-wrapper slide-toggle-content\"><p class=\"mt-faq-item__content\">Vor einer Reparatur m\u00fcssen wir pr\u00fcfen, ob Ihre Garantie noch g\u00fcltig ist, bevor wir fortfahren. Wenn sie noch g\u00fcltig ist, pr\u00fcfen wir in den Bedingungen, welche Reparaturen abgedeckt sind. Wenn Ihre Garantie abgelaufen ist oder die Reparatur nicht abdeckt, h\u00e4ngt der Preis davon ab, wie komplex die Reparatur ist. Um eine Vorstellung von den Kosten zu bekommen, empfehlen wir Ihnen, einen Kostenvoranschlag von der lokalen MagVenture-Niederlassung oder dem H\u00e4ndler einzuholen. So k\u00f6nnen Sie sich ein besseres Bild von den m\u00f6glichen Kosten der Reparatur machen.<\/p><\/div><\/div>\n\n\n\n<div class=\"wp-block-mag-faq-item mt-faq-item slide-toggle-wrapper\" data-slide-toggle-breakpoint=\"9999\"><p class=\"mt-faq-item__label slide-toggle-button arrow-right-dark\">Wie finde ich den Ger\u00e4tetyp und die Seriennummer?<\/p><div class=\"mt-faq-item__content-wrapper slide-toggle-content\"><p class=\"mt-faq-item__content\">Jeder MagVenture-Stimulator hat ein silbernes Etikett auf der R\u00fcckseite, und jede Spule hat ein silbernes Etikett auf dem orangefarbenen Spulenanschluss. Das silberne Etikett enth\u00e4lt wichtige Informationen \u00fcber das Ger\u00e4t, wie etwa den Ger\u00e4tetyp (REF), die Seriennummer (SN xxx) und Teilenummer (P\/N). Sollte das silberne Etikett aus irgendeinem Grund nicht verf\u00fcgbar sein, k\u00f6nnen Sie den Ger\u00e4tetyp des Stimulators immer auf Ihrer Rechnung oder im Stimulator-Bedienungsmen\u00fc finden.<br>Im Bedienungsmen\u00fc am Stimulator sind die Systeminformationen ebenfalls verf\u00fcgbar. Die Systeminformationen werden auf der linken Seite des Bildschirms angezeigt. Hier werden Informationen \u00fcber das MagPro-Modell, die Seriennummer und die Softwareversionen angezeigt. Weitere Informationen \u00fcber das Ger\u00e4t finden Sie in der entsprechenden Gebrauchsanleitung (IFU), in der Sie umfassende Anweisungen und Leitlinien finden k\u00f6nnen. Um weitere Informationen \u00fcber das Ger\u00e4t zu erhalten, besuchen Sie bitte auch unsere Produktseite, auf der Sie Details \u00fcber Produktspezifikationen, technische Daten und andere entsprechende Informationen finden. Informationen \u00fcber Ger\u00e4te und Zubeh\u00f6r finden Sie auch in unserem Produktkatalog.<\/p><\/div><\/div>\n\n\n\n<div class=\"wp-block-mag-faq-item mt-faq-item slide-toggle-wrapper\" data-slide-toggle-breakpoint=\"9999\"><p class=\"mt-faq-item__label slide-toggle-button arrow-right-dark\">Wie finde ich die Softwareversion?<\/p><div class=\"mt-faq-item__content-wrapper slide-toggle-content\"><p class=\"mt-faq-item__content\">Im Bedienungsmen\u00fc am Stimulator werden die entsprechenden Versionen der Systembetriebssoftware als GUI, PIC 1, PIC 2, Nimbus-Softwareversionen aufgelistet. Weitere Informationen \u00fcber das Ger\u00e4t finden Sie in der Gebrauchsanleitung (IFU), in der Sie umfassende Anweisungen, Leitlinien und andere entsprechende Informationen finden k\u00f6nnen. Um einen \u00dcberblick \u00fcber unterst\u00fctzte Spulen und Softwareversionen zu erhalten, verweisen wir auf den Magnetstimulations-Zubeh\u00f6rkatalog.<\/p><\/div><\/div>\n<\/div><\/div><\/section>\n\n\n\n<section class=\"wp-block-morningmodules-breaker aligncenter mt-breaker mt-breaker--white-text is-style-bg-default\"><div class=\"mt-breaker__container\"><div class=\"mt-breaker__overlay\" style=\"opacity:0.4\"><\/div><div class=\"mt-breaker__image-container object-fit\"><img decoding=\"async\" src=\"https:\/\/magventure.com\/de\/wp-content\/uploads\/sites\/5\/2024\/09\/contact.jpg\" alt=\"\" style=\"object-position:44% 50%\" \/><\/div><div class=\"mt-breaker__inner page-container\"><div class=\"mt-breaker__text-container\"><span class=\"mt-breaker__tagline mt-tagline\">Sprechen Sie mit einem TMS-Experten<\/span><h2 class=\"mt-breaker__title\">Kontakt mit MagVenture aufnehmen<\/h2>\n<p><\/p>\n\n\n\n<div class=\"wp-block-buttons is-layout-flex wp-block-buttons-is-layout-flex\">\n<div class=\"wp-block-button is-style-secondary\" data-open-slide-in=\"main\"><a class=\"wp-block-button__link wp-element-button\">Kontakt<\/a><\/div>\n<\/div>\n<\/div><\/div><\/div><\/section>\n","protected":false},"excerpt":{"rendered":"","protected":false},"author":3,"featured_media":24620,"parent":0,"menu_order":0,"comment_status":"closed","ping_status":"closed","template":"","meta":{"_acf_changed":false,"_monsterinsights_skip_tracking":false,"_monsterinsights_sitenote_active":false,"_monsterinsights_sitenote_note":"","_monsterinsights_sitenote_category":0,"footnotes":""},"class_list":["post-24510","page","type-page","status-publish","has-post-thumbnail","hentry"],"acf":{"hide_navigation":false,"navigation_color":"white-text","theme_color":"theme-color-dark-blue","hide_footer_instagram":false},"yoast_head":"<!-- This site is optimized with the Yoast SEO plugin v27.3 - https:\/\/yoast.com\/product\/yoast-seo-wordpress\/ -->\n<title>Unterst\u00fctzung - MagVenture DE<\/title>\n<meta name=\"description\" content=\"Wo auch immer Sie sich auf der Welt befinden, wir sind bereit, Sie mit unserem qualifizierten und professionellen H\u00e4ndlernetzwerk zu unterst\u00fctzen.\" \/>\n<meta name=\"robots\" content=\"index, follow, max-snippet:-1, max-image-preview:large, max-video-preview:-1\" \/>\n<link rel=\"canonical\" href=\"https:\/\/magventure.com\/de\/unterstuetzung\/\" \/>\n<meta property=\"og:locale\" content=\"de_DE\" \/>\n<meta property=\"og:type\" content=\"article\" \/>\n<meta property=\"og:title\" content=\"Unterst\u00fctzung - MagVenture DE\" \/>\n<meta property=\"og:description\" content=\"Wo auch immer Sie sich auf der Welt befinden, wir sind bereit, Sie mit unserem qualifizierten und professionellen H\u00e4ndlernetzwerk zu unterst\u00fctzen.\" \/>\n<meta property=\"og:url\" content=\"https:\/\/magventure.com\/de\/unterstuetzung\/\" \/>\n<meta property=\"og:site_name\" content=\"MagVenture DE\" \/>\n<meta property=\"article:modified_time\" content=\"2025-01-30T13:09:43+00:00\" \/>\n<meta property=\"og:image\" content=\"https:\/\/magventure.com\/de\/wp-content\/uploads\/sites\/5\/2024\/10\/Magventur_02_6574-scaled-1.jpg\" \/>\n\t<meta property=\"og:image:width\" content=\"2000\" \/>\n\t<meta property=\"og:image:height\" content=\"1334\" \/>\n\t<meta property=\"og:image:type\" content=\"image\/jpeg\" \/>\n<meta name=\"twitter:card\" content=\"summary_large_image\" \/>\n<meta name=\"twitter:label1\" content=\"Gesch\u00e4tzte Lesezeit\" \/>\n\t<meta name=\"twitter:data1\" content=\"5\u00a0Minuten\" \/>\n<script type=\"application\/ld+json\" class=\"yoast-schema-graph\">{\"@context\":\"https:\\\/\\\/schema.org\",\"@graph\":[{\"@type\":\"WebPage\",\"@id\":\"https:\\\/\\\/magventure.com\\\/de\\\/unterstuetzung\\\/\",\"url\":\"https:\\\/\\\/magventure.com\\\/de\\\/unterstuetzung\\\/\",\"name\":\"Unterst\u00fctzung - MagVenture DE\",\"isPartOf\":{\"@id\":\"https:\\\/\\\/magventure.com\\\/de\\\/#website\"},\"primaryImageOfPage\":{\"@id\":\"https:\\\/\\\/magventure.com\\\/de\\\/unterstuetzung\\\/#primaryimage\"},\"image\":{\"@id\":\"https:\\\/\\\/magventure.com\\\/de\\\/unterstuetzung\\\/#primaryimage\"},\"thumbnailUrl\":\"https:\\\/\\\/magventure.com\\\/de\\\/wp-content\\\/uploads\\\/sites\\\/5\\\/2024\\\/10\\\/Magventur_02_6574-scaled-1.jpg\",\"datePublished\":\"2024-10-16T12:29:04+00:00\",\"dateModified\":\"2025-01-30T13:09:43+00:00\",\"description\":\"Wo auch immer Sie sich auf der Welt befinden, wir sind bereit, Sie mit unserem qualifizierten und professionellen H\u00e4ndlernetzwerk zu unterst\u00fctzen.\",\"breadcrumb\":{\"@id\":\"https:\\\/\\\/magventure.com\\\/de\\\/unterstuetzung\\\/#breadcrumb\"},\"inLanguage\":\"de\",\"potentialAction\":[{\"@type\":\"ReadAction\",\"target\":[\"https:\\\/\\\/magventure.com\\\/de\\\/unterstuetzung\\\/\"]}]},{\"@type\":\"ImageObject\",\"inLanguage\":\"de\",\"@id\":\"https:\\\/\\\/magventure.com\\\/de\\\/unterstuetzung\\\/#primaryimage\",\"url\":\"https:\\\/\\\/magventure.com\\\/de\\\/wp-content\\\/uploads\\\/sites\\\/5\\\/2024\\\/10\\\/Magventur_02_6574-scaled-1.jpg\",\"contentUrl\":\"https:\\\/\\\/magventure.com\\\/de\\\/wp-content\\\/uploads\\\/sites\\\/5\\\/2024\\\/10\\\/Magventur_02_6574-scaled-1.jpg\",\"width\":2000,\"height\":1334,\"caption\":\"Support\"},{\"@type\":\"BreadcrumbList\",\"@id\":\"https:\\\/\\\/magventure.com\\\/de\\\/unterstuetzung\\\/#breadcrumb\",\"itemListElement\":[{\"@type\":\"ListItem\",\"position\":1,\"name\":\"Home\",\"item\":\"https:\\\/\\\/magventure.com\\\/de\\\/\"},{\"@type\":\"ListItem\",\"position\":2,\"name\":\"Unterst\u00fctzung\"}]},{\"@type\":\"WebSite\",\"@id\":\"https:\\\/\\\/magventure.com\\\/de\\\/#website\",\"url\":\"https:\\\/\\\/magventure.com\\\/de\\\/\",\"name\":\"MagVenture DE\",\"description\":\"We are unlocking the science of magnetic stimulation for treatment of depression\",\"potentialAction\":[{\"@type\":\"SearchAction\",\"target\":{\"@type\":\"EntryPoint\",\"urlTemplate\":\"https:\\\/\\\/magventure.com\\\/de\\\/?s={search_term_string}\"},\"query-input\":{\"@type\":\"PropertyValueSpecification\",\"valueRequired\":true,\"valueName\":\"search_term_string\"}}],\"inLanguage\":\"de\"}]}<\/script>\n<!-- \/ Yoast SEO plugin. -->","yoast_head_json":{"title":"Unterst\u00fctzung - MagVenture DE","description":"Wo auch immer Sie sich auf der Welt befinden, wir sind bereit, Sie mit unserem qualifizierten und professionellen H\u00e4ndlernetzwerk zu unterst\u00fctzen.","robots":{"index":"index","follow":"follow","max-snippet":"max-snippet:-1","max-image-preview":"max-image-preview:large","max-video-preview":"max-video-preview:-1"},"canonical":"https:\/\/magventure.com\/de\/unterstuetzung\/","og_locale":"de_DE","og_type":"article","og_title":"Unterst\u00fctzung - MagVenture DE","og_description":"Wo auch immer Sie sich auf der Welt befinden, wir sind bereit, Sie mit unserem qualifizierten und professionellen H\u00e4ndlernetzwerk zu unterst\u00fctzen.","og_url":"https:\/\/magventure.com\/de\/unterstuetzung\/","og_site_name":"MagVenture DE","article_modified_time":"2025-01-30T13:09:43+00:00","og_image":[{"width":2000,"height":1334,"url":"https:\/\/magventure.com\/de\/wp-content\/uploads\/sites\/5\/2024\/10\/Magventur_02_6574-scaled-1.jpg","type":"image\/jpeg"}],"twitter_card":"summary_large_image","twitter_misc":{"Gesch\u00e4tzte Lesezeit":"5\u00a0Minuten"},"schema":{"@context":"https:\/\/schema.org","@graph":[{"@type":"WebPage","@id":"https:\/\/magventure.com\/de\/unterstuetzung\/","url":"https:\/\/magventure.com\/de\/unterstuetzung\/","name":"Unterst\u00fctzung - MagVenture DE","isPartOf":{"@id":"https:\/\/magventure.com\/de\/#website"},"primaryImageOfPage":{"@id":"https:\/\/magventure.com\/de\/unterstuetzung\/#primaryimage"},"image":{"@id":"https:\/\/magventure.com\/de\/unterstuetzung\/#primaryimage"},"thumbnailUrl":"https:\/\/magventure.com\/de\/wp-content\/uploads\/sites\/5\/2024\/10\/Magventur_02_6574-scaled-1.jpg","datePublished":"2024-10-16T12:29:04+00:00","dateModified":"2025-01-30T13:09:43+00:00","description":"Wo auch immer Sie sich auf der Welt befinden, wir sind bereit, Sie mit unserem qualifizierten und professionellen H\u00e4ndlernetzwerk zu unterst\u00fctzen.","breadcrumb":{"@id":"https:\/\/magventure.com\/de\/unterstuetzung\/#breadcrumb"},"inLanguage":"de","potentialAction":[{"@type":"ReadAction","target":["https:\/\/magventure.com\/de\/unterstuetzung\/"]}]},{"@type":"ImageObject","inLanguage":"de","@id":"https:\/\/magventure.com\/de\/unterstuetzung\/#primaryimage","url":"https:\/\/magventure.com\/de\/wp-content\/uploads\/sites\/5\/2024\/10\/Magventur_02_6574-scaled-1.jpg","contentUrl":"https:\/\/magventure.com\/de\/wp-content\/uploads\/sites\/5\/2024\/10\/Magventur_02_6574-scaled-1.jpg","width":2000,"height":1334,"caption":"Support"},{"@type":"BreadcrumbList","@id":"https:\/\/magventure.com\/de\/unterstuetzung\/#breadcrumb","itemListElement":[{"@type":"ListItem","position":1,"name":"Home","item":"https:\/\/magventure.com\/de\/"},{"@type":"ListItem","position":2,"name":"Unterst\u00fctzung"}]},{"@type":"WebSite","@id":"https:\/\/magventure.com\/de\/#website","url":"https:\/\/magventure.com\/de\/","name":"MagVenture DE","description":"We are unlocking the science of magnetic stimulation for treatment of depression","potentialAction":[{"@type":"SearchAction","target":{"@type":"EntryPoint","urlTemplate":"https:\/\/magventure.com\/de\/?s={search_term_string}"},"query-input":{"@type":"PropertyValueSpecification","valueRequired":true,"valueName":"search_term_string"}}],"inLanguage":"de"}]}},"_links":{"self":[{"href":"https:\/\/magventure.com\/de\/wp-json\/wp\/v2\/pages\/24510","targetHints":{"allow":["GET"]}}],"collection":[{"href":"https:\/\/magventure.com\/de\/wp-json\/wp\/v2\/pages"}],"about":[{"href":"https:\/\/magventure.com\/de\/wp-json\/wp\/v2\/types\/page"}],"author":[{"embeddable":true,"href":"https:\/\/magventure.com\/de\/wp-json\/wp\/v2\/users\/3"}],"replies":[{"embeddable":true,"href":"https:\/\/magventure.com\/de\/wp-json\/wp\/v2\/comments?post=24510"}],"version-history":[{"count":9,"href":"https:\/\/magventure.com\/de\/wp-json\/wp\/v2\/pages\/24510\/revisions"}],"predecessor-version":[{"id":26337,"href":"https:\/\/magventure.com\/de\/wp-json\/wp\/v2\/pages\/24510\/revisions\/26337"}],"wp:featuredmedia":[{"embeddable":true,"href":"https:\/\/magventure.com\/de\/wp-json\/wp\/v2\/media\/24620"}],"wp:attachment":[{"href":"https:\/\/magventure.com\/de\/wp-json\/wp\/v2\/media?parent=24510"}],"curies":[{"name":"wp","href":"https:\/\/api.w.org\/{rel}","templated":true}]}}