{"id":24534,"date":"2024-10-16T12:26:00","date_gmt":"2024-10-16T12:26:00","guid":{"rendered":"https:\/\/magventure.com\/de\/?page_id=24534"},"modified":"2025-01-30T10:33:36","modified_gmt":"2025-01-30T10:33:36","slug":"sicherheitshinweise","status":"publish","type":"page","link":"https:\/\/magventure.com\/de\/sicherheitshinweise\/","title":{"rendered":"Sicherheitshinweise"},"content":{"rendered":"\n<section class=\"wp-block-mag-cover mt-cover mt-cover--has-overlay is-style-dark\"><div class=\"mt-cover__image-container object-fit\"><picture><source srcset=\"https:\/\/magventure.com\/de\/wp-content\/uploads\/sites\/5\/2024\/10\/Salience-Animation-00-50-17-600x338.png\" media=\"(max-width: 580px)\"\/><source srcset=\"https:\/\/magventure.com\/de\/wp-content\/uploads\/sites\/5\/2024\/10\/Salience-Animation-00-50-17-1200x675.png\" media=\"(max-width: 1200px)\"\/><img decoding=\"async\" src=\"https:\/\/magventure.com\/de\/wp-content\/uploads\/sites\/5\/2024\/10\/Salience-Animation-00-50-17-2000x1125.png\" alt=\"\"\/><\/picture><\/div><div class=\"mt-cover__inner page-container\"><div class=\"mt-cover__text-container\"><p class=\"mt-cover__tagline tagline tagline--white\"><\/p><h1 class=\"mt-cover__title title--h1 title--white highlight-text\">Sicherheitshinweise<\/h1><p class=\"mt-cover__text wysiwyg wysiwyg--white\">Magnetstimulation gilt als sicheres Verfahren, deren h\u00e4ufigste Nebenwirkungen <br>relativ mild und vor\u00fcbergehend sind. Die wichtigsten Sicherheitshinweise werden <br>nachstehend gegeben. Bitte sehen Sie in der Bedienungsanleitung nach oder bitten <br>Sie Ihren Arzt um zus\u00e4tzliche Sicherheitshinweise.<\/p><\/div><\/div><\/section>\n\n\n\n<section class=\"mtSpacing-top-medium mtSpacing-bottom-small wp-block-morningmodules-text-media mt-text-media mt-text-media--align-media-right mt-text-media--align-media-mobile-bottom\"><div class=\"mt-text-media__inner\"><div class=\"mt-text-media__media-container\"><img decoding=\"async\" src=\"https:\/\/magventure.com\/de\/wp-content\/uploads\/sites\/5\/2024\/10\/380A5052-1600px.jpg\" alt=\"\" style=\"object-position:50% 50%\"\/><\/div><div class=\"mt-text-media__text-container\"><span class=\"mt-text-media__tagline mt-tagline\"><\/span><h2 class=\"mt-text-media__title\"><\/h2>\n<h2 class=\"wp-block-heading\"><em>Nebenwirkungen &#8211; kortikale Stimulation (Stimulation am Kopf)<\/em><\/h2>\n\n\n\n<p>Die h\u00e4ufigsten berichteten Nebenwirkungen w\u00e4hrend und nach einer TMS-Behandlung sind leichte Kopfhautschmerzen, Kopfschmerzen und ein brennendes Gef\u00fchl im Stimulationsbereich. Diese Nebenwirkungen sind jedoch vor\u00fcbergehend und verschwinden normalerweise sofort oder innerhalb der ersten Therapiewoche. In seltenen F\u00e4llen kann es zu Anf\u00e4llen kommen, aber das Risiko ist sehr gering (weniger als 0,1\u00a0% pro Patient), wenn die Behandlung nach den Sicherheitsempfehlungen f\u00fcr die TMS-Therapie durchgef\u00fchrt wird. (Referenz: Klinische Bewertungsberichte (CERs))<\/p>\n\n\n\n<h2 class=\"wp-block-heading\"><em><em>Kontraindikationen<\/em><\/em><\/h2>\n\n\n\n<p>Das MagVenture-TMS-Therapiesystem erzeugt ein Magnetfeld, das dazu f\u00fchren kann, dass sich metallische Objekte in der N\u00e4he der Stimulationsspule bewegen oder hei\u00df werden. Bei Patienten, die nicht entfernbare magnetempfindliche Metalle oder Metallger\u00e4te in ihrem Kopf oder in K\u00f6rperteilen in der N\u00e4he der Stimulationsspule implantiert haben, k\u00f6nnten durch die Behandlung Nebenwirkungen auftreten, und sie sollten keine Therapie mit dem MagVenture-TMS-Therapiesystem erhalten.<\/p>\n<\/div><\/div><\/section>\n","protected":false},"excerpt":{"rendered":"","protected":false},"author":3,"featured_media":0,"parent":0,"menu_order":0,"comment_status":"closed","ping_status":"closed","template":"","meta":{"_acf_changed":false,"_monsterinsights_skip_tracking":false,"_monsterinsights_sitenote_active":false,"_monsterinsights_sitenote_note":"","_monsterinsights_sitenote_category":0,"footnotes":""},"class_list":["post-24534","page","type-page","status-publish","hentry"],"acf":{"hide_navigation":false,"navigation_color":"white-text","theme_color":"theme-color-dark-blue","hide_footer_instagram":false},"yoast_head":"<!-- This site is optimized with the Yoast SEO plugin v27.3 - https:\/\/yoast.com\/product\/yoast-seo-wordpress\/ -->\n<title>Sicherheitshinweise - MagVenture DE<\/title>\n<meta name=\"robots\" content=\"index, follow, max-snippet:-1, max-image-preview:large, max-video-preview:-1\" \/>\n<link rel=\"canonical\" href=\"https:\/\/magventure.com\/de\/sicherheitshinweise\/\" \/>\n<meta property=\"og:locale\" content=\"de_DE\" \/>\n<meta property=\"og:type\" content=\"article\" \/>\n<meta property=\"og:title\" content=\"Sicherheitshinweise - MagVenture DE\" \/>\n<meta property=\"og:url\" content=\"https:\/\/magventure.com\/de\/sicherheitshinweise\/\" \/>\n<meta property=\"og:site_name\" content=\"MagVenture DE\" \/>\n<meta property=\"article:modified_time\" content=\"2025-01-30T10:33:36+00:00\" \/>\n<meta property=\"og:image\" content=\"https:\/\/magventure.com\/de\/wp-content\/uploads\/sites\/5\/2024\/10\/Salience-Animation-00-50-17-2000x1125.png\" \/>\n<meta name=\"twitter:card\" content=\"summary_large_image\" \/>\n<meta name=\"twitter:label1\" content=\"Gesch\u00e4tzte Lesezeit\" \/>\n\t<meta name=\"twitter:data1\" content=\"2\u00a0Minuten\" \/>\n<script type=\"application\/ld+json\" class=\"yoast-schema-graph\">{\"@context\":\"https:\\\/\\\/schema.org\",\"@graph\":[{\"@type\":\"WebPage\",\"@id\":\"https:\\\/\\\/magventure.com\\\/de\\\/sicherheitshinweise\\\/\",\"url\":\"https:\\\/\\\/magventure.com\\\/de\\\/sicherheitshinweise\\\/\",\"name\":\"Sicherheitshinweise - MagVenture DE\",\"isPartOf\":{\"@id\":\"https:\\\/\\\/magventure.com\\\/de\\\/#website\"},\"primaryImageOfPage\":{\"@id\":\"https:\\\/\\\/magventure.com\\\/de\\\/sicherheitshinweise\\\/#primaryimage\"},\"image\":{\"@id\":\"https:\\\/\\\/magventure.com\\\/de\\\/sicherheitshinweise\\\/#primaryimage\"},\"thumbnailUrl\":\"https:\\\/\\\/magventure.com\\\/de\\\/wp-content\\\/uploads\\\/sites\\\/5\\\/2024\\\/10\\\/Salience-Animation-00-50-17-2000x1125.png\",\"datePublished\":\"2024-10-16T12:26:00+00:00\",\"dateModified\":\"2025-01-30T10:33:36+00:00\",\"breadcrumb\":{\"@id\":\"https:\\\/\\\/magventure.com\\\/de\\\/sicherheitshinweise\\\/#breadcrumb\"},\"inLanguage\":\"de\",\"potentialAction\":[{\"@type\":\"ReadAction\",\"target\":[\"https:\\\/\\\/magventure.com\\\/de\\\/sicherheitshinweise\\\/\"]}]},{\"@type\":\"ImageObject\",\"inLanguage\":\"de\",\"@id\":\"https:\\\/\\\/magventure.com\\\/de\\\/sicherheitshinweise\\\/#primaryimage\",\"url\":\"https:\\\/\\\/magventure.com\\\/de\\\/wp-content\\\/uploads\\\/sites\\\/5\\\/2024\\\/10\\\/Salience-Animation-00-50-17.png\",\"contentUrl\":\"https:\\\/\\\/magventure.com\\\/de\\\/wp-content\\\/uploads\\\/sites\\\/5\\\/2024\\\/10\\\/Salience-Animation-00-50-17.png\",\"width\":2000,\"height\":1125,\"caption\":\"Magnetic stimulation is considered a safe procedure\"},{\"@type\":\"BreadcrumbList\",\"@id\":\"https:\\\/\\\/magventure.com\\\/de\\\/sicherheitshinweise\\\/#breadcrumb\",\"itemListElement\":[{\"@type\":\"ListItem\",\"position\":1,\"name\":\"Home\",\"item\":\"https:\\\/\\\/magventure.com\\\/de\\\/\"},{\"@type\":\"ListItem\",\"position\":2,\"name\":\"Sicherheitshinweise\"}]},{\"@type\":\"WebSite\",\"@id\":\"https:\\\/\\\/magventure.com\\\/de\\\/#website\",\"url\":\"https:\\\/\\\/magventure.com\\\/de\\\/\",\"name\":\"MagVenture DE\",\"description\":\"We are unlocking the science of magnetic stimulation for treatment of depression\",\"potentialAction\":[{\"@type\":\"SearchAction\",\"target\":{\"@type\":\"EntryPoint\",\"urlTemplate\":\"https:\\\/\\\/magventure.com\\\/de\\\/?s={search_term_string}\"},\"query-input\":{\"@type\":\"PropertyValueSpecification\",\"valueRequired\":true,\"valueName\":\"search_term_string\"}}],\"inLanguage\":\"de\"}]}<\/script>\n<!-- \/ Yoast SEO plugin. -->","yoast_head_json":{"title":"Sicherheitshinweise - MagVenture DE","robots":{"index":"index","follow":"follow","max-snippet":"max-snippet:-1","max-image-preview":"max-image-preview:large","max-video-preview":"max-video-preview:-1"},"canonical":"https:\/\/magventure.com\/de\/sicherheitshinweise\/","og_locale":"de_DE","og_type":"article","og_title":"Sicherheitshinweise - MagVenture DE","og_url":"https:\/\/magventure.com\/de\/sicherheitshinweise\/","og_site_name":"MagVenture DE","article_modified_time":"2025-01-30T10:33:36+00:00","og_image":[{"url":"https:\/\/magventure.com\/de\/wp-content\/uploads\/sites\/5\/2024\/10\/Salience-Animation-00-50-17-2000x1125.png","type":"","width":"","height":""}],"twitter_card":"summary_large_image","twitter_misc":{"Gesch\u00e4tzte Lesezeit":"2\u00a0Minuten"},"schema":{"@context":"https:\/\/schema.org","@graph":[{"@type":"WebPage","@id":"https:\/\/magventure.com\/de\/sicherheitshinweise\/","url":"https:\/\/magventure.com\/de\/sicherheitshinweise\/","name":"Sicherheitshinweise - MagVenture DE","isPartOf":{"@id":"https:\/\/magventure.com\/de\/#website"},"primaryImageOfPage":{"@id":"https:\/\/magventure.com\/de\/sicherheitshinweise\/#primaryimage"},"image":{"@id":"https:\/\/magventure.com\/de\/sicherheitshinweise\/#primaryimage"},"thumbnailUrl":"https:\/\/magventure.com\/de\/wp-content\/uploads\/sites\/5\/2024\/10\/Salience-Animation-00-50-17-2000x1125.png","datePublished":"2024-10-16T12:26:00+00:00","dateModified":"2025-01-30T10:33:36+00:00","breadcrumb":{"@id":"https:\/\/magventure.com\/de\/sicherheitshinweise\/#breadcrumb"},"inLanguage":"de","potentialAction":[{"@type":"ReadAction","target":["https:\/\/magventure.com\/de\/sicherheitshinweise\/"]}]},{"@type":"ImageObject","inLanguage":"de","@id":"https:\/\/magventure.com\/de\/sicherheitshinweise\/#primaryimage","url":"https:\/\/magventure.com\/de\/wp-content\/uploads\/sites\/5\/2024\/10\/Salience-Animation-00-50-17.png","contentUrl":"https:\/\/magventure.com\/de\/wp-content\/uploads\/sites\/5\/2024\/10\/Salience-Animation-00-50-17.png","width":2000,"height":1125,"caption":"Magnetic stimulation is considered a safe procedure"},{"@type":"BreadcrumbList","@id":"https:\/\/magventure.com\/de\/sicherheitshinweise\/#breadcrumb","itemListElement":[{"@type":"ListItem","position":1,"name":"Home","item":"https:\/\/magventure.com\/de\/"},{"@type":"ListItem","position":2,"name":"Sicherheitshinweise"}]},{"@type":"WebSite","@id":"https:\/\/magventure.com\/de\/#website","url":"https:\/\/magventure.com\/de\/","name":"MagVenture DE","description":"We are unlocking the science of magnetic stimulation for treatment of depression","potentialAction":[{"@type":"SearchAction","target":{"@type":"EntryPoint","urlTemplate":"https:\/\/magventure.com\/de\/?s={search_term_string}"},"query-input":{"@type":"PropertyValueSpecification","valueRequired":true,"valueName":"search_term_string"}}],"inLanguage":"de"}]}},"_links":{"self":[{"href":"https:\/\/magventure.com\/de\/wp-json\/wp\/v2\/pages\/24534","targetHints":{"allow":["GET"]}}],"collection":[{"href":"https:\/\/magventure.com\/de\/wp-json\/wp\/v2\/pages"}],"about":[{"href":"https:\/\/magventure.com\/de\/wp-json\/wp\/v2\/types\/page"}],"author":[{"embeddable":true,"href":"https:\/\/magventure.com\/de\/wp-json\/wp\/v2\/users\/3"}],"replies":[{"embeddable":true,"href":"https:\/\/magventure.com\/de\/wp-json\/wp\/v2\/comments?post=24534"}],"version-history":[{"count":8,"href":"https:\/\/magventure.com\/de\/wp-json\/wp\/v2\/pages\/24534\/revisions"}],"predecessor-version":[{"id":26331,"href":"https:\/\/magventure.com\/de\/wp-json\/wp\/v2\/pages\/24534\/revisions\/26331"}],"wp:attachment":[{"href":"https:\/\/magventure.com\/de\/wp-json\/wp\/v2\/media?parent=24534"}],"curies":[{"name":"wp","href":"https:\/\/api.w.org\/{rel}","templated":true}]}}