{"id":24540,"date":"2024-10-09T12:34:18","date_gmt":"2024-10-09T12:34:18","guid":{"rendered":"https:\/\/magventure.com\/de\/?page_id=24540"},"modified":"2024-12-11T08:31:31","modified_gmt":"2024-12-11T08:31:31","slug":"depressionen","status":"publish","type":"page","link":"https:\/\/magventure.com\/de\/depressionen\/","title":{"rendered":"Definition von Depression"},"content":{"rendered":"\n<section class=\"wp-block-mag-alternative-subpage-cover mt-alternative-subpage-cover\"><div class=\"mt-alternative-subpage-cover__inner page-container\"><p class=\"mt-alternative-subpage-cover__tagline tagline\">Wie TMS helfen kann<\/p><div class=\"mt-alternative-subpage-cover__title-container\"><h1 class=\"mt-alternative-subpage-cover__title title title--h1 highlight-text\">Erfahren Sie mehr \u00fcber TMS und <strong>Depressionen<\/strong><\/h1><div class=\"mt-alternative-subpage-cover__text-container wysiwyg\"><p class=\"mt-alternative-subpage-cover__text\"><\/p><\/div><\/div><\/div><\/section>\n\n\n\n<section class=\"mtSpacing-top-small mtSpacing-bottom-small wp-block-mag-text-columns-with-button mt-text-columns\"><div class=\"mt-text-columns__inner page-container\"><div class=\"mt-text-columns__title-container\"><p class=\"mt-text-columns__tagline tagline\"><br>Was ist depression?<\/p><h2 class=\"mt-text-columns__title title title--h2\">Klinische Depression<\/h2><\/div><div class=\"mt-text-columns__text-container\"><p class=\"mt-text-columns__text wysiwyg\">Depressionen sind eine weit verbreitete psychische Erkrankung. Nach Angaben der <a href=\"https:\/\/www.who.int\/news-room\/fact-sheets\/detail\/depression\">WHO<\/a> leiden sch\u00e4tzungsweise 3,8 % der Weltbev\u00f6lkerung an einer Depression. Bei etwa 30 % dieser Menschen tritt keine Besserung durch Medikamente oder andere Behandlungsformen ein &#8211; diese Art von Depression wird oft als behandlungsresistente Depression oder MDD (Major Depressive Disorder) bezeichnet.<br>Bei einer Depression arbeitet das Gehirn in den Bereichen, die f\u00fcr Emotionen und Gef\u00fchlsregulation zust\u00e4ndig sind, nicht mit voller Kapazit\u00e4t. Das emotionale Kontrollzentrum des Gehirns ist weniger aktiv oder sogar inaktiv. Die Signale entlang der Nervenbahnen zum und vom Gehirn, die normalerweise Stimmungen und Emotionen regulieren, funktionieren nicht richtig, wenn eine Person klinisch depressiv ist.<\/p><\/div><div class=\"mt-text-columns__button-container\"><\/div><\/div><\/section>\n\n\n\n<section class=\"mtSpacing-top-small mtSpacing-bottom-small wp-block-morningmodules-text-media mt-text-media mt-text-media--align-media-right mt-text-media--align-media-mobile-bottom is-style-bg-default\"><div class=\"mt-text-media__inner\"><div class=\"mt-text-media__media-container\"><img decoding=\"async\" src=\"https:\/\/magventure.com\/de\/wp-content\/uploads\/sites\/5\/2024\/10\/MagVenture_Display02_v02_CMYK-1600px.jpg\" alt=\"\" style=\"object-position:50% 50%\"\/><\/div><div class=\"mt-text-media__text-container\"><span class=\"mt-text-media__tagline mt-tagline\">Wie TMS funktioniert<\/span><h2 class=\"mt-text-media__title\">Wie TMS bei Depressionen wirkt<\/h2>\n<p>Bei der transkraniellen Magnetstimulation (TMS) werden kurze magnetische Impulse an genau die Bereiche des Gehirns gesendet, die von der Depression betroffen sind. Sie stimulieren und aktivieren diese neuronalen Bahnen, so dass die inaktiven Signale wieder aktiviert werden und das emotionale Kontrollzentrum wieder in Gang kommt.<\/p>\n<\/div><\/div><\/section>\n\n\n\n<section class=\"mtSpacing-top-small mtSpacing-bottom-small wp-block-morningmodules-text-link-boxes mt-text-link-boxes mt-text-link-boxes--mobile-slider is-style-bg-default\" data-count=\"3\"><div class=\"mt-text-link-boxes__wrapper\"><div class=\"mt-text-link-boxes__inner\"><div class=\"mt-text-link-boxes__text-container\"><span class=\"mt-text-link-boxes__tagline mt-tagline\">WUSSTEN SIE DAS SCHON?<\/span><h2 class=\"mt-text-link-boxes__title\">Vorteile von TMS<\/h2><\/div><div class=\"mt-text-link-boxes__boxes-wrapper\"><div class=\"swiper\"><div class=\"swiper-wrapper\">\n<div class=\"wp-block-morningmodules-text-link-box mt-text-link-box swiper-slide\"><div class=\"mt-text-link-box__title-container\"><div class=\"mt-text-link-box__icon-container\"><img decoding=\"async\" src=\"https:\/\/magventure.com\/wp-content\/uploads\/2024\/10\/NoAddiction_Orange_Small.png\" alt=\"\" class=\"mt-text-link-box__icon\"\/><\/div><h3 class=\"mt-text-link-box__title\">Nicht-invasiv, keine Narkose<\/h3><\/div><p class=\"mt-text-link-box__text\">Erm\u00f6glicht einen besseren Komfort f\u00fcr die Patienten, weniger Nebenwirkungen und eine h\u00f6here Zug\u00e4nglichkeit zur Behandlung, da keine chirurgischen Verfahren oder Einschnitte damit verbunden sind.<\/p><\/div>\n\n\n\n<div class=\"wp-block-morningmodules-text-link-box mt-text-link-box swiper-slide\"><div class=\"mt-text-link-box__title-container\"><div class=\"mt-text-link-box__icon-container\"><img decoding=\"async\" src=\"https:\/\/magventure.com\/wp-content\/uploads\/2024\/10\/Cognitive_function_Orange_Small.png\" alt=\"\" class=\"mt-text-link-box__icon\"\/><\/div><h3 class=\"mt-text-link-box__title\">Keine Beeintr\u00e4chtigung der kognitiven F\u00e4higkeiten<\/h3><\/div><p class=\"mt-text-link-box__text\">Erm\u00f6glicht Patienten, ihre t\u00e4glichen Aktivit\u00e4ten unmittelbar nach der Behandlung fortzusetzen.<\/p><\/div>\n\n\n\n<div class=\"wp-block-morningmodules-text-link-box mt-text-link-box swiper-slide\"><div class=\"mt-text-link-box__title-container\"><div class=\"mt-text-link-box__icon-container\"><img decoding=\"async\" src=\"https:\/\/magventure.com\/wp-content\/uploads\/2024\/10\/Smiley_1_Orange_Small.png\" alt=\"\" class=\"mt-text-link-box__icon\"\/><\/div><h3 class=\"mt-text-link-box__title\">Milde und vor\u00fcbergehende Nebenwirkungen<\/h3><\/div><p class=\"mt-text-link-box__text\">Die Nebenwirkungen von TMS, wie Beschwerden auf der Kopfhaut oder Kopfschmerzen, sind mild und vor\u00fcbergehend. Es kann auch zu Kribbeln, Muskelzuckungen oder Benommenheit kommen. Diese Nebenwirkungen verschwinden schnell und erfordern keine besondere Behandlung. <a href=\"https:\/\/magventure.com\/de\/safety-information\/\"><strong>Kli<\/strong><\/a><a href=\"https:\/\/magventure.com\/sicherheitshinweise\/\"><strong>cken Sie<\/strong><\/a><strong><a href=\"https:\/\/magventure.com\/sicherheitshinweise\/\"> hier, um mehr \u00fcber TMS-Sicherheitshinweise zu lesen<\/a><\/strong><a href=\"https:\/\/magventure.com\/sicherheitshinweise\/\"><strong>.<\/strong><\/a><\/p><\/div>\n<\/div><\/div><div class=\"mt-text-link-boxes__navigation swiper-bottom-container\"><div class=\"mt-text-link-boxes__swiper-progress swiper-progress\"><\/div><div class=\"mt-text-link-boxes__swiper-buttons swiper-buttons\"><div class=\"mt-text-link-boxes__swiper-button mt-text-link-boxes__swiper-button--prev swiper-button-prev\"><svg xmlns=\"http:\/\/www.w3.org\/2000\/svg\" fill=\"none\" viewBox=\"0 0 9 14\"><path stroke=\"#121212\" stroke-linecap=\"round\" stroke-linejoin=\"round\" stroke-width=\"1.5\" d=\"m1.6 1 6 6.316L1.6 13\"><\/path><\/svg><\/div><div class=\"mt-text-link-boxes__swiper-button mt-text-link-boxes__swiper-button--next swiper-button-next\"><svg xmlns=\"http:\/\/www.w3.org\/2000\/svg\" fill=\"none\" viewBox=\"0 0 9 14\"><path stroke=\"#121212\" stroke-linecap=\"round\" stroke-linejoin=\"round\" stroke-width=\"1.5\" d=\"m1.6 1 6 6.316L1.6 13\"><\/path><\/svg><\/div><\/div><\/div><\/div><\/div><\/div><\/section>\n\n\n\n<section class=\"wp-block-morningmodules-breaker aligncenter mt-breaker mt-breaker--white-text is-style-bg-default\"><div class=\"mt-breaker__container\"><div class=\"mt-breaker__overlay\" style=\"opacity:0.4\"><\/div><div class=\"mt-breaker__image-container object-fit\"><img decoding=\"async\" src=\"https:\/\/magventure.com\/de\/wp-content\/uploads\/sites\/5\/2024\/09\/contact.jpg\" alt=\"\" style=\"object-position:44% 50%\" \/><\/div><div class=\"mt-breaker__inner page-container\"><div class=\"mt-breaker__text-container\"><span class=\"mt-breaker__tagline mt-tagline\">Sprechen Sie mit einem TMS-Experten<\/span><h2 class=\"mt-breaker__title\">Kontakt mit MagVenture aufnehmen<\/h2>\n<p><\/p>\n\n\n\n<div class=\"wp-block-buttons is-layout-flex wp-block-buttons-is-layout-flex\">\n<div class=\"wp-block-button is-style-secondary\" data-open-slide-in=\"main\"><a class=\"wp-block-button__link wp-element-button\">Kontakt<\/a><\/div>\n<\/div>\n<\/div><\/div><\/div><\/section>\n","protected":false},"excerpt":{"rendered":"","protected":false},"author":3,"featured_media":0,"parent":0,"menu_order":0,"comment_status":"closed","ping_status":"closed","template":"","meta":{"_acf_changed":false,"_monsterinsights_skip_tracking":false,"_monsterinsights_sitenote_active":false,"_monsterinsights_sitenote_note":"","_monsterinsights_sitenote_category":0,"footnotes":""},"class_list":["post-24540","page","type-page","status-publish","hentry"],"acf":{"hide_navigation":false,"navigation_color":"white-text","theme_color":"theme-color-dark-blue","hide_footer_instagram":false},"yoast_head":"<!-- This site is optimized with the Yoast SEO plugin v27.3 - https:\/\/yoast.com\/product\/yoast-seo-wordpress\/ -->\n<title>Definition von Depression<\/title>\n<meta name=\"description\" content=\"Depressionen sind eine h\u00e4ufige psychische Erkrankung. MagVenture TMS gibt Patienten, die seit 1992 an Depressionen leiden, neue Hoffnung.\" \/>\n<meta name=\"robots\" content=\"index, follow, max-snippet:-1, max-image-preview:large, max-video-preview:-1\" \/>\n<link rel=\"canonical\" href=\"https:\/\/magventure.com\/de\/depressionen\/\" \/>\n<meta property=\"og:locale\" content=\"de_DE\" \/>\n<meta property=\"og:type\" content=\"article\" \/>\n<meta property=\"og:title\" content=\"Definition von Depression\" \/>\n<meta property=\"og:description\" content=\"Depressionen sind eine h\u00e4ufige psychische Erkrankung. MagVenture TMS gibt Patienten, die seit 1992 an Depressionen leiden, neue Hoffnung.\" \/>\n<meta property=\"og:url\" content=\"https:\/\/magventure.com\/de\/depressionen\/\" \/>\n<meta property=\"og:site_name\" content=\"MagVenture DE\" \/>\n<meta property=\"article:modified_time\" content=\"2024-12-11T08:31:31+00:00\" \/>\n<meta property=\"og:image\" content=\"https:\/\/magventure.com\/de\/wp-content\/uploads\/sites\/5\/2024\/10\/MagVenture_Display02_v02_CMYK-1600px.jpg\" \/>\n<meta name=\"twitter:card\" content=\"summary_large_image\" \/>\n<meta name=\"twitter:label1\" content=\"Gesch\u00e4tzte Lesezeit\" \/>\n\t<meta name=\"twitter:data1\" content=\"3\u00a0Minuten\" \/>\n<script type=\"application\/ld+json\" class=\"yoast-schema-graph\">{\"@context\":\"https:\\\/\\\/schema.org\",\"@graph\":[{\"@type\":\"WebPage\",\"@id\":\"https:\\\/\\\/magventure.com\\\/de\\\/depressionen\\\/\",\"url\":\"https:\\\/\\\/magventure.com\\\/de\\\/depressionen\\\/\",\"name\":\"Definition von Depression\",\"isPartOf\":{\"@id\":\"https:\\\/\\\/magventure.com\\\/de\\\/#website\"},\"primaryImageOfPage\":{\"@id\":\"https:\\\/\\\/magventure.com\\\/de\\\/depressionen\\\/#primaryimage\"},\"image\":{\"@id\":\"https:\\\/\\\/magventure.com\\\/de\\\/depressionen\\\/#primaryimage\"},\"thumbnailUrl\":\"https:\\\/\\\/magventure.com\\\/de\\\/wp-content\\\/uploads\\\/sites\\\/5\\\/2024\\\/10\\\/MagVenture_Display02_v02_CMYK-1600px.jpg\",\"datePublished\":\"2024-10-09T12:34:18+00:00\",\"dateModified\":\"2024-12-11T08:31:31+00:00\",\"description\":\"Depressionen sind eine h\u00e4ufige psychische Erkrankung. MagVenture TMS gibt Patienten, die seit 1992 an Depressionen leiden, neue Hoffnung.\",\"breadcrumb\":{\"@id\":\"https:\\\/\\\/magventure.com\\\/de\\\/depressionen\\\/#breadcrumb\"},\"inLanguage\":\"de\",\"potentialAction\":[{\"@type\":\"ReadAction\",\"target\":[\"https:\\\/\\\/magventure.com\\\/de\\\/depressionen\\\/\"]}]},{\"@type\":\"ImageObject\",\"inLanguage\":\"de\",\"@id\":\"https:\\\/\\\/magventure.com\\\/de\\\/depressionen\\\/#primaryimage\",\"url\":\"https:\\\/\\\/magventure.com\\\/de\\\/wp-content\\\/uploads\\\/sites\\\/5\\\/2024\\\/10\\\/MagVenture_Display02_v02_CMYK-1600px.jpg\",\"contentUrl\":\"https:\\\/\\\/magventure.com\\\/de\\\/wp-content\\\/uploads\\\/sites\\\/5\\\/2024\\\/10\\\/MagVenture_Display02_v02_CMYK-1600px.jpg\",\"width\":1600,\"height\":1248,\"caption\":\"Neurons\"},{\"@type\":\"BreadcrumbList\",\"@id\":\"https:\\\/\\\/magventure.com\\\/de\\\/depressionen\\\/#breadcrumb\",\"itemListElement\":[{\"@type\":\"ListItem\",\"position\":1,\"name\":\"Home\",\"item\":\"https:\\\/\\\/magventure.com\\\/de\\\/\"},{\"@type\":\"ListItem\",\"position\":2,\"name\":\"Definition von Depression\"}]},{\"@type\":\"WebSite\",\"@id\":\"https:\\\/\\\/magventure.com\\\/de\\\/#website\",\"url\":\"https:\\\/\\\/magventure.com\\\/de\\\/\",\"name\":\"MagVenture DE\",\"description\":\"We are unlocking the science of magnetic stimulation for treatment of depression\",\"potentialAction\":[{\"@type\":\"SearchAction\",\"target\":{\"@type\":\"EntryPoint\",\"urlTemplate\":\"https:\\\/\\\/magventure.com\\\/de\\\/?s={search_term_string}\"},\"query-input\":{\"@type\":\"PropertyValueSpecification\",\"valueRequired\":true,\"valueName\":\"search_term_string\"}}],\"inLanguage\":\"de\"}]}<\/script>\n<!-- \/ Yoast SEO plugin. -->","yoast_head_json":{"title":"Definition von Depression","description":"Depressionen sind eine h\u00e4ufige psychische Erkrankung. MagVenture TMS gibt Patienten, die seit 1992 an Depressionen leiden, neue Hoffnung.","robots":{"index":"index","follow":"follow","max-snippet":"max-snippet:-1","max-image-preview":"max-image-preview:large","max-video-preview":"max-video-preview:-1"},"canonical":"https:\/\/magventure.com\/de\/depressionen\/","og_locale":"de_DE","og_type":"article","og_title":"Definition von Depression","og_description":"Depressionen sind eine h\u00e4ufige psychische Erkrankung. MagVenture TMS gibt Patienten, die seit 1992 an Depressionen leiden, neue Hoffnung.","og_url":"https:\/\/magventure.com\/de\/depressionen\/","og_site_name":"MagVenture DE","article_modified_time":"2024-12-11T08:31:31+00:00","og_image":[{"url":"https:\/\/magventure.com\/de\/wp-content\/uploads\/sites\/5\/2024\/10\/MagVenture_Display02_v02_CMYK-1600px.jpg","type":"","width":"","height":""}],"twitter_card":"summary_large_image","twitter_misc":{"Gesch\u00e4tzte Lesezeit":"3\u00a0Minuten"},"schema":{"@context":"https:\/\/schema.org","@graph":[{"@type":"WebPage","@id":"https:\/\/magventure.com\/de\/depressionen\/","url":"https:\/\/magventure.com\/de\/depressionen\/","name":"Definition von Depression","isPartOf":{"@id":"https:\/\/magventure.com\/de\/#website"},"primaryImageOfPage":{"@id":"https:\/\/magventure.com\/de\/depressionen\/#primaryimage"},"image":{"@id":"https:\/\/magventure.com\/de\/depressionen\/#primaryimage"},"thumbnailUrl":"https:\/\/magventure.com\/de\/wp-content\/uploads\/sites\/5\/2024\/10\/MagVenture_Display02_v02_CMYK-1600px.jpg","datePublished":"2024-10-09T12:34:18+00:00","dateModified":"2024-12-11T08:31:31+00:00","description":"Depressionen sind eine h\u00e4ufige psychische Erkrankung. MagVenture TMS gibt Patienten, die seit 1992 an Depressionen leiden, neue Hoffnung.","breadcrumb":{"@id":"https:\/\/magventure.com\/de\/depressionen\/#breadcrumb"},"inLanguage":"de","potentialAction":[{"@type":"ReadAction","target":["https:\/\/magventure.com\/de\/depressionen\/"]}]},{"@type":"ImageObject","inLanguage":"de","@id":"https:\/\/magventure.com\/de\/depressionen\/#primaryimage","url":"https:\/\/magventure.com\/de\/wp-content\/uploads\/sites\/5\/2024\/10\/MagVenture_Display02_v02_CMYK-1600px.jpg","contentUrl":"https:\/\/magventure.com\/de\/wp-content\/uploads\/sites\/5\/2024\/10\/MagVenture_Display02_v02_CMYK-1600px.jpg","width":1600,"height":1248,"caption":"Neurons"},{"@type":"BreadcrumbList","@id":"https:\/\/magventure.com\/de\/depressionen\/#breadcrumb","itemListElement":[{"@type":"ListItem","position":1,"name":"Home","item":"https:\/\/magventure.com\/de\/"},{"@type":"ListItem","position":2,"name":"Definition von Depression"}]},{"@type":"WebSite","@id":"https:\/\/magventure.com\/de\/#website","url":"https:\/\/magventure.com\/de\/","name":"MagVenture DE","description":"We are unlocking the science of magnetic stimulation for treatment of depression","potentialAction":[{"@type":"SearchAction","target":{"@type":"EntryPoint","urlTemplate":"https:\/\/magventure.com\/de\/?s={search_term_string}"},"query-input":{"@type":"PropertyValueSpecification","valueRequired":true,"valueName":"search_term_string"}}],"inLanguage":"de"}]}},"_links":{"self":[{"href":"https:\/\/magventure.com\/de\/wp-json\/wp\/v2\/pages\/24540","targetHints":{"allow":["GET"]}}],"collection":[{"href":"https:\/\/magventure.com\/de\/wp-json\/wp\/v2\/pages"}],"about":[{"href":"https:\/\/magventure.com\/de\/wp-json\/wp\/v2\/types\/page"}],"author":[{"embeddable":true,"href":"https:\/\/magventure.com\/de\/wp-json\/wp\/v2\/users\/3"}],"replies":[{"embeddable":true,"href":"https:\/\/magventure.com\/de\/wp-json\/wp\/v2\/comments?post=24540"}],"version-history":[{"count":9,"href":"https:\/\/magventure.com\/de\/wp-json\/wp\/v2\/pages\/24540\/revisions"}],"predecessor-version":[{"id":26207,"href":"https:\/\/magventure.com\/de\/wp-json\/wp\/v2\/pages\/24540\/revisions\/26207"}],"wp:attachment":[{"href":"https:\/\/magventure.com\/de\/wp-json\/wp\/v2\/media?parent=24540"}],"curies":[{"name":"wp","href":"https:\/\/api.w.org\/{rel}","templated":true}]}}