{"id":24560,"date":"2024-10-11T10:27:22","date_gmt":"2024-10-11T10:27:22","guid":{"rendered":"https:\/\/magventure.com\/de\/?page_id=24560"},"modified":"2024-12-03T09:51:09","modified_gmt":"2024-12-03T09:51:09","slug":"suchtbehandlung","status":"publish","type":"page","link":"https:\/\/magventure.com\/de\/suchtbehandlung\/","title":{"rendered":"Sucht"},"content":{"rendered":"\n<section class=\"wp-block-mag-alternative-subpage-cover mt-alternative-subpage-cover\"><div class=\"mt-alternative-subpage-cover__inner page-container\"><p class=\"mt-alternative-subpage-cover__tagline tagline\">TMS und Sucht<\/p><div class=\"mt-alternative-subpage-cover__title-container\"><h1 class=\"mt-alternative-subpage-cover__title title title--h1 highlight-text\">Erfahren Sie mehr \u00fcber TMS und <strong>Sucht<\/strong><\/h1><div class=\"mt-alternative-subpage-cover__text-container wysiwyg\"><p class=\"mt-alternative-subpage-cover__text\"><\/p><\/div><\/div><\/div><\/section>\n\n\n\n<section class=\"mtSpacing-top-small mtSpacing-bottom-small wp-block-mag-text-columns-with-button mt-text-columns\"><div class=\"mt-text-columns__inner page-container\"><div class=\"mt-text-columns__title-container\"><p class=\"mt-text-columns__tagline tagline\"><br>Was ist Sucht?<\/p><h2 class=\"mt-text-columns__title title title--h2\">Sucht<\/h2><\/div><div class=\"mt-text-columns__text-container\"><p class=\"mt-text-columns__text wysiwyg\">Substanzkonsumst\u00f6rung (SUD) und St\u00f6rung durch Konsum psychoaktiver Substanzen (PSUD), allgemein bekannt als Drogen- und\/oder Alkoholsucht, sind vom DSM-5 anerkannte St\u00f6rungen der psychischen Gesundheit. Der dauerhafte Konsum von Drogen und\/oder Alkohol trotz bedeutender Sch\u00e4den und negativer Konsequenzen als direktes Ergebnis des Konsums ist ein Kennzeichen dieser Krankheiten.<br><br>Substanzkonsumst\u00f6rungen\/Suchterkrankungen sind mit einer Reihe emotionaler und psychologischer Probleme verbunden und bestehen oft neben anderen psychischen Erkrankungen. Eine psychische Erkrankung gilt als Risikofaktor f\u00fcr eine Sucht. Der nachfolgende Schaden und die Konsequenzen einer Sucht k\u00f6nnen weitreichend sein, einschlie\u00dflich negativer Auswirkungen auf die physische und psychische Gesundheit einer Person sowie auf ihre wirtschaftliche Situation, ihre Familie, Gemeinschaften und die Gesellschaft im Allgemeinen.<br>Laut WHO wurde gesch\u00e4tzt, dass 2017 weltweit 271 Millionen Menschen (5,5&nbsp;% der Erwachsenen) eine oder mehrere illegale Drogen konsumiert haben. Es wurde angenommen, dass 35 Millionen von diesen eine Substanzkonsumst\u00f6rung hatten. Und es wurde gesch\u00e4tzt, dass unter diesen 35 Millionen nur einer von sieben eine Behandlung erhalten hat. Es kommt h\u00e4ufig bei Menschen mit Zwangsst\u00f6rungen vor, dass sie andere Krankheiten wie u.&nbsp;a. schwere Depression, bipolare St\u00f6rung, allgemeine Angst und Essst\u00f6rungen erleben.<br>Die WHO f\u00fchrt Angstst\u00f6rungen, einschlie\u00dflich Zwangsst\u00f6rungen, als sechstgr\u00f6\u00dften beitragenden Faktor zu nicht t\u00f6dlichem Gesundheitsverlust weltweit auf. 40-60&nbsp;% der Patienten mit Zwangsst\u00f6rungen erzielen mit Medikamenten oder Verhaltenstherapien keine Verbesserung. F\u00fcr diese Patienten bietet die transkranielle Magnetstimulation (TMS) eine sinnvolle Alternative.<\/p><\/div><div class=\"mt-text-columns__button-container\"><\/div><\/div><\/section>\n\n\n\n<section class=\"mtSpacing-top-small mtSpacing-bottom-small wp-block-morningmodules-text-media mt-text-media mt-text-media--align-media-right mt-text-media--align-media-mobile-bottom is-style-bg-secondary\"><div class=\"mt-text-media__inner\"><div class=\"mt-text-media__media-container\"><img decoding=\"async\" src=\"https:\/\/magventure.com\/de\/wp-content\/uploads\/sites\/5\/2024\/10\/Psychologist-e1677748116983.jpg\" alt=\"\" style=\"object-position:50% 50%\"\/><\/div><div class=\"mt-text-media__text-container\"><span class=\"mt-text-media__tagline mt-tagline\">TMS reduziert das Verlangen<\/span><h2 class=\"mt-text-media__title\">Suchtbehandlung<\/h2>\n<p><\/p>\n\n\n\n<p>Der erste Behandlungsweg gegen Sucht sind allgemein Beratungen und Psychotherapie. Besonders die Verwendung von Methoden wie Kognitive Verhaltenstherapie (CBT) und Dialektische Verhaltenstherapie (DBT). Leider sind diese Therapieformen nicht immer leicht verf\u00fcgbar oder zug\u00e4nglich. Beratung und Psychotherapie erfordern einen mittel- bis langfristigen Einsatz und aktive Mitwirkung des Patienten, und eine Erholung kann ein langsamer Prozess sein. Aktuell gibt es keine wirksamen Behandlungen auf Medikamentenbasis gegen Sucht.<\/p>\n\n\n\n<p>Es hat sich gezeigt, dass die transkranielle Magnetstimulation (TMS) die Einnahme von und das Verlangen nach Substanzen reduziert. Und deshalb gilt sie als wirksame Begleitung von Beratungen und Psychotherapie zur Behandlung einer Sucht.<\/p>\n\n\n\n<p>TMS ist kein Heilmittel gegen Sucht \u2013 die eine chronische, wiederkehrende Krankheit ist. Aber die wohltuende Wirkung von TMS ist dauerhaft und stabil, und TMS kann erneut verabreicht werden. Es hat sich gezeigt, dass TMS einige der komorbiden Symptome in Verbindung mit einer Sucht, wie Depression und Angst, reduziert.<\/p>\n<\/div><\/div><\/section>\n\n\n\n<section class=\"mtSpacing-top-small mtSpacing-bottom-small wp-block-mag-text-columns-with-button mt-text-columns\"><div class=\"mt-text-columns__inner page-container\"><div class=\"mt-text-columns__title-container\"><p class=\"mt-text-columns__tagline tagline\">Wie TMS funktioniert<\/p><h2 class=\"mt-text-columns__title title title--h2\">Wie mit TMS eine Substanzkonsum-st\u00f6rung\/Sucht behandelt werden kann<\/h2><\/div><div class=\"mt-text-columns__text-container\"><p class=\"mt-text-columns__text wysiwyg\">Die transkranielle Magnetstimulation (TMS) funktioniert, indem kurze magnetische Impulse an den dorsolateralen pr\u00e4frontalen Kortex (DLPFC) gesendet werden \u2013 den Hirnbereich, der von den Symptomen einer Sucht betroffen ist, besonders Verlangen und Zwang. Die Aktivierung des DLPFC mit Hochfrequenz-TMS verbessert Entscheidungsfindungsprozesse und wirkt gegen die Suche nach Substanzen und impulsives Verhalten, und sie verbessert auch die F\u00e4higkeit, Verlangen zu bew\u00e4ltigen, indem sie die Funktion des DLPFC verbessert. Die CE-Zulassungen der TMS-Therapie von MagVenture basieren auf einschl\u00e4gigen klinischen TMS-Forschungsstudien.<br><br>Eine Pilotstudie, die bei der Stiftung Novella Fronda durchgef\u00fchrt wurde, zeigte eine Wirkung von 69&nbsp;% f\u00fcr die TMS-Gruppe im Vergleich zu 19&nbsp;% f\u00fcr die Kontrollgruppe, die die Standardbehandlung gegen Sucht erhielt. Diesen anf\u00e4nglichen Befunden folgte eine Beobachtungsuntersuchung von 284 Personen mit Kokainsucht. Nachdem sie eine TMS-Therapie erhalten hatten, wurden sie zwei Jahre und acht Monate beobachtet. Die Ergebnisse zeigten deutlich, dass die TMS-Therapie zu lange anhaltenden Reduktionen des Kokainkonsums f\u00fchrte.<br><br>Graziella Madeo, Neurologin und Koordinatorin des Forschungsprojekts, erkl\u00e4rt: \u201eTMS kann das abnormale Verhalten \u00e4ndern, indem es die zugrunde liegende Funktionsst\u00f6rung der Gehirnschaltkreise angeht, die durch Substanzkonsum ausgel\u00f6st wird. Nicht nur das Verlangen ist reduziert oder fehlt, sondern unsere Patienten erleben auch \u00c4nderungen in anderen Aspekten ihres Lebens, einschlie\u00dflich einer gr\u00f6\u00dferen Kontrolle bei Zust\u00e4nden, die m\u00f6glicherweise einen R\u00fcckfall beim Kokainkonsum ausl\u00f6sen. TMS bietet eine zus\u00e4tzliche Form der Behandlung f\u00fcr Patienten mit Zwangsst\u00f6rungen und anderen psychischen Erkrankungen wie Angst, Depression und Sucht.<br> <\/p><\/div><div class=\"mt-text-columns__button-container\">\n<div class=\"wp-block-buttons is-layout-flex wp-block-buttons-is-layout-flex\">\n<div class=\"wp-block-button\"><a class=\"wp-block-button__link wp-element-button\" href=\"https:\/\/pubmed.ncbi.nlm.nih.gov\/32180745\/\">Lesen Sie die Studie<\/a><\/div>\n<\/div>\n<\/div><\/div><\/section>\n\n\n\n<section class=\"mtSpacing-top-small mtSpacing-bottom-small wp-block-mag-text-columns-with-button mt-text-columns\"><div class=\"mt-text-columns__inner page-container\"><div class=\"mt-text-columns__title-container\"><p class=\"mt-text-columns__tagline tagline\"><br>TMS &#8211; eine beliebte Behandlung<\/p><h2 class=\"mt-text-columns__title title title--h2\">Eine der am schnellsten wachsenden Therapien bei psychischen Erkrankungen<\/h2><\/div><div class=\"mt-text-columns__text-container\"><p class=\"mt-text-columns__text wysiwyg\">TMS ist sicher, nicht-invasiv und f\u00fcr die allermeisten Patienten gut vertr\u00e4glich. Aufgrund seiner hohen Wirksamkeit ist TMS eine der am schnellsten wachsenden Behandlungen bei psychischen Erkrankungen. TMS ist eine sinnvolle erg\u00e4nzende Therapie f\u00fcr Psychiater und Psychologen, die Patienten mit Sucht und anderen psychischen Erkrankungen eine zus\u00e4tzliche Form der Behandlung anbieten m\u00f6chten.<\/p><\/div><div class=\"mt-text-columns__button-container\"><\/div><\/div><\/section>\n\n\n\n<section class=\"mtSpacing-top-small mtSpacing-bottom-small wp-block-mag-text-columns-with-button mt-text-columns\"><div class=\"mt-text-columns__inner page-container\"><div class=\"mt-text-columns__title-container\"><p class=\"mt-text-columns__tagline tagline\"><br>TMS im Rahmen einer starken kombinierten L\u00f6sung<\/p><h2 class=\"mt-text-columns__title title title--h2\">TMS im Rahmen eines kombinierten Behandlungsansatzes<\/h2><\/div><div class=\"mt-text-columns__text-container\"><p class=\"mt-text-columns__text wysiwyg\">Wie vorstehend bemerkt, gibt es Belege daf\u00fcr, dass, wenn Patienten mehreren Behandlungsmodalit\u00e4ten unterzogen werden, dies zu verbesserten Ergebnissen f\u00fchren kann. TMS in Verbindung mit w\u00f6chentlicher Beratung oder Psychotherapie, besonders mit Behandlungsarten wie Kognitiver Verhaltenstherapie und Dialektischer Verhaltenstherapie, k\u00f6nnen Patienten mit Instrumenten zur Bew\u00e4ltigung negativer Gedanken und destruktiver Verhaltensweisen helfen, w\u00e4hrend sie lernen, konstruktivere Gewohnheiten und Verhaltensweisen anzunehmen.<br><br><br><br>Wenn Sie die TMS-Behandlung als zus\u00e4tzliche Option in Ihrer psychiatrischen oder psychologischen Praxis einf\u00fchren, k\u00f6nnen Sie das Angebot an Ihre Patienten hervorragend diversifizieren und Ihren Betrieb f\u00fcr die Zukunft sichern. Sie k\u00f6nnen nicht nur einen Unterschied im Leben der Menschen machen, indem Sie ihnen helfen, die Symptome psychischer Erkrankungen, einschlie\u00dflich Sucht, zu reduzieren, sondern auch Ihren Betrieb erweitern und die Rentabilit\u00e4t erh\u00f6hen. TMS ist eine der am schnellsten wachsenden Behandlungen bei psychischen Erkrankungen. Sie ist eine sinnvolle erg\u00e4nzende Therapie f\u00fcr Psychiater und Psychologen, die Patienten mit einer Sucht und anderen psychischen Erkrankungen eine zus\u00e4tzliche Form der Behandlung anbieten m\u00f6chten.<\/p><\/div><div class=\"mt-text-columns__button-container\">\n<div class=\"wp-block-buttons is-layout-flex wp-block-buttons-is-layout-flex\">\n<div class=\"wp-block-button\"><a class=\"wp-block-button__link wp-element-button\" href=\"https:\/\/pub.flowpaper.com\/docs\/https:\/\/neurocareclinics.com.au\/wp-content\/uploads\/sites\/5\/2018\/04\/Donse-et-al-2017-Simultaneous-rTMS-and-psychotherapy-in-major-depressive-disorder.pdf\">Lesen Sie die Studie<\/a><\/div>\n<\/div>\n<\/div><\/div><\/section>\n\n\n\n<figure class=\"wp-block-image aligncenter size-large\"><img fetchpriority=\"high\" decoding=\"async\" width=\"1024\" height=\"683\" src=\"https:\/\/magventure.com\/de\/wp-content\/uploads\/sites\/5\/2024\/10\/380A4716-representation-1024x683.jpg\" alt=\"\" class=\"wp-image-24643\" srcset=\"https:\/\/magventure.com\/de\/wp-content\/uploads\/sites\/5\/2024\/10\/380A4716-representation-1024x683.jpg 1024w, https:\/\/magventure.com\/de\/wp-content\/uploads\/sites\/5\/2024\/10\/380A4716-representation.jpg 2000w, https:\/\/magventure.com\/de\/wp-content\/uploads\/sites\/5\/2024\/10\/380A4716-representation-1200x800.jpg 1200w, https:\/\/magventure.com\/de\/wp-content\/uploads\/sites\/5\/2024\/10\/380A4716-representation-1000x667.jpg 1000w, https:\/\/magventure.com\/de\/wp-content\/uploads\/sites\/5\/2024\/10\/380A4716-representation-800x534.jpg 800w, https:\/\/magventure.com\/de\/wp-content\/uploads\/sites\/5\/2024\/10\/380A4716-representation-600x400.jpg 600w, https:\/\/magventure.com\/de\/wp-content\/uploads\/sites\/5\/2024\/10\/380A4716-representation-300x200.jpg 300w, https:\/\/magventure.com\/de\/wp-content\/uploads\/sites\/5\/2024\/10\/380A4716-representation-768x512.jpg 768w, https:\/\/magventure.com\/de\/wp-content\/uploads\/sites\/5\/2024\/10\/380A4716-representation-1536x1025.jpg 1536w\" sizes=\"(max-width: 1024px) 100vw, 1024px\" \/><\/figure>\n\n\n\n<section class=\"mtSpacing-top-small mtSpacing-bottom-small wp-block-morningmodules-text-link-boxes mt-text-link-boxes mt-text-link-boxes--mobile-slider is-style-bg-secondary\" data-count=\"3\"><div class=\"mt-text-link-boxes__wrapper\"><div class=\"mt-text-link-boxes__inner\"><div class=\"mt-text-link-boxes__text-container\"><span class=\"mt-text-link-boxes__tagline mt-tagline\"><br>WUSSTEN SIE DAS SCHON?<\/span><h2 class=\"mt-text-link-boxes__title\">Vorteile von TMS<\/h2><\/div><div class=\"mt-text-link-boxes__boxes-wrapper\"><div class=\"swiper\"><div class=\"swiper-wrapper\">\n\n<div class=\"wp-block-morningmodules-text-link-box mt-text-link-box swiper-slide\"><div class=\"mt-text-link-box__title-container\"><div class=\"mt-text-link-box__icon-container\"><img decoding=\"async\" src=\"https:\/\/magventure.com\/de\/wp-content\/uploads\/sites\/5\/2024\/10\/Non-invasive_Orange_Small.png\" alt=\"\" class=\"mt-text-link-box__icon\" \/><\/div><h3 class=\"mt-text-link-box__title\">Nicht-invasiv, keine Narkose<\/h3><\/div><p class=\"mt-text-link-box__text\">Erm\u00f6glicht einen besseren Komfort f\u00fcr die Patienten, weniger Nebenwirkungen und eine h\u00f6here Zug\u00e4nglichkeit zur Behandlung, da keine chirurgischen Verfahren oder Einschnitte damit verbunden sind.<\/p><\/div>\n\n\n<div class=\"wp-block-morningmodules-text-link-box mt-text-link-box swiper-slide\"><div class=\"mt-text-link-box__title-container\"><div class=\"mt-text-link-box__icon-container\"><img decoding=\"async\" src=\"https:\/\/magventure.com\/de\/wp-content\/uploads\/sites\/5\/2024\/10\/Cognitive_function_Orange_Small.png\" alt=\"\" class=\"mt-text-link-box__icon\" \/><\/div><h3 class=\"mt-text-link-box__title\">Keine Beeintr\u00e4chtigung der kognitiven F\u00e4higkeiten<\/h3><\/div><p class=\"mt-text-link-box__text\">Erm\u00f6glicht Patienten, ihre t\u00e4glichen Aktivit\u00e4ten unmittelbar nach der Behandlung fortzusetzen.<\/p><\/div>\n\n\n<div class=\"wp-block-morningmodules-text-link-box mt-text-link-box swiper-slide\"><div class=\"mt-text-link-box__title-container\"><div class=\"mt-text-link-box__icon-container\"><img decoding=\"async\" src=\"https:\/\/magventure.com\/de\/wp-content\/uploads\/sites\/5\/2024\/10\/Side_effects_Orange_Small.png\" alt=\"\" class=\"mt-text-link-box__icon\" \/><\/div><h3 class=\"mt-text-link-box__title\">Serie von impulsf\u00f6rmigen Magnetstimuli an das Gehirn<\/h3><\/div><p class=\"mt-text-link-box__text\">Die Nebenwirkungen von TMS, wie Beschwerden auf der Kopfhaut oder Kopfschmerzen, sind mild und vor\u00fcbergehend. Es kann auch zu Kribbeln, Muskelzuckungen oder Benommenheit kommen. Diese Nebenwirkungen verschwinden schnell und erfordern keine besondere Behandlung.<\/p><\/div>\n\n<\/div><\/div><div class=\"mt-text-link-boxes__navigation swiper-bottom-container\"><div class=\"mt-text-link-boxes__swiper-progress swiper-progress\"><\/div><div class=\"mt-text-link-boxes__swiper-buttons swiper-buttons\"><div class=\"mt-text-link-boxes__swiper-button mt-text-link-boxes__swiper-button--prev swiper-button-prev\"><\/div><div class=\"mt-text-link-boxes__swiper-button mt-text-link-boxes__swiper-button--next swiper-button-next\"><\/div><\/div><\/div><\/div><\/div><\/div><\/section>\n\n\n\n<section class=\"wp-block-morningmodules-breaker aligncenter mt-breaker mt-breaker--white-text is-style-bg-default\"><div class=\"mt-breaker__container\"><div class=\"mt-breaker__overlay\" style=\"opacity:0.4\"><\/div><div class=\"mt-breaker__image-container object-fit\"><img decoding=\"async\" src=\"https:\/\/magventure.com\/de\/wp-content\/uploads\/sites\/5\/2024\/09\/contact.jpg\" alt=\"\" style=\"object-position:44% 50%\" \/><\/div><div class=\"mt-breaker__inner page-container\"><div class=\"mt-breaker__text-container\"><span class=\"mt-breaker__tagline mt-tagline\">Sprechen Sie mit einem TMS-Experten<\/span><h2 class=\"mt-breaker__title\">Kontakt mit MagVenture aufnehmen<\/h2>\n<p><\/p>\n\n\n\n<div class=\"wp-block-buttons is-layout-flex wp-block-buttons-is-layout-flex\">\n<div class=\"wp-block-button is-style-secondary\" data-open-slide-in=\"main\"><a class=\"wp-block-button__link wp-element-button\">Kontakt<\/a><\/div>\n<\/div>\n<\/div><\/div><\/div><\/section>\n","protected":false},"excerpt":{"rendered":"","protected":false},"author":3,"featured_media":25374,"parent":0,"menu_order":0,"comment_status":"closed","ping_status":"closed","template":"","meta":{"_acf_changed":false,"_monsterinsights_skip_tracking":false,"_monsterinsights_sitenote_active":false,"_monsterinsights_sitenote_note":"","_monsterinsights_sitenote_category":0,"footnotes":""},"class_list":["post-24560","page","type-page","status-publish","has-post-thumbnail","hentry"],"acf":{"hide_navigation":false,"navigation_color":"white-text","theme_color":"theme-color-dark-blue","hide_footer_instagram":false},"yoast_head":"<!-- This site is optimized with the Yoast SEO plugin v27.3 - https:\/\/yoast.com\/product\/yoast-seo-wordpress\/ -->\n<title>Suchtbehandlung Sucht - MagVenture DE<\/title>\n<meta name=\"description\" content=\"TMS kann eine sinnvolle alternative Behandlung f\u00fcr Suchterkrankungen sein. MagVenture ist ein f\u00fchrendes Unternehmen in der Herstellung von TMS-Ger\u00e4ten.\" \/>\n<meta name=\"robots\" content=\"index, follow, max-snippet:-1, max-image-preview:large, max-video-preview:-1\" \/>\n<link rel=\"canonical\" href=\"https:\/\/magventure.com\/de\/suchtbehandlung\/\" \/>\n<meta property=\"og:locale\" content=\"de_DE\" \/>\n<meta property=\"og:type\" content=\"article\" \/>\n<meta property=\"og:title\" content=\"Suchtbehandlung Sucht - MagVenture DE\" \/>\n<meta property=\"og:description\" content=\"TMS kann eine sinnvolle alternative Behandlung f\u00fcr Suchterkrankungen sein. MagVenture ist ein f\u00fchrendes Unternehmen in der Herstellung von TMS-Ger\u00e4ten.\" \/>\n<meta property=\"og:url\" content=\"https:\/\/magventure.com\/de\/suchtbehandlung\/\" \/>\n<meta property=\"og:site_name\" content=\"MagVenture DE\" \/>\n<meta property=\"article:modified_time\" content=\"2024-12-03T09:51:09+00:00\" \/>\n<meta property=\"og:image\" content=\"https:\/\/magventure.com\/de\/wp-content\/uploads\/sites\/5\/2024\/10\/PSUD-scaled.jpg\" \/>\n\t<meta property=\"og:image:width\" content=\"2000\" \/>\n\t<meta property=\"og:image:height\" content=\"1337\" \/>\n\t<meta property=\"og:image:type\" content=\"image\/jpeg\" \/>\n<meta name=\"twitter:card\" content=\"summary_large_image\" \/>\n<meta name=\"twitter:label1\" content=\"Gesch\u00e4tzte Lesezeit\" \/>\n\t<meta name=\"twitter:data1\" content=\"6\u00a0Minuten\" \/>\n<script type=\"application\/ld+json\" class=\"yoast-schema-graph\">{\"@context\":\"https:\\\/\\\/schema.org\",\"@graph\":[{\"@type\":\"WebPage\",\"@id\":\"https:\\\/\\\/magventure.com\\\/de\\\/suchtbehandlung\\\/\",\"url\":\"https:\\\/\\\/magventure.com\\\/de\\\/suchtbehandlung\\\/\",\"name\":\"Suchtbehandlung Sucht - MagVenture DE\",\"isPartOf\":{\"@id\":\"https:\\\/\\\/magventure.com\\\/de\\\/#website\"},\"primaryImageOfPage\":{\"@id\":\"https:\\\/\\\/magventure.com\\\/de\\\/suchtbehandlung\\\/#primaryimage\"},\"image\":{\"@id\":\"https:\\\/\\\/magventure.com\\\/de\\\/suchtbehandlung\\\/#primaryimage\"},\"thumbnailUrl\":\"https:\\\/\\\/magventure.com\\\/de\\\/wp-content\\\/uploads\\\/sites\\\/5\\\/2024\\\/10\\\/PSUD-scaled.jpg\",\"datePublished\":\"2024-10-11T10:27:22+00:00\",\"dateModified\":\"2024-12-03T09:51:09+00:00\",\"description\":\"TMS kann eine sinnvolle alternative Behandlung f\u00fcr Suchterkrankungen sein. MagVenture ist ein f\u00fchrendes Unternehmen in der Herstellung von TMS-Ger\u00e4ten.\",\"breadcrumb\":{\"@id\":\"https:\\\/\\\/magventure.com\\\/de\\\/suchtbehandlung\\\/#breadcrumb\"},\"inLanguage\":\"de\",\"potentialAction\":[{\"@type\":\"ReadAction\",\"target\":[\"https:\\\/\\\/magventure.com\\\/de\\\/suchtbehandlung\\\/\"]}]},{\"@type\":\"ImageObject\",\"inLanguage\":\"de\",\"@id\":\"https:\\\/\\\/magventure.com\\\/de\\\/suchtbehandlung\\\/#primaryimage\",\"url\":\"https:\\\/\\\/magventure.com\\\/de\\\/wp-content\\\/uploads\\\/sites\\\/5\\\/2024\\\/10\\\/PSUD-scaled.jpg\",\"contentUrl\":\"https:\\\/\\\/magventure.com\\\/de\\\/wp-content\\\/uploads\\\/sites\\\/5\\\/2024\\\/10\\\/PSUD-scaled.jpg\",\"width\":2000,\"height\":1337,\"caption\":\"Doctor, patient and holding hands for empathy, trust and hope in consulting, support and healthcare insurance. Kindness, counseling and therapy from medical worker, psychology help and mental health\"},{\"@type\":\"BreadcrumbList\",\"@id\":\"https:\\\/\\\/magventure.com\\\/de\\\/suchtbehandlung\\\/#breadcrumb\",\"itemListElement\":[{\"@type\":\"ListItem\",\"position\":1,\"name\":\"Home\",\"item\":\"https:\\\/\\\/magventure.com\\\/de\\\/\"},{\"@type\":\"ListItem\",\"position\":2,\"name\":\"Sucht\"}]},{\"@type\":\"WebSite\",\"@id\":\"https:\\\/\\\/magventure.com\\\/de\\\/#website\",\"url\":\"https:\\\/\\\/magventure.com\\\/de\\\/\",\"name\":\"MagVenture DE\",\"description\":\"We are unlocking the science of magnetic stimulation for treatment of depression\",\"potentialAction\":[{\"@type\":\"SearchAction\",\"target\":{\"@type\":\"EntryPoint\",\"urlTemplate\":\"https:\\\/\\\/magventure.com\\\/de\\\/?s={search_term_string}\"},\"query-input\":{\"@type\":\"PropertyValueSpecification\",\"valueRequired\":true,\"valueName\":\"search_term_string\"}}],\"inLanguage\":\"de\"}]}<\/script>\n<!-- \/ Yoast SEO plugin. -->","yoast_head_json":{"title":"Suchtbehandlung Sucht - MagVenture DE","description":"TMS kann eine sinnvolle alternative Behandlung f\u00fcr Suchterkrankungen sein. MagVenture ist ein f\u00fchrendes Unternehmen in der Herstellung von TMS-Ger\u00e4ten.","robots":{"index":"index","follow":"follow","max-snippet":"max-snippet:-1","max-image-preview":"max-image-preview:large","max-video-preview":"max-video-preview:-1"},"canonical":"https:\/\/magventure.com\/de\/suchtbehandlung\/","og_locale":"de_DE","og_type":"article","og_title":"Suchtbehandlung Sucht - MagVenture DE","og_description":"TMS kann eine sinnvolle alternative Behandlung f\u00fcr Suchterkrankungen sein. MagVenture ist ein f\u00fchrendes Unternehmen in der Herstellung von TMS-Ger\u00e4ten.","og_url":"https:\/\/magventure.com\/de\/suchtbehandlung\/","og_site_name":"MagVenture DE","article_modified_time":"2024-12-03T09:51:09+00:00","og_image":[{"width":2000,"height":1337,"url":"https:\/\/magventure.com\/de\/wp-content\/uploads\/sites\/5\/2024\/10\/PSUD-scaled.jpg","type":"image\/jpeg"}],"twitter_card":"summary_large_image","twitter_misc":{"Gesch\u00e4tzte Lesezeit":"6\u00a0Minuten"},"schema":{"@context":"https:\/\/schema.org","@graph":[{"@type":"WebPage","@id":"https:\/\/magventure.com\/de\/suchtbehandlung\/","url":"https:\/\/magventure.com\/de\/suchtbehandlung\/","name":"Suchtbehandlung Sucht - MagVenture DE","isPartOf":{"@id":"https:\/\/magventure.com\/de\/#website"},"primaryImageOfPage":{"@id":"https:\/\/magventure.com\/de\/suchtbehandlung\/#primaryimage"},"image":{"@id":"https:\/\/magventure.com\/de\/suchtbehandlung\/#primaryimage"},"thumbnailUrl":"https:\/\/magventure.com\/de\/wp-content\/uploads\/sites\/5\/2024\/10\/PSUD-scaled.jpg","datePublished":"2024-10-11T10:27:22+00:00","dateModified":"2024-12-03T09:51:09+00:00","description":"TMS kann eine sinnvolle alternative Behandlung f\u00fcr Suchterkrankungen sein. MagVenture ist ein f\u00fchrendes Unternehmen in der Herstellung von TMS-Ger\u00e4ten.","breadcrumb":{"@id":"https:\/\/magventure.com\/de\/suchtbehandlung\/#breadcrumb"},"inLanguage":"de","potentialAction":[{"@type":"ReadAction","target":["https:\/\/magventure.com\/de\/suchtbehandlung\/"]}]},{"@type":"ImageObject","inLanguage":"de","@id":"https:\/\/magventure.com\/de\/suchtbehandlung\/#primaryimage","url":"https:\/\/magventure.com\/de\/wp-content\/uploads\/sites\/5\/2024\/10\/PSUD-scaled.jpg","contentUrl":"https:\/\/magventure.com\/de\/wp-content\/uploads\/sites\/5\/2024\/10\/PSUD-scaled.jpg","width":2000,"height":1337,"caption":"Doctor, patient and holding hands for empathy, trust and hope in consulting, support and healthcare insurance. Kindness, counseling and therapy from medical worker, psychology help and mental health"},{"@type":"BreadcrumbList","@id":"https:\/\/magventure.com\/de\/suchtbehandlung\/#breadcrumb","itemListElement":[{"@type":"ListItem","position":1,"name":"Home","item":"https:\/\/magventure.com\/de\/"},{"@type":"ListItem","position":2,"name":"Sucht"}]},{"@type":"WebSite","@id":"https:\/\/magventure.com\/de\/#website","url":"https:\/\/magventure.com\/de\/","name":"MagVenture DE","description":"We are unlocking the science of magnetic stimulation for treatment of depression","potentialAction":[{"@type":"SearchAction","target":{"@type":"EntryPoint","urlTemplate":"https:\/\/magventure.com\/de\/?s={search_term_string}"},"query-input":{"@type":"PropertyValueSpecification","valueRequired":true,"valueName":"search_term_string"}}],"inLanguage":"de"}]}},"_links":{"self":[{"href":"https:\/\/magventure.com\/de\/wp-json\/wp\/v2\/pages\/24560","targetHints":{"allow":["GET"]}}],"collection":[{"href":"https:\/\/magventure.com\/de\/wp-json\/wp\/v2\/pages"}],"about":[{"href":"https:\/\/magventure.com\/de\/wp-json\/wp\/v2\/types\/page"}],"author":[{"embeddable":true,"href":"https:\/\/magventure.com\/de\/wp-json\/wp\/v2\/users\/3"}],"replies":[{"embeddable":true,"href":"https:\/\/magventure.com\/de\/wp-json\/wp\/v2\/comments?post=24560"}],"version-history":[{"count":9,"href":"https:\/\/magventure.com\/de\/wp-json\/wp\/v2\/pages\/24560\/revisions"}],"predecessor-version":[{"id":26103,"href":"https:\/\/magventure.com\/de\/wp-json\/wp\/v2\/pages\/24560\/revisions\/26103"}],"wp:featuredmedia":[{"embeddable":true,"href":"https:\/\/magventure.com\/de\/wp-json\/wp\/v2\/media\/25374"}],"wp:attachment":[{"href":"https:\/\/magventure.com\/de\/wp-json\/wp\/v2\/media?parent=24560"}],"curies":[{"name":"wp","href":"https:\/\/api.w.org\/{rel}","templated":true}]}}