{"id":24751,"date":"2024-12-02T10:24:29","date_gmt":"2024-12-02T10:24:29","guid":{"rendered":"https:\/\/magventure.com\/de\/?page_id=24751"},"modified":"2024-12-02T10:24:35","modified_gmt":"2024-12-02T10:24:35","slug":"e-book-einfuhrung-der-tms-bei-depressionen","status":"publish","type":"page","link":"https:\/\/magventure.com\/de\/e-book-einfuhrung-der-tms-bei-depressionen\/","title":{"rendered":"e-book Einf\u00fchrung der TMS bei depressionen"},"content":{"rendered":"\n<section class=\"wp-block-mag-cover mt-cover is-style-dark\"><div class=\"mt-cover__image-container object-fit\"><picture><source srcset=\"https:\/\/magventure.com\/de\/wp-content\/uploads\/sites\/5\/2024\/11\/380A4029-edited-600x338.jpg\" media=\"(max-width: 580px)\"\/><source srcset=\"https:\/\/magventure.com\/de\/wp-content\/uploads\/sites\/5\/2024\/11\/380A4029-edited-1200x675.jpg\" media=\"(max-width: 1200px)\"\/><img decoding=\"async\" src=\"https:\/\/magventure.com\/de\/wp-content\/uploads\/sites\/5\/2024\/11\/380A4029-edited.jpg\" alt=\"\"\/><\/picture><\/div><div class=\"mt-cover__inner page-container\"><div class=\"mt-cover__text-container\"><p class=\"mt-cover__tagline tagline tagline--white\"><\/p><h1 class=\"mt-cover__title title--h1 title--white highlight-text\"><\/h1><p class=\"mt-cover__text wysiwyg wysiwyg--white\"><\/p><\/div><\/div><\/section>\n\n\n\n<section class=\"mtSpacing-top-medium mtSpacing-bottom-medium wp-block-morningmodules-text-media mt-text-media mt-text-media--align-media-right mt-text-media--align-media-mobile-bottom is-style-bg-tertiary\"><div class=\"mt-text-media__inner\"><div class=\"mt-text-media__media-container\"><img decoding=\"async\" src=\"https:\/\/magventure.com\/de\/wp-content\/uploads\/sites\/5\/2024\/11\/Untitled-design-4.png\" alt=\"\" style=\"object-position:24% 25%\"\/><\/div><div class=\"mt-text-media__text-container\"><span class=\"mt-text-media__tagline mt-tagline\"><\/span><h2 class=\"mt-text-media__title\">Laden Sie unser E-Book herunter: Einf\u00fchrung der TMS bei depressionen: Ein leitfaden f\u00fcr psychiater<\/h2>\n<p>In diesem E-Book werden wir einen Blick in die Welt der TMS werfen und ihre wissenschaftlichen Grundlagen, klinischen Anwendungen und ihr transformatives Potenzial bei der Behandlung von Depressionen erkunden. Unsere Reise durch diese Seiten soll nicht nur informieren, sondern aufkl\u00e4ren und einen umfassenden \u00dcberblick \u00fcber TMS als Alternative im Kampf gegen Depressionen bieten.<\/p>\n\n\n\n<section class=\"wp-block-mag-iframe mt-iframe\"><div class=\"mt-iframe__inner page-container\"><iframe class=\"mt-iframe__iframe resize-iframe\" src=\"https:\/\/marketing.magventure.com\/l\/1023021\/2024-05-27\/281dr\" frameborder=\"0\" type=\"text\/html\" allowtransparency=\"true\"><\/iframe><\/div><\/section>\n<\/div><\/div><\/section>\n\n\n\n<p><\/p>\n","protected":false},"excerpt":{"rendered":"","protected":false},"author":3,"featured_media":0,"parent":0,"menu_order":0,"comment_status":"closed","ping_status":"closed","template":"","meta":{"_acf_changed":false,"_monsterinsights_skip_tracking":false,"_monsterinsights_sitenote_active":false,"_monsterinsights_sitenote_note":"","_monsterinsights_sitenote_category":0,"footnotes":""},"class_list":["post-24751","page","type-page","status-publish","hentry"],"acf":{"hide_navigation":false,"navigation_color":"white-text","theme_color":"theme-color-dark-blue","hide_footer_instagram":false},"yoast_head":"<!-- This site is optimized with the Yoast SEO plugin v27.3 - https:\/\/yoast.com\/product\/yoast-seo-wordpress\/ -->\n<title>e-book Einf\u00fchrung der TMS bei depressionen - MagVenture DE<\/title>\n<meta name=\"robots\" content=\"index, follow, max-snippet:-1, max-image-preview:large, max-video-preview:-1\" \/>\n<link rel=\"canonical\" href=\"https:\/\/magventure.com\/de\/e-book-einfuhrung-der-tms-bei-depressionen\/\" \/>\n<meta property=\"og:locale\" content=\"de_DE\" \/>\n<meta property=\"og:type\" content=\"article\" \/>\n<meta property=\"og:title\" content=\"e-book Einf\u00fchrung der TMS bei depressionen - MagVenture DE\" \/>\n<meta property=\"og:url\" content=\"https:\/\/magventure.com\/de\/e-book-einfuhrung-der-tms-bei-depressionen\/\" \/>\n<meta property=\"og:site_name\" content=\"MagVenture DE\" \/>\n<meta property=\"article:modified_time\" content=\"2024-12-02T10:24:35+00:00\" \/>\n<meta property=\"og:image\" content=\"https:\/\/magventure.com\/de\/wp-content\/uploads\/sites\/5\/2024\/11\/380A4029-edited.jpg\" \/>\n<meta name=\"twitter:card\" content=\"summary_large_image\" \/>\n<meta name=\"twitter:label1\" content=\"Gesch\u00e4tzte Lesezeit\" \/>\n\t<meta name=\"twitter:data1\" content=\"1\u00a0Minute\" \/>\n<script type=\"application\/ld+json\" class=\"yoast-schema-graph\">{\"@context\":\"https:\\\/\\\/schema.org\",\"@graph\":[{\"@type\":\"WebPage\",\"@id\":\"https:\\\/\\\/magventure.com\\\/de\\\/e-book-einfuhrung-der-tms-bei-depressionen\\\/\",\"url\":\"https:\\\/\\\/magventure.com\\\/de\\\/e-book-einfuhrung-der-tms-bei-depressionen\\\/\",\"name\":\"e-book Einf\u00fchrung der TMS bei depressionen - MagVenture DE\",\"isPartOf\":{\"@id\":\"https:\\\/\\\/magventure.com\\\/de\\\/#website\"},\"primaryImageOfPage\":{\"@id\":\"https:\\\/\\\/magventure.com\\\/de\\\/e-book-einfuhrung-der-tms-bei-depressionen\\\/#primaryimage\"},\"image\":{\"@id\":\"https:\\\/\\\/magventure.com\\\/de\\\/e-book-einfuhrung-der-tms-bei-depressionen\\\/#primaryimage\"},\"thumbnailUrl\":\"https:\\\/\\\/magventure.com\\\/de\\\/wp-content\\\/uploads\\\/sites\\\/5\\\/2024\\\/11\\\/380A4029-edited.jpg\",\"datePublished\":\"2024-12-02T10:24:29+00:00\",\"dateModified\":\"2024-12-02T10:24:35+00:00\",\"breadcrumb\":{\"@id\":\"https:\\\/\\\/magventure.com\\\/de\\\/e-book-einfuhrung-der-tms-bei-depressionen\\\/#breadcrumb\"},\"inLanguage\":\"de\",\"potentialAction\":[{\"@type\":\"ReadAction\",\"target\":[\"https:\\\/\\\/magventure.com\\\/de\\\/e-book-einfuhrung-der-tms-bei-depressionen\\\/\"]}]},{\"@type\":\"ImageObject\",\"inLanguage\":\"de\",\"@id\":\"https:\\\/\\\/magventure.com\\\/de\\\/e-book-einfuhrung-der-tms-bei-depressionen\\\/#primaryimage\",\"url\":\"https:\\\/\\\/magventure.com\\\/de\\\/wp-content\\\/uploads\\\/sites\\\/5\\\/2024\\\/11\\\/380A4029-edited.jpg\",\"contentUrl\":\"https:\\\/\\\/magventure.com\\\/de\\\/wp-content\\\/uploads\\\/sites\\\/5\\\/2024\\\/11\\\/380A4029-edited.jpg\",\"width\":2000,\"height\":1125},{\"@type\":\"BreadcrumbList\",\"@id\":\"https:\\\/\\\/magventure.com\\\/de\\\/e-book-einfuhrung-der-tms-bei-depressionen\\\/#breadcrumb\",\"itemListElement\":[{\"@type\":\"ListItem\",\"position\":1,\"name\":\"Home\",\"item\":\"https:\\\/\\\/magventure.com\\\/de\\\/\"},{\"@type\":\"ListItem\",\"position\":2,\"name\":\"e-book Einf\u00fchrung der TMS bei depressionen\"}]},{\"@type\":\"WebSite\",\"@id\":\"https:\\\/\\\/magventure.com\\\/de\\\/#website\",\"url\":\"https:\\\/\\\/magventure.com\\\/de\\\/\",\"name\":\"MagVenture DE\",\"description\":\"We are unlocking the science of magnetic stimulation for treatment of depression\",\"potentialAction\":[{\"@type\":\"SearchAction\",\"target\":{\"@type\":\"EntryPoint\",\"urlTemplate\":\"https:\\\/\\\/magventure.com\\\/de\\\/?s={search_term_string}\"},\"query-input\":{\"@type\":\"PropertyValueSpecification\",\"valueRequired\":true,\"valueName\":\"search_term_string\"}}],\"inLanguage\":\"de\"}]}<\/script>\n<!-- \/ Yoast SEO plugin. -->","yoast_head_json":{"title":"e-book Einf\u00fchrung der TMS bei depressionen - MagVenture DE","robots":{"index":"index","follow":"follow","max-snippet":"max-snippet:-1","max-image-preview":"max-image-preview:large","max-video-preview":"max-video-preview:-1"},"canonical":"https:\/\/magventure.com\/de\/e-book-einfuhrung-der-tms-bei-depressionen\/","og_locale":"de_DE","og_type":"article","og_title":"e-book Einf\u00fchrung der TMS bei depressionen - MagVenture DE","og_url":"https:\/\/magventure.com\/de\/e-book-einfuhrung-der-tms-bei-depressionen\/","og_site_name":"MagVenture DE","article_modified_time":"2024-12-02T10:24:35+00:00","og_image":[{"url":"https:\/\/magventure.com\/de\/wp-content\/uploads\/sites\/5\/2024\/11\/380A4029-edited.jpg","type":"","width":"","height":""}],"twitter_card":"summary_large_image","twitter_misc":{"Gesch\u00e4tzte Lesezeit":"1\u00a0Minute"},"schema":{"@context":"https:\/\/schema.org","@graph":[{"@type":"WebPage","@id":"https:\/\/magventure.com\/de\/e-book-einfuhrung-der-tms-bei-depressionen\/","url":"https:\/\/magventure.com\/de\/e-book-einfuhrung-der-tms-bei-depressionen\/","name":"e-book Einf\u00fchrung der TMS bei depressionen - MagVenture DE","isPartOf":{"@id":"https:\/\/magventure.com\/de\/#website"},"primaryImageOfPage":{"@id":"https:\/\/magventure.com\/de\/e-book-einfuhrung-der-tms-bei-depressionen\/#primaryimage"},"image":{"@id":"https:\/\/magventure.com\/de\/e-book-einfuhrung-der-tms-bei-depressionen\/#primaryimage"},"thumbnailUrl":"https:\/\/magventure.com\/de\/wp-content\/uploads\/sites\/5\/2024\/11\/380A4029-edited.jpg","datePublished":"2024-12-02T10:24:29+00:00","dateModified":"2024-12-02T10:24:35+00:00","breadcrumb":{"@id":"https:\/\/magventure.com\/de\/e-book-einfuhrung-der-tms-bei-depressionen\/#breadcrumb"},"inLanguage":"de","potentialAction":[{"@type":"ReadAction","target":["https:\/\/magventure.com\/de\/e-book-einfuhrung-der-tms-bei-depressionen\/"]}]},{"@type":"ImageObject","inLanguage":"de","@id":"https:\/\/magventure.com\/de\/e-book-einfuhrung-der-tms-bei-depressionen\/#primaryimage","url":"https:\/\/magventure.com\/de\/wp-content\/uploads\/sites\/5\/2024\/11\/380A4029-edited.jpg","contentUrl":"https:\/\/magventure.com\/de\/wp-content\/uploads\/sites\/5\/2024\/11\/380A4029-edited.jpg","width":2000,"height":1125},{"@type":"BreadcrumbList","@id":"https:\/\/magventure.com\/de\/e-book-einfuhrung-der-tms-bei-depressionen\/#breadcrumb","itemListElement":[{"@type":"ListItem","position":1,"name":"Home","item":"https:\/\/magventure.com\/de\/"},{"@type":"ListItem","position":2,"name":"e-book Einf\u00fchrung der TMS bei depressionen"}]},{"@type":"WebSite","@id":"https:\/\/magventure.com\/de\/#website","url":"https:\/\/magventure.com\/de\/","name":"MagVenture DE","description":"We are unlocking the science of magnetic stimulation for treatment of depression","potentialAction":[{"@type":"SearchAction","target":{"@type":"EntryPoint","urlTemplate":"https:\/\/magventure.com\/de\/?s={search_term_string}"},"query-input":{"@type":"PropertyValueSpecification","valueRequired":true,"valueName":"search_term_string"}}],"inLanguage":"de"}]}},"_links":{"self":[{"href":"https:\/\/magventure.com\/de\/wp-json\/wp\/v2\/pages\/24751","targetHints":{"allow":["GET"]}}],"collection":[{"href":"https:\/\/magventure.com\/de\/wp-json\/wp\/v2\/pages"}],"about":[{"href":"https:\/\/magventure.com\/de\/wp-json\/wp\/v2\/types\/page"}],"author":[{"embeddable":true,"href":"https:\/\/magventure.com\/de\/wp-json\/wp\/v2\/users\/3"}],"replies":[{"embeddable":true,"href":"https:\/\/magventure.com\/de\/wp-json\/wp\/v2\/comments?post=24751"}],"version-history":[{"count":6,"href":"https:\/\/magventure.com\/de\/wp-json\/wp\/v2\/pages\/24751\/revisions"}],"predecessor-version":[{"id":26380,"href":"https:\/\/magventure.com\/de\/wp-json\/wp\/v2\/pages\/24751\/revisions\/26380"}],"wp:attachment":[{"href":"https:\/\/magventure.com\/de\/wp-json\/wp\/v2\/media?parent=24751"}],"curies":[{"name":"wp","href":"https:\/\/api.w.org\/{rel}","templated":true}]}}