{"id":26284,"date":"2025-01-31T10:00:08","date_gmt":"2025-01-31T10:00:08","guid":{"rendered":"https:\/\/magventure.com\/de\/?page_id=26284"},"modified":"2026-02-19T11:01:02","modified_gmt":"2026-02-19T10:01:02","slug":"workshop-magnetstimulation-in-der-neurologischen-diagnostik","status":"publish","type":"page","link":"https:\/\/magventure.com\/de\/workshop-magnetstimulation-in-der-neurologischen-diagnostik\/","title":{"rendered":"Workshop Magnetstimulation in der neurologischen Diagnostik"},"content":{"rendered":"\n<section class=\"wp-block-mag-cover mt-cover mt-cover--has-overlay is-style-dark\"><div class=\"mt-cover__image-container object-fit\"><picture><source srcset=\"https:\/\/magventure.com\/de\/wp-content\/uploads\/sites\/5\/2025\/01\/Magventur_02_6650-1600px-600x400.jpg\" media=\"(max-width: 580px)\"\/><source srcset=\"https:\/\/magventure.com\/de\/wp-content\/uploads\/sites\/5\/2025\/01\/Magventur_02_6650-1600px-1200x800.jpg\" media=\"(max-width: 1200px)\"\/><img decoding=\"async\" src=\"https:\/\/magventure.com\/de\/wp-content\/uploads\/sites\/5\/2025\/01\/Magventur_02_6650-1600px.jpg\" alt=\"\"\/><\/picture><\/div><div class=\"mt-cover__inner page-container\"><div class=\"mt-cover__text-container\"><p class=\"mt-cover__tagline tagline tagline--white\">Praxis-Workshop<\/p><h1 class=\"mt-cover__title title--h1 title--white highlight-text\">Magnetstimulation in der neurologischen Diagnostik<\/h1><p class=\"mt-cover__text wysiwyg wysiwyg--white\">24. April 2026 in K\u00f6ln<\/p><\/div><\/div><\/section>\n\n\n\n<p><\/p>\n\n\n\n<p><\/p>\n\n\n\n<p class=\"has-small-font-size\"><\/p>\n\n\n\n<p><\/p>\n\n\n\n<p><\/p>\n\n\n\n<p><\/p>\n\n\n\n<section class=\"mtSpacing-top-medium mtSpacing-bottom-medium wp-block-morningmodules-post-content mt-post-content\"><div class=\"mt-post-content__inner\"><div class=\"mt-post-content__content\">\n<h2 class=\"wp-block-heading\">Tauchen Sie ein&#8230;<\/h2>\n\n\n\n<p>in die Welt der neurologischen Diagnostik und lernen Sie von einem erfahrenen Experten auf diesem Gebiet.<br><br>Die transkranielle Magnetstimulation (TMS) spielt eine entscheidende Rolle in der Diagnostik und Therapie neurologischer Erkrankungen. Unser Workshop bietet Ihnen die M\u00f6glichkeit, die Grundlagen sowie klinische Anwendungen der TMS zu verstehen und in praktischen \u00dcbungen anzuwenden.<\/p>\n\n\n\n<p class=\"has-text-align-left\">Unter der Anleitung von Herrn Volker Milnik erhalten Sie wertvolle Einblicke in die Interpretation diagnostischer Befunde bei zentralen und peripheren Nervensch\u00e4digungen, einschlie\u00dflich Plexus- und N. facialis-Sch\u00e4digungen. Der Workshop kombiniert theoretische Grundlagen mit praxisnahen \u00dcbungen in kleinen Gruppen, sodass Sie Ihre Kenntnisse vertiefen und sicher anwenden k\u00f6nnen.<\/p>\n\n\n\n<p class=\"has-text-align-left\"><\/p>\n\n\n\n<p><\/p>\n\n\n\n<figure class=\"wp-block-image aligncenter size-medium is-style-rounded\"><img fetchpriority=\"high\" decoding=\"async\" width=\"298\" height=\"300\" src=\"https:\/\/magventure.com\/de\/wp-content\/uploads\/sites\/5\/2025\/01\/VMI-298x300.jpg\" alt=\"\" class=\"wp-image-26307\" srcset=\"https:\/\/magventure.com\/de\/wp-content\/uploads\/sites\/5\/2025\/01\/VMI-298x300.jpg 298w, https:\/\/magventure.com\/de\/wp-content\/uploads\/sites\/5\/2025\/01\/VMI-150x150.jpg 150w, https:\/\/magventure.com\/de\/wp-content\/uploads\/sites\/5\/2025\/01\/VMI-100x100.jpg 100w, https:\/\/magventure.com\/de\/wp-content\/uploads\/sites\/5\/2025\/01\/VMI.jpg 377w\" sizes=\"(max-width: 298px) 100vw, 298px\" \/><\/figure>\n\n\n\n<p class=\"has-text-align-center\"><strong>Volker Milnik<br>St. Augustinus Krankenhaus gGmbH<\/strong><\/p>\n\n\n\n<p class=\"has-text-align-center\">Volker Milnik ist Fachbuchautor und ehemaliges Mitglied der EP-Kommission der DGKN mit zahlreichen Publikationen und reichlich Berufserfahrung als Anwender und Referent.<\/p>\n<\/div><\/div><\/section>\n\n\n\n<figure class=\"wp-block-image size-full\"><img decoding=\"async\" width=\"2000\" height=\"1000\" src=\"https:\/\/magventure.com\/de\/wp-content\/uploads\/sites\/5\/2026\/02\/Programm-Workshop-Milnik-2-scaled.png\" alt=\"\" class=\"wp-image-26716\" srcset=\"https:\/\/magventure.com\/de\/wp-content\/uploads\/sites\/5\/2026\/02\/Programm-Workshop-Milnik-2-scaled.png 2000w, https:\/\/magventure.com\/de\/wp-content\/uploads\/sites\/5\/2026\/02\/Programm-Workshop-Milnik-2-300x150.png 300w, https:\/\/magventure.com\/de\/wp-content\/uploads\/sites\/5\/2026\/02\/Programm-Workshop-Milnik-2-1024x512.png 1024w, https:\/\/magventure.com\/de\/wp-content\/uploads\/sites\/5\/2026\/02\/Programm-Workshop-Milnik-2-768x384.png 768w, https:\/\/magventure.com\/de\/wp-content\/uploads\/sites\/5\/2026\/02\/Programm-Workshop-Milnik-2-1536x768.png 1536w, https:\/\/magventure.com\/de\/wp-content\/uploads\/sites\/5\/2026\/02\/Programm-Workshop-Milnik-2-1200x600.png 1200w, https:\/\/magventure.com\/de\/wp-content\/uploads\/sites\/5\/2026\/02\/Programm-Workshop-Milnik-2-1000x500.png 1000w, https:\/\/magventure.com\/de\/wp-content\/uploads\/sites\/5\/2026\/02\/Programm-Workshop-Milnik-2-800x400.png 800w, https:\/\/magventure.com\/de\/wp-content\/uploads\/sites\/5\/2026\/02\/Programm-Workshop-Milnik-2-600x300.png 600w\" sizes=\"(max-width: 2000px) 100vw, 2000px\" \/><\/figure>\n\n\n\n<section class=\"wp-block-morningmodules-text-link-boxes mt-text-link-boxes mt-text-link-boxes--mobile-slider\" data-count=\"3\"><div class=\"mt-text-link-boxes__wrapper\"><div class=\"mt-text-link-boxes__inner\"><div class=\"mt-text-link-boxes__text-container\"><h2 class=\"mt-text-link-boxes__title\">Teilnahmeinformationen<\/h2><\/div><div class=\"mt-text-link-boxes__boxes-wrapper\"><div class=\"swiper\"><div class=\"swiper-wrapper\">\n<div class=\"wp-block-morningmodules-text-link-box mt-text-link-box swiper-slide\"><div class=\"mt-text-link-box__title-container\"><h3 class=\"mt-text-link-box__title\">Termin<\/h3><\/div><p class=\"mt-text-link-box__text\"><br>Freitag, 24.04.2026<br>10:00 Uhr bis 17:00 Uhr<\/p><\/div>\n\n\n\n<div class=\"wp-block-morningmodules-text-link-box mt-text-link-box swiper-slide\"><div class=\"mt-text-link-box__title-container\"><h3 class=\"mt-text-link-box__title\">Teilnahmegeb\u00fchr<\/h3><\/div><p class=\"mt-text-link-box__text\"><br>250,00 EUR zzgl. MwSt<br><br>Die Teilnahmegeb\u00fchr umfasst die Tagungsmaterialien, Kaffeepausen sowie einem gemeinsamen Mittagessen im Rahmen der Workshopzeiten.<br><br>Der Anmeldeschluss ist der 03.04.2026.<\/p><\/div>\n\n\n\n<div class=\"wp-block-morningmodules-text-link-box mt-text-link-box swiper-slide\"><div class=\"mt-text-link-box__title-container\"><h3 class=\"mt-text-link-box__title\">Veranstaltungsort<\/h3><\/div><p class=\"mt-text-link-box__text\"><br>Der Workshop findet im nh Hotel K\u00f6ln Altstadt statt.<br><br>NH K\u00f6ln Altstadt<br>Holzmarkt 47<br>50676 K\u00f6ln<\/p><\/div>\n<\/div><\/div><div class=\"mt-text-link-boxes__navigation swiper-bottom-container\"><div class=\"mt-text-link-boxes__swiper-progress swiper-progress\"><\/div><div class=\"mt-text-link-boxes__swiper-buttons swiper-buttons\"><div class=\"mt-text-link-boxes__swiper-button mt-text-link-boxes__swiper-button--prev swiper-button-prev\"><svg xmlns=\"http:\/\/www.w3.org\/2000\/svg\" fill=\"none\" viewBox=\"0 0 9 14\"><path stroke=\"#121212\" stroke-linecap=\"round\" stroke-linejoin=\"round\" stroke-width=\"1.5\" d=\"m1.6 1 6 6.316L1.6 13\"><\/path><\/svg><\/div><div class=\"mt-text-link-boxes__swiper-button mt-text-link-boxes__swiper-button--next swiper-button-next\"><svg xmlns=\"http:\/\/www.w3.org\/2000\/svg\" fill=\"none\" viewBox=\"0 0 9 14\"><path stroke=\"#121212\" stroke-linecap=\"round\" stroke-linejoin=\"round\" stroke-width=\"1.5\" d=\"m1.6 1 6 6.316L1.6 13\"><\/path><\/svg><\/div><\/div><\/div><\/div><\/div><\/div><\/section>\n\n\n\n<section class=\"wp-block-mag-text-wall mt-text-wall\"><div class=\"mt-text-wall__inner page-container\">\n<div style=\"height:100px\" aria-hidden=\"true\" class=\"wp-block-spacer\"><\/div>\n<\/div><\/section>\n\n\n\n<section class=\"mtSpacing-top-medium mtSpacing-bottom-medium wp-block-morningmodules-text-media mt-text-media mt-text-media--align-media-left mt-text-media--align-media-mobile-bottom is-style-bg-tertiary\"><div class=\"mt-text-media__inner\"><div class=\"mt-text-media__media-container\"><img decoding=\"async\" src=\"https:\/\/magventure.com\/de\/wp-content\/uploads\/sites\/5\/2025\/01\/Untitled-design-5.png\" alt=\"\" style=\"object-position:50% 50%\"\/><\/div><div class=\"mt-text-media__text-container\"><span class=\"mt-text-media__tagline mt-tagline\">DIe Teilnahmegeb\u00fchr betr\u00e4gt 250,00 EUR zzgl. MwSt<br><br>Anmeldeschluss ist der 03.04.2026 <br><\/span><h2 class=\"mt-text-media__title\">Anmeldung <br><\/h2>\n<section class=\"wp-block-mag-iframe mt-iframe\"><div class=\"mt-iframe__inner page-container\"><iframe class=\"mt-iframe__iframe resize-iframe\" src=\"https:\/\/marketing.magventure.com\/l\/1023021\/2026-01-27\/43p6l\" frameborder=\"0\" type=\"text\/html\" allowtransparency=\"true\"><\/iframe><\/div><\/section>\n<\/div><\/div><\/section>\n\n\n\n<p><\/p>\n\n\n\n<p><\/p>\n\n\n\n<section class=\"wp-block-mag-text-wall mt-text-wall\"><div class=\"mt-text-wall__inner page-container\">\n<p><\/p>\n\n\n\n<p><\/p>\n\n\n\n<p>*<strong>Geb\u00fchrenhinweise:<\/strong><br>Die Teilnahmegeb\u00fchr umfasst die Tagungsmaterialien, Kaffeepausen sowie einem Mittagessen im Rahmen der Workshopzeiten. Dar\u00fcber hinausgehende Verpflegungsaufwendungen sowie ggf. weitere Nebenkosten wie Anreise, \u00dcbernachtung, Minibar und Telefon sind nicht in der Geb\u00fchr enthalten und sind von den Teilnehmenden selbst zu tragen. Bitte beachten Sie, dass bei einer Absage nach dem 03.04.2026 die Teilnahmegeb\u00fchr in voller H\u00f6he berechnet wird.<\/p>\n<\/div><\/section>\n","protected":false},"excerpt":{"rendered":"","protected":false},"author":16,"featured_media":0,"parent":0,"menu_order":0,"comment_status":"closed","ping_status":"closed","template":"","meta":{"_acf_changed":false,"_monsterinsights_skip_tracking":false,"_monsterinsights_sitenote_active":false,"_monsterinsights_sitenote_note":"","_monsterinsights_sitenote_category":0,"footnotes":""},"class_list":["post-26284","page","type-page","status-publish","hentry"],"acf":{"hide_navigation":false,"navigation_color":"white-text","theme_color":"theme-color-dark-blue","hide_footer_instagram":false},"yoast_head":"<!-- This site is optimized with the Yoast SEO plugin v27.3 - https:\/\/yoast.com\/product\/yoast-seo-wordpress\/ -->\n<title>Workshop Magnetstimulation in der neurologischen Diagnostik - MagVenture DE<\/title>\n<meta name=\"robots\" content=\"index, follow, max-snippet:-1, max-image-preview:large, max-video-preview:-1\" \/>\n<link rel=\"canonical\" href=\"https:\/\/magventure.com\/de\/workshop-magnetstimulation-in-der-neurologischen-diagnostik\/\" \/>\n<meta property=\"og:locale\" content=\"de_DE\" \/>\n<meta property=\"og:type\" content=\"article\" \/>\n<meta property=\"og:title\" content=\"Workshop Magnetstimulation in der neurologischen Diagnostik - MagVenture DE\" \/>\n<meta property=\"og:url\" content=\"https:\/\/magventure.com\/de\/workshop-magnetstimulation-in-der-neurologischen-diagnostik\/\" \/>\n<meta property=\"og:site_name\" content=\"MagVenture DE\" \/>\n<meta property=\"article:modified_time\" content=\"2026-02-19T10:01:02+00:00\" \/>\n<meta property=\"og:image\" content=\"https:\/\/magventure.com\/de\/wp-content\/uploads\/sites\/5\/2025\/01\/Magventur_02_6650-1600px.jpg\" \/>\n<meta name=\"twitter:card\" content=\"summary_large_image\" \/>\n<meta name=\"twitter:label1\" content=\"Gesch\u00e4tzte Lesezeit\" \/>\n\t<meta name=\"twitter:data1\" content=\"3\u00a0Minuten\" \/>\n<script type=\"application\/ld+json\" class=\"yoast-schema-graph\">{\"@context\":\"https:\\\/\\\/schema.org\",\"@graph\":[{\"@type\":\"WebPage\",\"@id\":\"https:\\\/\\\/magventure.com\\\/de\\\/workshop-magnetstimulation-in-der-neurologischen-diagnostik\\\/\",\"url\":\"https:\\\/\\\/magventure.com\\\/de\\\/workshop-magnetstimulation-in-der-neurologischen-diagnostik\\\/\",\"name\":\"Workshop Magnetstimulation in der neurologischen Diagnostik - MagVenture DE\",\"isPartOf\":{\"@id\":\"https:\\\/\\\/magventure.com\\\/de\\\/#website\"},\"primaryImageOfPage\":{\"@id\":\"https:\\\/\\\/magventure.com\\\/de\\\/workshop-magnetstimulation-in-der-neurologischen-diagnostik\\\/#primaryimage\"},\"image\":{\"@id\":\"https:\\\/\\\/magventure.com\\\/de\\\/workshop-magnetstimulation-in-der-neurologischen-diagnostik\\\/#primaryimage\"},\"thumbnailUrl\":\"https:\\\/\\\/magventure.com\\\/de\\\/wp-content\\\/uploads\\\/sites\\\/5\\\/2025\\\/01\\\/Magventur_02_6650-1600px.jpg\",\"datePublished\":\"2025-01-31T10:00:08+00:00\",\"dateModified\":\"2026-02-19T10:01:02+00:00\",\"breadcrumb\":{\"@id\":\"https:\\\/\\\/magventure.com\\\/de\\\/workshop-magnetstimulation-in-der-neurologischen-diagnostik\\\/#breadcrumb\"},\"inLanguage\":\"de\",\"potentialAction\":[{\"@type\":\"ReadAction\",\"target\":[\"https:\\\/\\\/magventure.com\\\/de\\\/workshop-magnetstimulation-in-der-neurologischen-diagnostik\\\/\"]}]},{\"@type\":\"ImageObject\",\"inLanguage\":\"de\",\"@id\":\"https:\\\/\\\/magventure.com\\\/de\\\/workshop-magnetstimulation-in-der-neurologischen-diagnostik\\\/#primaryimage\",\"url\":\"https:\\\/\\\/magventure.com\\\/de\\\/wp-content\\\/uploads\\\/sites\\\/5\\\/2025\\\/01\\\/Magventur_02_6650-1600px.jpg\",\"contentUrl\":\"https:\\\/\\\/magventure.com\\\/de\\\/wp-content\\\/uploads\\\/sites\\\/5\\\/2025\\\/01\\\/Magventur_02_6650-1600px.jpg\",\"width\":1600,\"height\":1067},{\"@type\":\"BreadcrumbList\",\"@id\":\"https:\\\/\\\/magventure.com\\\/de\\\/workshop-magnetstimulation-in-der-neurologischen-diagnostik\\\/#breadcrumb\",\"itemListElement\":[{\"@type\":\"ListItem\",\"position\":1,\"name\":\"Home\",\"item\":\"https:\\\/\\\/magventure.com\\\/de\\\/\"},{\"@type\":\"ListItem\",\"position\":2,\"name\":\"Workshop Magnetstimulation in der neurologischen Diagnostik\"}]},{\"@type\":\"WebSite\",\"@id\":\"https:\\\/\\\/magventure.com\\\/de\\\/#website\",\"url\":\"https:\\\/\\\/magventure.com\\\/de\\\/\",\"name\":\"MagVenture DE\",\"description\":\"We are unlocking the science of magnetic stimulation for treatment of depression\",\"potentialAction\":[{\"@type\":\"SearchAction\",\"target\":{\"@type\":\"EntryPoint\",\"urlTemplate\":\"https:\\\/\\\/magventure.com\\\/de\\\/?s={search_term_string}\"},\"query-input\":{\"@type\":\"PropertyValueSpecification\",\"valueRequired\":true,\"valueName\":\"search_term_string\"}}],\"inLanguage\":\"de\"}]}<\/script>\n<!-- \/ Yoast SEO plugin. -->","yoast_head_json":{"title":"Workshop Magnetstimulation in der neurologischen Diagnostik - MagVenture DE","robots":{"index":"index","follow":"follow","max-snippet":"max-snippet:-1","max-image-preview":"max-image-preview:large","max-video-preview":"max-video-preview:-1"},"canonical":"https:\/\/magventure.com\/de\/workshop-magnetstimulation-in-der-neurologischen-diagnostik\/","og_locale":"de_DE","og_type":"article","og_title":"Workshop Magnetstimulation in der neurologischen Diagnostik - MagVenture DE","og_url":"https:\/\/magventure.com\/de\/workshop-magnetstimulation-in-der-neurologischen-diagnostik\/","og_site_name":"MagVenture DE","article_modified_time":"2026-02-19T10:01:02+00:00","og_image":[{"url":"https:\/\/magventure.com\/de\/wp-content\/uploads\/sites\/5\/2025\/01\/Magventur_02_6650-1600px.jpg","type":"","width":"","height":""}],"twitter_card":"summary_large_image","twitter_misc":{"Gesch\u00e4tzte Lesezeit":"3\u00a0Minuten"},"schema":{"@context":"https:\/\/schema.org","@graph":[{"@type":"WebPage","@id":"https:\/\/magventure.com\/de\/workshop-magnetstimulation-in-der-neurologischen-diagnostik\/","url":"https:\/\/magventure.com\/de\/workshop-magnetstimulation-in-der-neurologischen-diagnostik\/","name":"Workshop Magnetstimulation in der neurologischen Diagnostik - MagVenture DE","isPartOf":{"@id":"https:\/\/magventure.com\/de\/#website"},"primaryImageOfPage":{"@id":"https:\/\/magventure.com\/de\/workshop-magnetstimulation-in-der-neurologischen-diagnostik\/#primaryimage"},"image":{"@id":"https:\/\/magventure.com\/de\/workshop-magnetstimulation-in-der-neurologischen-diagnostik\/#primaryimage"},"thumbnailUrl":"https:\/\/magventure.com\/de\/wp-content\/uploads\/sites\/5\/2025\/01\/Magventur_02_6650-1600px.jpg","datePublished":"2025-01-31T10:00:08+00:00","dateModified":"2026-02-19T10:01:02+00:00","breadcrumb":{"@id":"https:\/\/magventure.com\/de\/workshop-magnetstimulation-in-der-neurologischen-diagnostik\/#breadcrumb"},"inLanguage":"de","potentialAction":[{"@type":"ReadAction","target":["https:\/\/magventure.com\/de\/workshop-magnetstimulation-in-der-neurologischen-diagnostik\/"]}]},{"@type":"ImageObject","inLanguage":"de","@id":"https:\/\/magventure.com\/de\/workshop-magnetstimulation-in-der-neurologischen-diagnostik\/#primaryimage","url":"https:\/\/magventure.com\/de\/wp-content\/uploads\/sites\/5\/2025\/01\/Magventur_02_6650-1600px.jpg","contentUrl":"https:\/\/magventure.com\/de\/wp-content\/uploads\/sites\/5\/2025\/01\/Magventur_02_6650-1600px.jpg","width":1600,"height":1067},{"@type":"BreadcrumbList","@id":"https:\/\/magventure.com\/de\/workshop-magnetstimulation-in-der-neurologischen-diagnostik\/#breadcrumb","itemListElement":[{"@type":"ListItem","position":1,"name":"Home","item":"https:\/\/magventure.com\/de\/"},{"@type":"ListItem","position":2,"name":"Workshop Magnetstimulation in der neurologischen Diagnostik"}]},{"@type":"WebSite","@id":"https:\/\/magventure.com\/de\/#website","url":"https:\/\/magventure.com\/de\/","name":"MagVenture DE","description":"We are unlocking the science of magnetic stimulation for treatment of depression","potentialAction":[{"@type":"SearchAction","target":{"@type":"EntryPoint","urlTemplate":"https:\/\/magventure.com\/de\/?s={search_term_string}"},"query-input":{"@type":"PropertyValueSpecification","valueRequired":true,"valueName":"search_term_string"}}],"inLanguage":"de"}]}},"_links":{"self":[{"href":"https:\/\/magventure.com\/de\/wp-json\/wp\/v2\/pages\/26284","targetHints":{"allow":["GET"]}}],"collection":[{"href":"https:\/\/magventure.com\/de\/wp-json\/wp\/v2\/pages"}],"about":[{"href":"https:\/\/magventure.com\/de\/wp-json\/wp\/v2\/types\/page"}],"author":[{"embeddable":true,"href":"https:\/\/magventure.com\/de\/wp-json\/wp\/v2\/users\/16"}],"replies":[{"embeddable":true,"href":"https:\/\/magventure.com\/de\/wp-json\/wp\/v2\/comments?post=26284"}],"version-history":[{"count":10,"href":"https:\/\/magventure.com\/de\/wp-json\/wp\/v2\/pages\/26284\/revisions"}],"predecessor-version":[{"id":26717,"href":"https:\/\/magventure.com\/de\/wp-json\/wp\/v2\/pages\/26284\/revisions\/26717"}],"wp:attachment":[{"href":"https:\/\/magventure.com\/de\/wp-json\/wp\/v2\/media?parent=26284"}],"curies":[{"name":"wp","href":"https:\/\/api.w.org\/{rel}","templated":true}]}}