{"id":26378,"date":"2025-05-06T07:06:16","date_gmt":"2025-05-06T07:06:16","guid":{"rendered":"https:\/\/magventure.com\/de\/?page_id=26378"},"modified":"2025-05-14T10:33:50","modified_gmt":"2025-05-14T10:33:50","slug":"dsgvo-standard","status":"publish","type":"page","link":"https:\/\/magventure.com\/de\/dsgvo-standard\/","title":{"rendered":"DSGVO Standard"},"content":{"rendered":"\n<section class=\"wp-block-mag-cover mt-cover mt-cover--has-overlay is-style-dark\"><div class=\"mt-cover__image-container object-fit\"><\/div><div class=\"mt-cover__inner page-container\"><div class=\"mt-cover__text-container\"><p class=\"mt-cover__tagline tagline tagline--white\"><\/p><h1 class=\"mt-cover__title title--h1 title--white highlight-text\">Einwilligungserkl\u00e4rung<\/h1><p class=\"mt-cover__text wysiwyg wysiwyg--white\">Diese Erkl\u00e4rung dient der Einwilligung in die Verarbeitung Ihrer personenbezogenen Daten gem\u00e4\u00df DSGVO.<\/p><\/div><\/div><\/section>\n\n\n\n<section class=\"wp-block-mag-text-wall mt-text-wall\"><div class=\"mt-text-wall__inner page-container\">\n<p><\/p>\n<\/div><\/section>\n\n\n\n<section class=\"wp-block-mag-text-wall mt-text-wall\"><div class=\"mt-text-wall__inner page-container\">\n<p><\/p>\n\n\n\n<p><\/p>\n\n\n\n<p>Die hier angegebenen personenbezogenen Daten werden zu folgedem Zweck verarbeitet:<\/p>\n\n\n\n<ul class=\"wp-block-list\">\n<li>Es werden individuell zusammengestellte Informationen zu Produkten, L\u00f6sungen, Dienstleistungen, Angeboten, Aktionen, Workshops, Schulungen, Webinaren, Newslettern\/TMS-Updates sowie Kundenumfragen von MagVenture GmbH und MagVenture A\/S bereitgestellt.<\/li>\n\n\n\n<li>F\u00fcr diesen Zweck d\u00fcrfen die folgenden Kommunikationsmittel verwendet werden: <br>E-Mail und Telefon. <\/li>\n<\/ul>\n\n\n\n<p>Zudem erfolgt eine DSGVO-konforme Verarbeitung personenbezogener Daten w\u00e4hrend der Nutzung der elektronischen Angebote (z. B. E-Mail-Newsletter, Webseiten oder Apps), um relevante und personalisierte Inhalte bereitzustellen.<\/p>\n\n\n\n<p><\/p>\n\n\n\n<p class=\"has-medium-font-size\"><strong>Datenschutzinformation sowie Widerruf der Einwilligung<\/strong><\/p>\n\n\n\n<p>Details zur Verarbeitung personenbezogener Daten sind in der Datenschutzinformation unter <a href=\"https:\/\/magventure.com\/de\/privacy-statement\/\">https:\/\/magventure.com\/de\/privacy-statement\/<\/a> zu finden. Diese enth\u00e4lt auch weitere Informationen zu den Rechten betroffener Personen.<\/p>\n\n\n\n<p>Die Einwilligung kann jederzeit mit Wirkung f\u00fcr die Zukunft gegen\u00fcber MagVenture GmbH und MagVenture A\/S widerrufen werden \u2013 z. B. per E-Mail (<a>infode@magventure.com<\/a>) und per Post (MagVenture GmbH, Schmelzerstr. 25, 47877 Willich, Deutschland).<\/p>\n<\/div><\/section>\n\n\n\n<section class=\"mtSpacing-top-large wp-block-morningmodules-text-media mt-text-media mt-text-media--align-media-left mt-text-media--align-media-mobile-bottom\"><div class=\"mt-text-media__inner\"><div class=\"mt-text-media__media-container\"><img decoding=\"async\" src=\"https:\/\/magventure.com\/de\/wp-content\/uploads\/sites\/5\/2025\/01\/MagVenture_Aldershvile_0643-1200px.jpg\" alt=\"\" style=\"object-position:50% 50%\"\/><\/div><div class=\"mt-text-media__text-container\"><span class=\"mt-text-media__tagline mt-tagline\"><\/span><h2 class=\"mt-text-media__title\"><\/h2>\n<section class=\"mtSpacing-top-medium wp-block-mag-iframe mt-iframe\"><div class=\"mt-iframe__inner page-container\"><iframe class=\"mt-iframe__iframe resize-iframe\" src=\"https:\/\/marketing.magventure.com\/l\/1023021\/2025-03-26\/371gt\" frameborder=\"0\" type=\"text\/html\" allowtransparency=\"true\"><\/iframe><\/div><\/section>\n<\/div><\/div><\/section>\n","protected":false},"excerpt":{"rendered":"","protected":false},"author":16,"featured_media":0,"parent":0,"menu_order":0,"comment_status":"closed","ping_status":"closed","template":"","meta":{"_acf_changed":false,"_monsterinsights_skip_tracking":false,"_monsterinsights_sitenote_active":false,"_monsterinsights_sitenote_note":"","_monsterinsights_sitenote_category":0,"footnotes":""},"class_list":["post-26378","page","type-page","status-publish","hentry"],"acf":{"hide_navigation":false,"navigation_color":"white-text","theme_color":"theme-color-dark-blue","hide_footer_instagram":false},"yoast_head":"<!-- This site is optimized with the Yoast SEO plugin v27.6 - https:\/\/yoast.com\/product\/yoast-seo-wordpress\/ -->\n<title>DSGVO Standard - MagVenture DE<\/title>\n<meta name=\"robots\" content=\"index, follow, max-snippet:-1, max-image-preview:large, max-video-preview:-1\" \/>\n<link rel=\"canonical\" href=\"https:\/\/magventure.com\/de\/dsgvo-standard\/\" \/>\n<meta property=\"og:locale\" content=\"de_DE\" \/>\n<meta property=\"og:type\" content=\"article\" \/>\n<meta property=\"og:title\" content=\"DSGVO Standard - MagVenture DE\" \/>\n<meta property=\"og:url\" content=\"https:\/\/magventure.com\/de\/dsgvo-standard\/\" \/>\n<meta property=\"og:site_name\" content=\"MagVenture DE\" \/>\n<meta property=\"article:modified_time\" content=\"2025-05-14T10:33:50+00:00\" \/>\n<meta property=\"og:image\" content=\"https:\/\/magventure.com\/de\/wp-content\/uploads\/sites\/5\/2025\/01\/MagVenture_Aldershvile_0643-1200px.jpg\" \/>\n<meta name=\"twitter:card\" content=\"summary_large_image\" \/>\n<meta name=\"twitter:label1\" content=\"Gesch\u00e4tzte Lesezeit\" \/>\n\t<meta name=\"twitter:data1\" content=\"2\u00a0Minuten\" \/>\n<script type=\"application\/ld+json\" class=\"yoast-schema-graph\">{\"@context\":\"https:\\\/\\\/schema.org\",\"@graph\":[{\"@type\":\"WebPage\",\"@id\":\"https:\\\/\\\/magventure.com\\\/de\\\/dsgvo-standard\\\/\",\"url\":\"https:\\\/\\\/magventure.com\\\/de\\\/dsgvo-standard\\\/\",\"name\":\"DSGVO Standard - MagVenture DE\",\"isPartOf\":{\"@id\":\"https:\\\/\\\/magventure.com\\\/de\\\/#website\"},\"primaryImageOfPage\":{\"@id\":\"https:\\\/\\\/magventure.com\\\/de\\\/dsgvo-standard\\\/#primaryimage\"},\"image\":{\"@id\":\"https:\\\/\\\/magventure.com\\\/de\\\/dsgvo-standard\\\/#primaryimage\"},\"thumbnailUrl\":\"https:\\\/\\\/magventure.com\\\/de\\\/wp-content\\\/uploads\\\/sites\\\/5\\\/2025\\\/01\\\/MagVenture_Aldershvile_0643-1200px.jpg\",\"datePublished\":\"2025-05-06T07:06:16+00:00\",\"dateModified\":\"2025-05-14T10:33:50+00:00\",\"breadcrumb\":{\"@id\":\"https:\\\/\\\/magventure.com\\\/de\\\/dsgvo-standard\\\/#breadcrumb\"},\"inLanguage\":\"de\",\"potentialAction\":[{\"@type\":\"ReadAction\",\"target\":[\"https:\\\/\\\/magventure.com\\\/de\\\/dsgvo-standard\\\/\"]}]},{\"@type\":\"ImageObject\",\"inLanguage\":\"de\",\"@id\":\"https:\\\/\\\/magventure.com\\\/de\\\/dsgvo-standard\\\/#primaryimage\",\"url\":\"https:\\\/\\\/magventure.com\\\/de\\\/wp-content\\\/uploads\\\/sites\\\/5\\\/2025\\\/01\\\/MagVenture_Aldershvile_0643-1200px.jpg\",\"contentUrl\":\"https:\\\/\\\/magventure.com\\\/de\\\/wp-content\\\/uploads\\\/sites\\\/5\\\/2025\\\/01\\\/MagVenture_Aldershvile_0643-1200px.jpg\",\"width\":1200,\"height\":800},{\"@type\":\"BreadcrumbList\",\"@id\":\"https:\\\/\\\/magventure.com\\\/de\\\/dsgvo-standard\\\/#breadcrumb\",\"itemListElement\":[{\"@type\":\"ListItem\",\"position\":1,\"name\":\"Home\",\"item\":\"https:\\\/\\\/magventure.com\\\/de\\\/\"},{\"@type\":\"ListItem\",\"position\":2,\"name\":\"DSGVO Standard\"}]},{\"@type\":\"WebSite\",\"@id\":\"https:\\\/\\\/magventure.com\\\/de\\\/#website\",\"url\":\"https:\\\/\\\/magventure.com\\\/de\\\/\",\"name\":\"MagVenture DE\",\"description\":\"We are unlocking the science of magnetic stimulation for treatment of depression\",\"potentialAction\":[{\"@type\":\"SearchAction\",\"target\":{\"@type\":\"EntryPoint\",\"urlTemplate\":\"https:\\\/\\\/magventure.com\\\/de\\\/?s={search_term_string}\"},\"query-input\":{\"@type\":\"PropertyValueSpecification\",\"valueRequired\":true,\"valueName\":\"search_term_string\"}}],\"inLanguage\":\"de\"}]}<\/script>\n<!-- \/ Yoast SEO plugin. -->","yoast_head_json":{"title":"DSGVO Standard - MagVenture DE","robots":{"index":"index","follow":"follow","max-snippet":"max-snippet:-1","max-image-preview":"max-image-preview:large","max-video-preview":"max-video-preview:-1"},"canonical":"https:\/\/magventure.com\/de\/dsgvo-standard\/","og_locale":"de_DE","og_type":"article","og_title":"DSGVO Standard - MagVenture DE","og_url":"https:\/\/magventure.com\/de\/dsgvo-standard\/","og_site_name":"MagVenture DE","article_modified_time":"2025-05-14T10:33:50+00:00","og_image":[{"url":"https:\/\/magventure.com\/de\/wp-content\/uploads\/sites\/5\/2025\/01\/MagVenture_Aldershvile_0643-1200px.jpg","type":"","width":"","height":""}],"twitter_card":"summary_large_image","twitter_misc":{"Gesch\u00e4tzte Lesezeit":"2\u00a0Minuten"},"schema":{"@context":"https:\/\/schema.org","@graph":[{"@type":"WebPage","@id":"https:\/\/magventure.com\/de\/dsgvo-standard\/","url":"https:\/\/magventure.com\/de\/dsgvo-standard\/","name":"DSGVO Standard - MagVenture DE","isPartOf":{"@id":"https:\/\/magventure.com\/de\/#website"},"primaryImageOfPage":{"@id":"https:\/\/magventure.com\/de\/dsgvo-standard\/#primaryimage"},"image":{"@id":"https:\/\/magventure.com\/de\/dsgvo-standard\/#primaryimage"},"thumbnailUrl":"https:\/\/magventure.com\/de\/wp-content\/uploads\/sites\/5\/2025\/01\/MagVenture_Aldershvile_0643-1200px.jpg","datePublished":"2025-05-06T07:06:16+00:00","dateModified":"2025-05-14T10:33:50+00:00","breadcrumb":{"@id":"https:\/\/magventure.com\/de\/dsgvo-standard\/#breadcrumb"},"inLanguage":"de","potentialAction":[{"@type":"ReadAction","target":["https:\/\/magventure.com\/de\/dsgvo-standard\/"]}]},{"@type":"ImageObject","inLanguage":"de","@id":"https:\/\/magventure.com\/de\/dsgvo-standard\/#primaryimage","url":"https:\/\/magventure.com\/de\/wp-content\/uploads\/sites\/5\/2025\/01\/MagVenture_Aldershvile_0643-1200px.jpg","contentUrl":"https:\/\/magventure.com\/de\/wp-content\/uploads\/sites\/5\/2025\/01\/MagVenture_Aldershvile_0643-1200px.jpg","width":1200,"height":800},{"@type":"BreadcrumbList","@id":"https:\/\/magventure.com\/de\/dsgvo-standard\/#breadcrumb","itemListElement":[{"@type":"ListItem","position":1,"name":"Home","item":"https:\/\/magventure.com\/de\/"},{"@type":"ListItem","position":2,"name":"DSGVO Standard"}]},{"@type":"WebSite","@id":"https:\/\/magventure.com\/de\/#website","url":"https:\/\/magventure.com\/de\/","name":"MagVenture DE","description":"We are unlocking the science of magnetic stimulation for treatment of depression","potentialAction":[{"@type":"SearchAction","target":{"@type":"EntryPoint","urlTemplate":"https:\/\/magventure.com\/de\/?s={search_term_string}"},"query-input":{"@type":"PropertyValueSpecification","valueRequired":true,"valueName":"search_term_string"}}],"inLanguage":"de"}]}},"_links":{"self":[{"href":"https:\/\/magventure.com\/de\/wp-json\/wp\/v2\/pages\/26378","targetHints":{"allow":["GET"]}}],"collection":[{"href":"https:\/\/magventure.com\/de\/wp-json\/wp\/v2\/pages"}],"about":[{"href":"https:\/\/magventure.com\/de\/wp-json\/wp\/v2\/types\/page"}],"author":[{"embeddable":true,"href":"https:\/\/magventure.com\/de\/wp-json\/wp\/v2\/users\/16"}],"replies":[{"embeddable":true,"href":"https:\/\/magventure.com\/de\/wp-json\/wp\/v2\/comments?post=26378"}],"version-history":[{"count":10,"href":"https:\/\/magventure.com\/de\/wp-json\/wp\/v2\/pages\/26378\/revisions"}],"predecessor-version":[{"id":26512,"href":"https:\/\/magventure.com\/de\/wp-json\/wp\/v2\/pages\/26378\/revisions\/26512"}],"wp:attachment":[{"href":"https:\/\/magventure.com\/de\/wp-json\/wp\/v2\/media?parent=26378"}],"curies":[{"name":"wp","href":"https:\/\/api.w.org\/{rel}","templated":true}]}}