{"id":554,"date":"2024-09-25T08:03:59","date_gmt":"2024-09-25T08:03:59","guid":{"rendered":"https:\/\/magventure.com\/de\/?page_id=554"},"modified":"2025-08-18T06:42:04","modified_gmt":"2025-08-18T06:42:04","slug":"uber-magventure","status":"publish","type":"page","link":"https:\/\/magventure.com\/de\/uber-magventure\/","title":{"rendered":"\u00dcber uns"},"content":{"rendered":"\n<section class=\"wp-block-mag-cover mt-cover mt-cover--has-overlay is-style-dark\"><div class=\"mt-cover__image-container object-fit\"><img decoding=\"async\" src=\"https:\/\/magventure.com\/de\/wp-content\/uploads\/sites\/5\/2023\/03\/028A4949-scaled-1.jpg\" alt=\"\" \/><\/div><div class=\"mt-cover__inner page-container\"><div class=\"mt-cover__text-container\"><p class=\"mt-cover__tagline tagline tagline--white\">WER IST MAGVENTURE?<\/p><h1 class=\"mt-cover__title title--h1 title--white highlight-text\">Wir bringen TMS<br>seit 1992 voran<\/h1><p class=\"mt-cover__text wysiwyg wysiwyg--white\">Bei MagVenture bringen wir Fachleute mit unterschiedlichen Hintergr\u00fcnden, Nationalit\u00e4ten und Kulturen zusammen, um an einem gemeinsamen Ziel zusammenzuarbeiten: Patienten in ihrem Kampf gegen Depression und \u00e4hnliche Herausforderungen der psychischen Gesundheit neue Hoffnung zu geben.<\/p><\/div><\/div><\/section>\n\n\n\n<section class=\"mtSpacing-top-medium mtSpacing-bottom-small wp-block-mag-text-columns-with-button mt-text-columns\"><div class=\"mt-text-columns__inner page-container\"><div class=\"mt-text-columns__title-container\"><p class=\"mt-text-columns__tagline tagline\">Unsere DNA<\/p><h2 class=\"mt-text-columns__title title title--h2\">Die Vision und der Auftrag von MagVenture<\/h2><\/div><div class=\"mt-text-columns__text-container\"><p class=\"mt-text-columns__text wysiwyg\">MagVenture ist ein TMS-Anbieter, ein marktf\u00fchrender Hersteller nicht-invasiver transkranieller Magnetstimulationssysteme (TMS). MagVenture befindet sich in Privatbesitz und hat seinen Hauptsitz in D\u00e4nemark. Seit mehr als 30&nbsp;Jahren leistet das Unternehmen Pionierarbeit bei der Entwicklung modernster TMS-L\u00f6sungen. Die TMS-Systeme von MagVenture werden f\u00fcr ein breites Spektrum von Anwendungen in der Forschung und Behandlung in den Bereichen Psychiatrie, Neurophysiologie, Neurologie, kognitive Neurowissenschaften und Rehabilitation eingesetzt.<br><br><br>Die Vision von MagVenture ist es, den Patienten neue Hoffnung zu geben, indem wir die Behandlung von psychischen und physischen Erkrankungen ver\u00e4ndern.<br>Unsere Mission ist es, Pionierarbeit f\u00fcr sichere, wirksame und zuverl\u00e4ssige Magnetstimulationstherapien zu leisten, innovative und vielseitige Forschungsl\u00f6sungen anzubieten und daran zu arbeiten, den Zugang zu Magnetstimulation weltweit zu verbessern.<br>Die Produkte von MagVenture sind auf dem Weltmarkt \u00fcber Direktvertriebsniederlassungen in den USA, Deutschland, Gro\u00dfbritannien, China und Brasilien sowie \u00fcber ein weltweites Netz von Vertriebsh\u00e4ndlern erh\u00e4ltlich.<\/p><\/div><div class=\"mt-text-columns__button-container\"><\/div><\/div><\/section>\n\n\n\n<p><\/p>\n\n\n\n<section class=\"mtSpacing-bottom-small mtSpacing-top-small wp-block-morningmodules-text-media mt-text-media mt-text-media--align-media-right mt-text-media--align-media-mobile-bottom is-style-bg-tertiary\"><div class=\"mt-text-media__inner\"><div class=\"mt-text-media__media-container\"><img decoding=\"async\" src=\"https:\/\/magventure.com\/de\/wp-content\/uploads\/sites\/5\/2024\/10\/Copy-of-Copy-of-MagPro-r20-photo3-1440-\u00d7-810px-1.jpg\" alt=\"\" style=\"object-position:50% 50%\"\/><div class=\"mt-text-media__play-button mt-text-media__play-button--undefined open-video-modal\" data-url=\"https:\/\/magventure.com\/de\/wp-content\/uploads\/sites\/5\/2024\/10\/MagVenture-30-Years-3.mp4\"><\/div><\/div><div class=\"mt-text-media__text-container\"><span class=\"mt-text-media__tagline mt-tagline\">MagVenture-Zeitleiste<\/span><h2 class=\"mt-text-media__title\">MEHR ALS 30 JAHRE ERFAHRUNG<br>IN DER TMS-INNOVATION<\/h2>\n<p>FVom ersten MagPro-Stimulator zur Erforschung<br>der Gehirnstimulation bis zur Bereitstellung einer<br>breiten Palette an Ger\u00e4ten zur Verwendung bei der<br>Behandlung psychischer St\u00f6rungen ist MagVenture<br>seit mehr als 30 Jahren wegweisend in der TMS-Technologie.<\/p>\n\n\n\n<p>Alle MagVenture-Produkte werden ausschlie\u00dflich von Tonica AS hergestellt.<\/p>\n\n\n\n<p>Sehen Sie sich dieses Video an, um mehr \u00fcber die Geschichte von MagVenture zu erfahren.<\/p>\n<\/div><\/div><\/section>\n\n\n\n<section class=\"wp-block-morningmodules-text-media mt-text-media mt-text-media--align-media-right mt-text-media--align-media-mobile-bottom is-style-bg-default\"><div class=\"mt-text-media__inner\"><div class=\"mt-text-media__media-container\"><img decoding=\"async\" src=\"https:\/\/magventure.com\/de\/wp-content\/uploads\/sites\/5\/2024\/10\/Untitled-design-7.png\" alt=\"\" style=\"object-position:50% 50%\"\/><\/div><div class=\"mt-text-media__text-container\"><span class=\"mt-text-media__tagline mt-tagline\">MagVenture weltweit<\/span><h2 class=\"mt-text-media__title\">Kontakt aufnehmen<\/h2>\n<p>Unser TMS-Expertenteam ist hier, um Sie zu unterst\u00fctzen.<br>Wir haben H\u00e4ndler in mehr als 60 L\u00e4ndern und Niederlassungen in den USA, Gro\u00dfbritannien, Deutschland, Brasilien und China \u2013 wo immer Sie sich also befinden, ein TMS-Experte von MagVenture ist immer in der N\u00e4he, wenn Sie Service oder Beratung ben\u00f6tigen.<\/p>\n\n\n\n<div class=\"wp-block-buttons is-layout-flex wp-block-buttons-is-layout-flex\">\n<div class=\"wp-block-button\"><a class=\"wp-block-button__link wp-element-button\" href=\"https:\/\/magventure.com\/de\/magventure-finden\/\">MagVenture finden<\/a><\/div>\n<\/div>\n<\/div><\/div><\/section>\n\n\n\n<section class=\"wp-block-morningmodules-breaker aligncenter mt-breaker mt-breaker--white-text is-style-bg-default\"><div class=\"mt-breaker__container\"><div class=\"mt-breaker__overlay\" style=\"opacity:0.4\"><\/div><div class=\"mt-breaker__image-container object-fit\"><img decoding=\"async\" src=\"https:\/\/magventure.com\/de\/wp-content\/uploads\/sites\/5\/2024\/09\/contact.jpg\" alt=\"\" style=\"object-position:44% 50%\" \/><\/div><div class=\"mt-breaker__inner page-container\"><div class=\"mt-breaker__text-container\"><span class=\"mt-breaker__tagline mt-tagline\">Sprechen Sie mit einem TMS-Experten<\/span><h2 class=\"mt-breaker__title\">Kontakt mit MagVenture aufnehmen<\/h2>\n<p><\/p>\n\n\n\n<div class=\"wp-block-buttons is-layout-flex wp-block-buttons-is-layout-flex\">\n<div class=\"wp-block-button is-style-secondary\" data-open-slide-in=\"main\"><a class=\"wp-block-button__link wp-element-button\">Kontakt<\/a><\/div>\n<\/div>\n<\/div><\/div><\/div><\/section>\n\n\n<section class=\"mt-instagram mtSpacing-top-medium mtSpacing-bottom-medium\">\n    <div class=\"mt-instagram__inner page-container\">\n        <div class=\"mt-instagram__left-container\">\n                                        <h2 class=\"mt-instagram__title title title--h2\">Explore our Instagram<\/h2>\n                    <\/div>\n        <div class=\"mt-instagram__right-container\">\n                    <\/div>\n    <\/div>\n    \n\t\t<div id=\"sbi_mod_error\" >\n\t\t\t<span>Diese Fehlermeldung ist nur f\u00fcr WordPress-Administratoren sichtbar<\/span><br\/>\n\t\t\t<p><strong>Fehler: Kein Feed gefunden.<\/strong>\n\t\t\t<p>Bitte geh zur Instagram-Feed-Einstellungsseite, um einen Feed zu erstellen.<\/p>\n\t\t<\/div>\n\t\t\n\n<\/section>\n","protected":false},"excerpt":{"rendered":"","protected":false},"author":2,"featured_media":0,"parent":0,"menu_order":0,"comment_status":"closed","ping_status":"closed","template":"","meta":{"_acf_changed":false,"_monsterinsights_skip_tracking":false,"_monsterinsights_sitenote_active":false,"_monsterinsights_sitenote_note":"","_monsterinsights_sitenote_category":0,"footnotes":""},"class_list":["post-554","page","type-page","status-publish","hentry"],"acf":{"hide_navigation":false,"navigation_color":"white-text","theme_color":"theme-color-light-blue","hide_footer_instagram":false},"yoast_head":"<!-- This site is optimized with the Yoast SEO plugin v27.3 - https:\/\/yoast.com\/product\/yoast-seo-wordpress\/ -->\n<title>Wer ist MagVenture - MagVenture DE<\/title>\n<meta name=\"description\" content=\"MagVenture ist ein TMS-Anbieter und marktf\u00fchrender Hersteller von nicht-invasiven TMS-Behandlungssystemen (Transkranielle Magnetstimulation).\" \/>\n<meta name=\"robots\" content=\"index, follow, max-snippet:-1, max-image-preview:large, max-video-preview:-1\" \/>\n<link rel=\"canonical\" href=\"https:\/\/magventure.com\/de\/uber-magventure\/\" \/>\n<meta property=\"og:locale\" content=\"de_DE\" \/>\n<meta property=\"og:type\" content=\"article\" \/>\n<meta property=\"og:title\" content=\"Wer ist MagVenture - MagVenture DE\" \/>\n<meta property=\"og:description\" content=\"MagVenture ist ein TMS-Anbieter und marktf\u00fchrender Hersteller von nicht-invasiven TMS-Behandlungssystemen (Transkranielle Magnetstimulation).\" \/>\n<meta property=\"og:url\" content=\"https:\/\/magventure.com\/de\/uber-magventure\/\" \/>\n<meta property=\"og:site_name\" content=\"MagVenture DE\" \/>\n<meta property=\"article:modified_time\" content=\"2025-08-18T06:42:04+00:00\" \/>\n<meta property=\"og:image\" content=\"https:\/\/magventure.com\/de\/wp-content\/uploads\/sites\/5\/2023\/03\/028A4949-scaled-1.jpg\" \/>\n<meta name=\"twitter:card\" content=\"summary_large_image\" \/>\n<meta name=\"twitter:label1\" content=\"Gesch\u00e4tzte Lesezeit\" \/>\n\t<meta name=\"twitter:data1\" content=\"3\u00a0Minuten\" \/>\n<script type=\"application\/ld+json\" class=\"yoast-schema-graph\">{\"@context\":\"https:\\\/\\\/schema.org\",\"@graph\":[{\"@type\":\"WebPage\",\"@id\":\"https:\\\/\\\/magventure.com\\\/de\\\/uber-magventure\\\/\",\"url\":\"https:\\\/\\\/magventure.com\\\/de\\\/uber-magventure\\\/\",\"name\":\"Wer ist MagVenture - MagVenture DE\",\"isPartOf\":{\"@id\":\"https:\\\/\\\/magventure.com\\\/de\\\/#website\"},\"primaryImageOfPage\":{\"@id\":\"https:\\\/\\\/magventure.com\\\/de\\\/uber-magventure\\\/#primaryimage\"},\"image\":{\"@id\":\"https:\\\/\\\/magventure.com\\\/de\\\/uber-magventure\\\/#primaryimage\"},\"thumbnailUrl\":\"https:\\\/\\\/magventure.com\\\/de\\\/wp-content\\\/uploads\\\/sites\\\/5\\\/2023\\\/03\\\/028A4949-scaled-1.jpg\",\"datePublished\":\"2024-09-25T08:03:59+00:00\",\"dateModified\":\"2025-08-18T06:42:04+00:00\",\"description\":\"MagVenture ist ein TMS-Anbieter und marktf\u00fchrender Hersteller von nicht-invasiven TMS-Behandlungssystemen (Transkranielle Magnetstimulation).\",\"breadcrumb\":{\"@id\":\"https:\\\/\\\/magventure.com\\\/de\\\/uber-magventure\\\/#breadcrumb\"},\"inLanguage\":\"de\",\"potentialAction\":[{\"@type\":\"ReadAction\",\"target\":[\"https:\\\/\\\/magventure.com\\\/de\\\/uber-magventure\\\/\"]}]},{\"@type\":\"ImageObject\",\"inLanguage\":\"de\",\"@id\":\"https:\\\/\\\/magventure.com\\\/de\\\/uber-magventure\\\/#primaryimage\",\"url\":\"https:\\\/\\\/magventure.com\\\/de\\\/wp-content\\\/uploads\\\/sites\\\/5\\\/2023\\\/03\\\/028A4949-scaled-1.jpg\",\"contentUrl\":\"https:\\\/\\\/magventure.com\\\/de\\\/wp-content\\\/uploads\\\/sites\\\/5\\\/2023\\\/03\\\/028A4949-scaled-1.jpg\",\"width\":2000,\"height\":1334,\"caption\":\"Magventure sales seminar\"},{\"@type\":\"BreadcrumbList\",\"@id\":\"https:\\\/\\\/magventure.com\\\/de\\\/uber-magventure\\\/#breadcrumb\",\"itemListElement\":[{\"@type\":\"ListItem\",\"position\":1,\"name\":\"Home\",\"item\":\"https:\\\/\\\/magventure.com\\\/de\\\/\"},{\"@type\":\"ListItem\",\"position\":2,\"name\":\"\u00dcber uns\"}]},{\"@type\":\"WebSite\",\"@id\":\"https:\\\/\\\/magventure.com\\\/de\\\/#website\",\"url\":\"https:\\\/\\\/magventure.com\\\/de\\\/\",\"name\":\"MagVenture DE\",\"description\":\"We are unlocking the science of magnetic stimulation for treatment of depression\",\"potentialAction\":[{\"@type\":\"SearchAction\",\"target\":{\"@type\":\"EntryPoint\",\"urlTemplate\":\"https:\\\/\\\/magventure.com\\\/de\\\/?s={search_term_string}\"},\"query-input\":{\"@type\":\"PropertyValueSpecification\",\"valueRequired\":true,\"valueName\":\"search_term_string\"}}],\"inLanguage\":\"de\"}]}<\/script>\n<!-- \/ Yoast SEO plugin. -->","yoast_head_json":{"title":"Wer ist MagVenture - MagVenture DE","description":"MagVenture ist ein TMS-Anbieter und marktf\u00fchrender Hersteller von nicht-invasiven TMS-Behandlungssystemen (Transkranielle Magnetstimulation).","robots":{"index":"index","follow":"follow","max-snippet":"max-snippet:-1","max-image-preview":"max-image-preview:large","max-video-preview":"max-video-preview:-1"},"canonical":"https:\/\/magventure.com\/de\/uber-magventure\/","og_locale":"de_DE","og_type":"article","og_title":"Wer ist MagVenture - MagVenture DE","og_description":"MagVenture ist ein TMS-Anbieter und marktf\u00fchrender Hersteller von nicht-invasiven TMS-Behandlungssystemen (Transkranielle Magnetstimulation).","og_url":"https:\/\/magventure.com\/de\/uber-magventure\/","og_site_name":"MagVenture DE","article_modified_time":"2025-08-18T06:42:04+00:00","og_image":[{"url":"https:\/\/magventure.com\/de\/wp-content\/uploads\/sites\/5\/2023\/03\/028A4949-scaled-1.jpg","type":"","width":"","height":""}],"twitter_card":"summary_large_image","twitter_misc":{"Gesch\u00e4tzte Lesezeit":"3\u00a0Minuten"},"schema":{"@context":"https:\/\/schema.org","@graph":[{"@type":"WebPage","@id":"https:\/\/magventure.com\/de\/uber-magventure\/","url":"https:\/\/magventure.com\/de\/uber-magventure\/","name":"Wer ist MagVenture - MagVenture DE","isPartOf":{"@id":"https:\/\/magventure.com\/de\/#website"},"primaryImageOfPage":{"@id":"https:\/\/magventure.com\/de\/uber-magventure\/#primaryimage"},"image":{"@id":"https:\/\/magventure.com\/de\/uber-magventure\/#primaryimage"},"thumbnailUrl":"https:\/\/magventure.com\/de\/wp-content\/uploads\/sites\/5\/2023\/03\/028A4949-scaled-1.jpg","datePublished":"2024-09-25T08:03:59+00:00","dateModified":"2025-08-18T06:42:04+00:00","description":"MagVenture ist ein TMS-Anbieter und marktf\u00fchrender Hersteller von nicht-invasiven TMS-Behandlungssystemen (Transkranielle Magnetstimulation).","breadcrumb":{"@id":"https:\/\/magventure.com\/de\/uber-magventure\/#breadcrumb"},"inLanguage":"de","potentialAction":[{"@type":"ReadAction","target":["https:\/\/magventure.com\/de\/uber-magventure\/"]}]},{"@type":"ImageObject","inLanguage":"de","@id":"https:\/\/magventure.com\/de\/uber-magventure\/#primaryimage","url":"https:\/\/magventure.com\/de\/wp-content\/uploads\/sites\/5\/2023\/03\/028A4949-scaled-1.jpg","contentUrl":"https:\/\/magventure.com\/de\/wp-content\/uploads\/sites\/5\/2023\/03\/028A4949-scaled-1.jpg","width":2000,"height":1334,"caption":"Magventure sales seminar"},{"@type":"BreadcrumbList","@id":"https:\/\/magventure.com\/de\/uber-magventure\/#breadcrumb","itemListElement":[{"@type":"ListItem","position":1,"name":"Home","item":"https:\/\/magventure.com\/de\/"},{"@type":"ListItem","position":2,"name":"\u00dcber uns"}]},{"@type":"WebSite","@id":"https:\/\/magventure.com\/de\/#website","url":"https:\/\/magventure.com\/de\/","name":"MagVenture DE","description":"We are unlocking the science of magnetic stimulation for treatment of depression","potentialAction":[{"@type":"SearchAction","target":{"@type":"EntryPoint","urlTemplate":"https:\/\/magventure.com\/de\/?s={search_term_string}"},"query-input":{"@type":"PropertyValueSpecification","valueRequired":true,"valueName":"search_term_string"}}],"inLanguage":"de"}]}},"_links":{"self":[{"href":"https:\/\/magventure.com\/de\/wp-json\/wp\/v2\/pages\/554","targetHints":{"allow":["GET"]}}],"collection":[{"href":"https:\/\/magventure.com\/de\/wp-json\/wp\/v2\/pages"}],"about":[{"href":"https:\/\/magventure.com\/de\/wp-json\/wp\/v2\/types\/page"}],"author":[{"embeddable":true,"href":"https:\/\/magventure.com\/de\/wp-json\/wp\/v2\/users\/2"}],"replies":[{"embeddable":true,"href":"https:\/\/magventure.com\/de\/wp-json\/wp\/v2\/comments?post=554"}],"version-history":[{"count":10,"href":"https:\/\/magventure.com\/de\/wp-json\/wp\/v2\/pages\/554\/revisions"}],"predecessor-version":[{"id":26571,"href":"https:\/\/magventure.com\/de\/wp-json\/wp\/v2\/pages\/554\/revisions\/26571"}],"wp:attachment":[{"href":"https:\/\/magventure.com\/de\/wp-json\/wp\/v2\/media?parent=554"}],"curies":[{"name":"wp","href":"https:\/\/api.w.org\/{rel}","templated":true}]}}