{"id":629,"date":"2024-10-01T08:17:01","date_gmt":"2024-10-01T08:17:01","guid":{"rendered":"https:\/\/magventure.com\/de\/?page_id=629"},"modified":"2024-12-11T09:06:36","modified_gmt":"2024-12-11T09:06:36","slug":"magventure-finden","status":"publish","type":"page","link":"https:\/\/magventure.com\/de\/magventure-finden\/","title":{"rendered":"MagVenture finden"},"content":{"rendered":"\n<section class=\"wp-block-mag-alternative-subpage-cover mt-alternative-subpage-cover mt-alternative-subpage-cover--stack-text\"><div class=\"mt-alternative-subpage-cover__inner page-container\"><p class=\"mt-alternative-subpage-cover__tagline tagline\">Globales Vertriebsnetz<\/p><div class=\"mt-alternative-subpage-cover__title-container\"><h1 class=\"mt-alternative-subpage-cover__title title title--h1 highlight-text\">Finden Sie einen <strong>MagVenture<\/strong>H\u00e4ndler<br>in Ihrer N\u00e4he<\/h1><div class=\"mt-alternative-subpage-cover__text-container wysiwyg\"><p class=\"mt-alternative-subpage-cover__text\">MagVenture ist stolz darauf, in \u00fcber 60 L\u00e4ndern durch zugelassene H\u00e4ndler vertreten zu sein, die Ihnen auf Ihrem Weg zur TMS eine schnelle Unterst\u00fctzung bieten k\u00f6nnen.<\/p><\/div><\/div><\/div><\/section>\n\n\n<div  class=\"mtSpacing-bottom-medium\" data-react-class=\"DistributorMap\" data-react-props=\"{&quot;nonce&quot;:&quot;34fde22a12&quot;,&quot;googleMapsApiKey&quot;:&quot;AIzaSyD7VKX6Xh2pc4JpVJk_Nt2jJIbPc49VbYE&quot;,&quot;googleMapsMapId&quot;:&quot;fb76a66881eaea75&quot;,&quot;imgPath&quot;:&quot;https:\\\/\\\/magventure.com\\\/de\\\/wp-content\\\/themes\\\/magventure-wordpress-theme\\\/public\\\/img\\\/&quot;,&quot;markerIcon&quot;:&quot;https:\\\/\\\/magventure.com\\\/de\\\/wp-content\\\/themes\\\/magventure-wordpress-theme\\\/public\\\/img\\\/icons\\\/marker.svg&quot;,&quot;restUrl&quot;:&quot;https:\\\/\\\/magventure.com\\\/de\\\/wp-json\\\/mag\\\/v1\\\/distributor\\\/search&quot;,&quot;texts&quot;:{&quot;filterTitle&quot;:&quot;Find distributor&quot;,&quot;searchPlaceholder&quot;:&quot;Search by name, city, or zip code&quot;,&quot;categorySelectFirstOption&quot;:&quot;All regions&quot;,&quot;errorMessage&quot;:&quot;Sorry, no results found.&quot;,&quot;errorMessageResetFiltersText&quot;:&quot;Reset filters.&quot;,&quot;resetFiltersText&quot;:&quot;Reset filters&quot;}}\"><\/div>\n","protected":false},"excerpt":{"rendered":"","protected":false},"author":2,"featured_media":25613,"parent":0,"menu_order":0,"comment_status":"closed","ping_status":"closed","template":"","meta":{"_acf_changed":false,"_monsterinsights_skip_tracking":false,"_monsterinsights_sitenote_active":false,"_monsterinsights_sitenote_note":"","_monsterinsights_sitenote_category":0,"footnotes":""},"class_list":["post-629","page","type-page","status-publish","has-post-thumbnail","hentry"],"acf":{"hide_navigation":false,"navigation_color":"dark-text","theme_color":"theme-color-dark-blue","hide_footer_instagram":false},"yoast_head":"<!-- This site is optimized with the Yoast SEO plugin v27.3 - https:\/\/yoast.com\/product\/yoast-seo-wordpress\/ -->\n<title>Finden Sie einen MagVenture-H\u00e4ndler<\/title>\n<meta name=\"description\" content=\"Finden Sie einen MagVenture-H\u00e4ndler in Ihrer N\u00e4he. MagVenture ist stolz darauf, in \u00fcber 60 L\u00e4ndern durch zugelassene H\u00e4ndler vertreten zu sein.\" \/>\n<meta name=\"robots\" content=\"index, follow, max-snippet:-1, max-image-preview:large, max-video-preview:-1\" \/>\n<link rel=\"canonical\" href=\"https:\/\/magventure.com\/de\/magventure-finden\/\" \/>\n<meta property=\"og:locale\" content=\"de_DE\" \/>\n<meta property=\"og:type\" content=\"article\" \/>\n<meta property=\"og:title\" content=\"Finden Sie einen MagVenture-H\u00e4ndler\" \/>\n<meta property=\"og:description\" content=\"Finden Sie einen MagVenture-H\u00e4ndler in Ihrer N\u00e4he. MagVenture ist stolz darauf, in \u00fcber 60 L\u00e4ndern durch zugelassene H\u00e4ndler vertreten zu sein.\" \/>\n<meta property=\"og:url\" content=\"https:\/\/magventure.com\/de\/magventure-finden\/\" \/>\n<meta property=\"og:site_name\" content=\"MagVenture DE\" \/>\n<meta property=\"article:modified_time\" content=\"2024-12-11T09:06:36+00:00\" \/>\n<meta property=\"og:image\" content=\"https:\/\/magventure.com\/de\/wp-content\/uploads\/sites\/5\/2024\/10\/Untitled-design-7.png\" \/>\n\t<meta property=\"og:image:width\" content=\"1080\" \/>\n\t<meta property=\"og:image:height\" content=\"1080\" \/>\n\t<meta property=\"og:image:type\" content=\"image\/png\" \/>\n<meta name=\"twitter:card\" content=\"summary_large_image\" \/>\n<meta name=\"twitter:label1\" content=\"Gesch\u00e4tzte Lesezeit\" \/>\n\t<meta name=\"twitter:data1\" content=\"1\u00a0Minute\" \/>\n<script type=\"application\/ld+json\" class=\"yoast-schema-graph\">{\"@context\":\"https:\\\/\\\/schema.org\",\"@graph\":[{\"@type\":\"WebPage\",\"@id\":\"https:\\\/\\\/magventure.com\\\/de\\\/magventure-finden\\\/\",\"url\":\"https:\\\/\\\/magventure.com\\\/de\\\/magventure-finden\\\/\",\"name\":\"Finden Sie einen MagVenture-H\u00e4ndler\",\"isPartOf\":{\"@id\":\"https:\\\/\\\/magventure.com\\\/de\\\/#website\"},\"primaryImageOfPage\":{\"@id\":\"https:\\\/\\\/magventure.com\\\/de\\\/magventure-finden\\\/#primaryimage\"},\"image\":{\"@id\":\"https:\\\/\\\/magventure.com\\\/de\\\/magventure-finden\\\/#primaryimage\"},\"thumbnailUrl\":\"https:\\\/\\\/magventure.com\\\/de\\\/wp-content\\\/uploads\\\/sites\\\/5\\\/2024\\\/10\\\/Untitled-design-7.png\",\"datePublished\":\"2024-10-01T08:17:01+00:00\",\"dateModified\":\"2024-12-11T09:06:36+00:00\",\"description\":\"Finden Sie einen MagVenture-H\u00e4ndler in Ihrer N\u00e4he. MagVenture ist stolz darauf, in \u00fcber 60 L\u00e4ndern durch zugelassene H\u00e4ndler vertreten zu sein.\",\"breadcrumb\":{\"@id\":\"https:\\\/\\\/magventure.com\\\/de\\\/magventure-finden\\\/#breadcrumb\"},\"inLanguage\":\"de\",\"potentialAction\":[{\"@type\":\"ReadAction\",\"target\":[\"https:\\\/\\\/magventure.com\\\/de\\\/magventure-finden\\\/\"]}]},{\"@type\":\"ImageObject\",\"inLanguage\":\"de\",\"@id\":\"https:\\\/\\\/magventure.com\\\/de\\\/magventure-finden\\\/#primaryimage\",\"url\":\"https:\\\/\\\/magventure.com\\\/de\\\/wp-content\\\/uploads\\\/sites\\\/5\\\/2024\\\/10\\\/Untitled-design-7.png\",\"contentUrl\":\"https:\\\/\\\/magventure.com\\\/de\\\/wp-content\\\/uploads\\\/sites\\\/5\\\/2024\\\/10\\\/Untitled-design-7.png\",\"width\":1080,\"height\":1080,\"caption\":\"MagVenture worldwide\"},{\"@type\":\"BreadcrumbList\",\"@id\":\"https:\\\/\\\/magventure.com\\\/de\\\/magventure-finden\\\/#breadcrumb\",\"itemListElement\":[{\"@type\":\"ListItem\",\"position\":1,\"name\":\"Home\",\"item\":\"https:\\\/\\\/magventure.com\\\/de\\\/\"},{\"@type\":\"ListItem\",\"position\":2,\"name\":\"MagVenture finden\"}]},{\"@type\":\"WebSite\",\"@id\":\"https:\\\/\\\/magventure.com\\\/de\\\/#website\",\"url\":\"https:\\\/\\\/magventure.com\\\/de\\\/\",\"name\":\"MagVenture DE\",\"description\":\"We are unlocking the science of magnetic stimulation for treatment of depression\",\"potentialAction\":[{\"@type\":\"SearchAction\",\"target\":{\"@type\":\"EntryPoint\",\"urlTemplate\":\"https:\\\/\\\/magventure.com\\\/de\\\/?s={search_term_string}\"},\"query-input\":{\"@type\":\"PropertyValueSpecification\",\"valueRequired\":true,\"valueName\":\"search_term_string\"}}],\"inLanguage\":\"de\"}]}<\/script>\n<!-- \/ Yoast SEO plugin. -->","yoast_head_json":{"title":"Finden Sie einen MagVenture-H\u00e4ndler","description":"Finden Sie einen MagVenture-H\u00e4ndler in Ihrer N\u00e4he. MagVenture ist stolz darauf, in \u00fcber 60 L\u00e4ndern durch zugelassene H\u00e4ndler vertreten zu sein.","robots":{"index":"index","follow":"follow","max-snippet":"max-snippet:-1","max-image-preview":"max-image-preview:large","max-video-preview":"max-video-preview:-1"},"canonical":"https:\/\/magventure.com\/de\/magventure-finden\/","og_locale":"de_DE","og_type":"article","og_title":"Finden Sie einen MagVenture-H\u00e4ndler","og_description":"Finden Sie einen MagVenture-H\u00e4ndler in Ihrer N\u00e4he. MagVenture ist stolz darauf, in \u00fcber 60 L\u00e4ndern durch zugelassene H\u00e4ndler vertreten zu sein.","og_url":"https:\/\/magventure.com\/de\/magventure-finden\/","og_site_name":"MagVenture DE","article_modified_time":"2024-12-11T09:06:36+00:00","og_image":[{"width":1080,"height":1080,"url":"https:\/\/magventure.com\/de\/wp-content\/uploads\/sites\/5\/2024\/10\/Untitled-design-7.png","type":"image\/png"}],"twitter_card":"summary_large_image","twitter_misc":{"Gesch\u00e4tzte Lesezeit":"1\u00a0Minute"},"schema":{"@context":"https:\/\/schema.org","@graph":[{"@type":"WebPage","@id":"https:\/\/magventure.com\/de\/magventure-finden\/","url":"https:\/\/magventure.com\/de\/magventure-finden\/","name":"Finden Sie einen MagVenture-H\u00e4ndler","isPartOf":{"@id":"https:\/\/magventure.com\/de\/#website"},"primaryImageOfPage":{"@id":"https:\/\/magventure.com\/de\/magventure-finden\/#primaryimage"},"image":{"@id":"https:\/\/magventure.com\/de\/magventure-finden\/#primaryimage"},"thumbnailUrl":"https:\/\/magventure.com\/de\/wp-content\/uploads\/sites\/5\/2024\/10\/Untitled-design-7.png","datePublished":"2024-10-01T08:17:01+00:00","dateModified":"2024-12-11T09:06:36+00:00","description":"Finden Sie einen MagVenture-H\u00e4ndler in Ihrer N\u00e4he. MagVenture ist stolz darauf, in \u00fcber 60 L\u00e4ndern durch zugelassene H\u00e4ndler vertreten zu sein.","breadcrumb":{"@id":"https:\/\/magventure.com\/de\/magventure-finden\/#breadcrumb"},"inLanguage":"de","potentialAction":[{"@type":"ReadAction","target":["https:\/\/magventure.com\/de\/magventure-finden\/"]}]},{"@type":"ImageObject","inLanguage":"de","@id":"https:\/\/magventure.com\/de\/magventure-finden\/#primaryimage","url":"https:\/\/magventure.com\/de\/wp-content\/uploads\/sites\/5\/2024\/10\/Untitled-design-7.png","contentUrl":"https:\/\/magventure.com\/de\/wp-content\/uploads\/sites\/5\/2024\/10\/Untitled-design-7.png","width":1080,"height":1080,"caption":"MagVenture worldwide"},{"@type":"BreadcrumbList","@id":"https:\/\/magventure.com\/de\/magventure-finden\/#breadcrumb","itemListElement":[{"@type":"ListItem","position":1,"name":"Home","item":"https:\/\/magventure.com\/de\/"},{"@type":"ListItem","position":2,"name":"MagVenture finden"}]},{"@type":"WebSite","@id":"https:\/\/magventure.com\/de\/#website","url":"https:\/\/magventure.com\/de\/","name":"MagVenture DE","description":"We are unlocking the science of magnetic stimulation for treatment of depression","potentialAction":[{"@type":"SearchAction","target":{"@type":"EntryPoint","urlTemplate":"https:\/\/magventure.com\/de\/?s={search_term_string}"},"query-input":{"@type":"PropertyValueSpecification","valueRequired":true,"valueName":"search_term_string"}}],"inLanguage":"de"}]}},"_links":{"self":[{"href":"https:\/\/magventure.com\/de\/wp-json\/wp\/v2\/pages\/629","targetHints":{"allow":["GET"]}}],"collection":[{"href":"https:\/\/magventure.com\/de\/wp-json\/wp\/v2\/pages"}],"about":[{"href":"https:\/\/magventure.com\/de\/wp-json\/wp\/v2\/types\/page"}],"author":[{"embeddable":true,"href":"https:\/\/magventure.com\/de\/wp-json\/wp\/v2\/users\/2"}],"replies":[{"embeddable":true,"href":"https:\/\/magventure.com\/de\/wp-json\/wp\/v2\/comments?post=629"}],"version-history":[{"count":9,"href":"https:\/\/magventure.com\/de\/wp-json\/wp\/v2\/pages\/629\/revisions"}],"predecessor-version":[{"id":25981,"href":"https:\/\/magventure.com\/de\/wp-json\/wp\/v2\/pages\/629\/revisions\/25981"}],"wp:featuredmedia":[{"embeddable":true,"href":"https:\/\/magventure.com\/de\/wp-json\/wp\/v2\/media\/25613"}],"wp:attachment":[{"href":"https:\/\/magventure.com\/de\/wp-json\/wp\/v2\/media?parent=629"}],"curies":[{"name":"wp","href":"https:\/\/api.w.org\/{rel}","templated":true}]}}