{"id":2,"date":"2024-09-09T11:14:43","date_gmt":"2024-09-09T11:14:43","guid":{"rendered":"https:\/\/magventure.com\/dk\/?page_id=2"},"modified":"2025-08-15T10:51:21","modified_gmt":"2025-08-15T10:51:21","slug":"magventure-tms-machines","status":"publish","type":"page","link":"https:\/\/magventure.com\/dk\/","title":{"rendered":"MagVenture TMS Therapy"},"content":{"rendered":"\n<section class=\"wp-block-mag-cover mt-cover is-style-dark\"><div class=\"mt-cover__image-container object-fit\"><picture><source srcset=\"https:\/\/magventure.com\/dk\/wp-content\/uploads\/sites\/8\/2024\/11\/Group-4-2-600x400.png\" media=\"(max-width: 580px)\"\/><source srcset=\"https:\/\/magventure.com\/dk\/wp-content\/uploads\/sites\/8\/2024\/11\/Group-4-2-1200x800.png\" media=\"(max-width: 1200px)\"\/><img decoding=\"async\" src=\"https:\/\/magventure.com\/dk\/wp-content\/uploads\/sites\/8\/2024\/11\/Group-4-2.png\" alt=\"\"\/><\/picture><\/div><div class=\"mt-cover__inner page-container\"><div class=\"mt-cover__text-container\"><p class=\"mt-cover__tagline tagline tagline--white\"><strong>Ny tilgang til mental sundhed<\/strong><\/p><h1 class=\"mt-cover__title title--h1 title--white highlight-text\">MagVenture TMS<br>giver patienter<br>nyt h\u00e5b<\/h1><p class=\"mt-cover__text wysiwyg wysiwyg--white\"><\/p><\/div><\/div><\/section>\n\n\n\n<section class=\"mtSpacing-top-medium mtSpacing-bottom-medium wp-block-mag-text-wall mt-text-wall\"><div class=\"mt-text-wall__inner page-container\">\n<h2 class=\"wp-block-heading\"><strong>FORANKRET I FORSKNING, DEDIKERET TIL BEHANDLING, FOKUSERET P\u00c5 RESULTATER<\/strong><\/h2>\n\n\n\n<h3 class=\"wp-block-heading\"><strong>MagVenture er en f\u00f8rende leverand\u00f8r af innovative TMS-l\u00f8sninger til hjernestimulation.<\/strong><\/h3>\n\n\n\n<p>Hos MagVenture br\u00e6nder vi for banebrydende teknologi, der hj\u00e6lper med at forbedre menneskers liv. Det er derfor, vi har v\u00e6ret pionerer inden for ikke-invasiv transkraniel magnetstimulation (TMS) i mere end 30 \u00e5r.<\/p>\n\n\n\n<p>Lige siden den sp\u00e6de start inden for TMS har vi arbejdet sammen med tusindvis af forskere for at give dem en st\u00f8rre viden om den menneskelige hjerne. Vi har samarbejdet med f\u00f8rende neuroforskere for at fremme omr\u00e5derne psykiatri, neurofysiologi, neurologi, neuroplasticitet, kognitiv neurovidenskab og rehabilitering.<\/p>\n\n\n\n<p>Efter mange \u00e5rs erfaring inden for TMS-omr\u00e5det anvendte vi vores ekspertise fra forskning og diagnostik til at udvikle kliniske TMS-systemer. <\/p>\n\n\n\n<p>MagVenture er stolt af at v\u00e6re en privatejet dansk virksomhed. Vores produkter er designet, udviklet, produceret og kvalitetstestet i Danmark efter de h\u00f8jeste standarder. Og med datterselskaber i USA, Brasilien, Storbritannien, Kina og Tyskland og et distributionsnetv\u00e6rk i mere end 70 lande er vores r\u00e6kkevidde global.<\/p>\n\n\n\n<figure class=\"wp-block-image aligncenter size-full\"><img fetchpriority=\"high\" decoding=\"async\" width=\"1754\" height=\"1069\" src=\"https:\/\/magventure.com\/dk\/wp-content\/uploads\/sites\/8\/2024\/09\/Worldmap_2024-1.jpg\" alt=\"\" class=\"wp-image-43\" srcset=\"https:\/\/magventure.com\/dk\/wp-content\/uploads\/sites\/8\/2024\/09\/Worldmap_2024-1.jpg 1754w, https:\/\/magventure.com\/dk\/wp-content\/uploads\/sites\/8\/2024\/09\/Worldmap_2024-1-1200x731.jpg 1200w, https:\/\/magventure.com\/dk\/wp-content\/uploads\/sites\/8\/2024\/09\/Worldmap_2024-1-1000x609.jpg 1000w, https:\/\/magventure.com\/dk\/wp-content\/uploads\/sites\/8\/2024\/09\/Worldmap_2024-1-800x488.jpg 800w, https:\/\/magventure.com\/dk\/wp-content\/uploads\/sites\/8\/2024\/09\/Worldmap_2024-1-600x366.jpg 600w, https:\/\/magventure.com\/dk\/wp-content\/uploads\/sites\/8\/2024\/09\/Worldmap_2024-1-300x183.jpg 300w, https:\/\/magventure.com\/dk\/wp-content\/uploads\/sites\/8\/2024\/09\/Worldmap_2024-1-1024x624.jpg 1024w, https:\/\/magventure.com\/dk\/wp-content\/uploads\/sites\/8\/2024\/09\/Worldmap_2024-1-768x468.jpg 768w, https:\/\/magventure.com\/dk\/wp-content\/uploads\/sites\/8\/2024\/09\/Worldmap_2024-1-1536x936.jpg 1536w\" sizes=\"(max-width: 1754px) 100vw, 1754px\" \/><figcaption class=\"wp-element-caption\">MagVenture\u00b4s presence worldwide<\/figcaption><\/figure>\n<\/div><\/section>\n\n\n\n<section class=\"mtSpacing-top-medium mtSpacing-bottom-medium wp-block-morningmodules-image-link-boxes mt-image-link-boxes is-style-bg-secondary\" data-count=\"2\"><div class=\"mt-image-link-boxes__wrapper\"><div class=\"mt-image-link-boxes__inner\"><div class=\"mt-image-link-boxes__text-container\"><p class=\"mt-image-link-boxes__tagline mt-tagline\">Find den rigtige information<\/p><h2 class=\"mt-image-link-boxes__title\">Hvem er du?<\/h2><\/div><div class=\"mt-image-link-boxes__boxes-wrapper\"><div class=\"swiper\"><div class=\"swiper-wrapper\">\n<div class=\"wp-block-morningmodules-image-link-box mt-image-link-box swiper-slide\"><div class=\"mt-image-link-box__image-container\"><img decoding=\"async\" src=\"https:\/\/magventure.com\/dk\/wp-content\/uploads\/sites\/8\/2024\/10\/Psychologist-e1677748116983.jpg\" alt=\"{attributes.image.alt ?? ''}\" style=\"object-position:50% 50%\"\/><\/div><h3 class=\"mt-image-link-box__title\"><strong>Psykiater<\/strong><\/h3><p class=\"mt-image-link-box__text\">Oplever du, at 30 % af dine patienter med sv\u00e6r depression ikke responderer p\u00e5 traditionel medicinsk behandling?<\/p><\/div>\n\n\n\n<div class=\"wp-block-morningmodules-image-link-box mt-image-link-box swiper-slide\"><div class=\"mt-image-link-box__image-container\"><img decoding=\"async\" src=\"https:\/\/magventure.com\/dk\/wp-content\/uploads\/sites\/8\/2024\/09\/Clinic-Administrator-.jpg\" alt=\"{attributes.image.alt ?? ''}\" style=\"object-position:50% 50%\"\/><\/div><h3 class=\"mt-image-link-box__title\"><strong>Klinikleder<\/strong><\/h3><p class=\"mt-image-link-box__text\">Vil du \u00f8ge dine indt\u00e6gter og styrke klinikkens renomme som udbyder af banebrydende, evidensbaserede behandlinger?<\/p><\/div>\n\n\n\n<div class=\"wp-block-morningmodules-image-link-box mt-image-link-box swiper-slide\"><div class=\"mt-image-link-box__image-container\"><img decoding=\"async\" src=\"https:\/\/magventure.com\/dk\/wp-content\/uploads\/sites\/8\/2024\/09\/Researcher-NEW-scaled-1.jpg\" alt=\"{attributes.image.alt ?? ''}\" style=\"object-position:50% 50%\"\/><\/div><h3 class=\"mt-image-link-box__title\"><strong>Forsker<\/strong><\/h3><p class=\"mt-image-link-box__text\">Er du forsker med interesse i at udforske hjernens funktion og konnektivitet ved hj\u00e6lp af TMS-relaterede forskningsl\u00f8sninger?<\/p><\/div>\n\n\n\n<div class=\"wp-block-morningmodules-image-link-box mt-image-link-box swiper-slide\"><div class=\"mt-image-link-box__image-container\"><img decoding=\"async\" src=\"https:\/\/magventure.com\/dk\/wp-content\/uploads\/sites\/8\/2024\/09\/Neurologist-scaled-1.jpg\" alt=\"{attributes.image.alt ?? ''}\" style=\"object-position:50% 50%\"\/><\/div><h3 class=\"mt-image-link-box__title\"><strong>Neurolog<\/strong><\/h3><p class=\"mt-image-link-box__text\">Har du brug for en alsidig teknologi til at vurdere og diagnosticere visse lidelser i centralnervesystemet og det perifere nervesystem?<\/p><\/div>\n<\/div><\/div><div class=\"mt-image-link-boxes__navigation swiper-bottom-container\"><div class=\"mt-image-link-boxes__swiper-progress swiper-progress\"><\/div><div class=\"mt-image-link-boxes__swiper-buttons swiper-buttons\"><div class=\"mt-image-link-boxes__swiper-button mt-image-link-boxes__swiper-button--prev swiper-button-prev\"><svg xmlns=\"http:\/\/www.w3.org\/2000\/svg\" fill=\"none\" viewBox=\"0 0 9 14\"><path stroke=\"#121212\" stroke-linecap=\"round\" stroke-linejoin=\"round\" stroke-width=\"1.5\" d=\"m1.6 1 6 6.316L1.6 13\"><\/path><\/svg><\/div><div class=\"mt-image-link-boxes__swiper-button mt-image-link-boxes__swiper-button--next swiper-button-next\"><svg xmlns=\"http:\/\/www.w3.org\/2000\/svg\" fill=\"none\" viewBox=\"0 0 9 14\"><path stroke=\"#121212\" stroke-linecap=\"round\" stroke-linejoin=\"round\" stroke-width=\"1.5\" d=\"m1.6 1 6 6.316L1.6 13\"><\/path><\/svg><\/div><\/div><\/div><\/div><\/div><\/div><\/section>\n\n\n\n<section class=\"mtSpacing-top-medium mtSpacing-bottom-medium wp-block-morningmodules-text-link-boxes mt-text-link-boxes mt-text-link-boxes--mobile-slider\" data-count=\"3\"><div class=\"mt-text-link-boxes__wrapper\"><div class=\"mt-text-link-boxes__inner\"><div class=\"mt-text-link-boxes__text-container\"><span class=\"mt-text-link-boxes__tagline mt-tagline\">Find den rigtige information<\/span><h2 class=\"mt-text-link-boxes__title\"><strong>Anvendelsesomr\u00e5der for MagVenture TMS Therapy<\/strong><\/h2><\/div><div class=\"mt-text-link-boxes__boxes-wrapper\"><div class=\"swiper\"><div class=\"swiper-wrapper\">\n<div class=\"wp-block-morningmodules-text-link-box mt-text-link-box swiper-slide\"><div class=\"mt-text-link-box__title-container\"><h3 class=\"mt-text-link-box__title\"><strong>Depression<\/strong><\/h3><\/div><p class=\"mt-text-link-box__text\">TMS er godkendt til behandling af patienter med sv\u00e6r depression, som ikke har responderet p\u00e5 antidepressiv medicin.<\/p><\/div>\n\n\n\n<div class=\"wp-block-morningmodules-text-link-box mt-text-link-box swiper-slide\"><div class=\"mt-text-link-box__title-container\"><h3 class=\"mt-text-link-box__title\"><strong>OCD<\/strong><\/h3><\/div><p class=\"mt-text-link-box__text\">TMS er et supplement til behandling af voksne patienter, der lider af OCD (obsessiv-kompulsiv lidelse).<\/p><\/div>\n\n\n\n<div class=\"wp-block-morningmodules-text-link-box mt-text-link-box swiper-slide\"><div class=\"mt-text-link-box__title-container\"><h3 class=\"mt-text-link-box__title\"><strong>Diagnostik<\/strong><\/h3><\/div><p class=\"mt-text-link-box__text\">MagVenture TMS er godkendt til stimulering af centralnervesystemet og det perifere nervesystem til diagnostiske form\u00e5l.<\/p><\/div>\n\n\n\n<div class=\"wp-block-morningmodules-text-link-box mt-text-link-box swiper-slide\"><div class=\"mt-text-link-box__title-container\"><h3 class=\"mt-text-link-box__title\"><strong>Afh\u00e6ngighed (PSUD)<\/strong><\/h3><\/div><p class=\"mt-text-link-box__text\">MagVenture TMS er en behandling til PSUD (misbrug af psykoaktive stoffer) hos voksne patienter.<\/p><\/div>\n\n\n\n<div class=\"wp-block-morningmodules-text-link-box mt-text-link-box swiper-slide\"><div class=\"mt-text-link-box__title-container\"><h3 class=\"mt-text-link-box__title\"><strong>Komorbid angst<\/strong><\/h3><\/div><p class=\"mt-text-link-box__text\">CE godkendte TMS til at inkludere en klinisk fordel for komorbid angst hos patienter med MDD (Major Depressive Disorder, sv\u00e6r depression).<\/p><\/div>\n<\/div><\/div><div class=\"mt-text-link-boxes__navigation swiper-bottom-container\"><div class=\"mt-text-link-boxes__swiper-progress swiper-progress\"><\/div><div class=\"mt-text-link-boxes__swiper-buttons swiper-buttons\"><div class=\"mt-text-link-boxes__swiper-button mt-text-link-boxes__swiper-button--prev swiper-button-prev\"><svg xmlns=\"http:\/\/www.w3.org\/2000\/svg\" fill=\"none\" viewBox=\"0 0 9 14\"><path stroke=\"#121212\" stroke-linecap=\"round\" stroke-linejoin=\"round\" stroke-width=\"1.5\" d=\"m1.6 1 6 6.316L1.6 13\"><\/path><\/svg><\/div><div class=\"mt-text-link-boxes__swiper-button mt-text-link-boxes__swiper-button--next swiper-button-next\"><svg xmlns=\"http:\/\/www.w3.org\/2000\/svg\" fill=\"none\" viewBox=\"0 0 9 14\"><path stroke=\"#121212\" stroke-linecap=\"round\" stroke-linejoin=\"round\" stroke-width=\"1.5\" d=\"m1.6 1 6 6.316L1.6 13\"><\/path><\/svg><\/div><\/div><\/div><\/div><\/div><\/div><\/section>\n\n\n\n<section class=\"mtSpacing-bottom-small mtSpacing-top-small wp-block-morningmodules-text-media mt-text-media mt-text-media--align-media-right mt-text-media--align-media-mobile-bottom is-style-bg-tertiary\"><div class=\"mt-text-media__inner\"><div class=\"mt-text-media__media-container\"><img decoding=\"async\" src=\"https:\/\/magventure.com\/wp-content\/uploads\/2024\/10\/Copy-of-Copy-of-MagPro-r20-photo3-1440-\u00d7-810px-1.jpg\" alt=\"\" style=\"object-position:50% 50%\"\/><div class=\"mt-text-media__play-button mt-text-media__play-button--undefined open-video-modal\" data-url=\"https:\/\/magventure.com\/wp-content\/uploads\/2024\/10\/MagVenture-30-Years-3.mp4\"><\/div><\/div><div class=\"mt-text-media__text-container\"><span class=\"mt-text-media__tagline mt-tagline\">MagVentures tidslinje<\/span><h2 class=\"mt-text-media__title\">MERE END 30 \u00c5RS<br>TMS-INNOVATION<\/h2>\n<p>MagVenture har i mere end 30 \u00e5r v\u00e6ret en pioner inden for TMS-teknologi \u2013 fra udviklingen af den f\u00f8rste MagPro-stimulator til forskning i hjernestimulation til i dag, hvor vi leverer et bredt udvalg af systemer til behandling af psykiatriske lidelser.<\/p>\n\n\n\n<p>Se denne video for at f\u00e5 mere at vide om MagVentures historie.<\/p>\n<\/div><\/div><\/section>\n\n\n\n<section class=\"mtSpacing-top-medium mtSpacing-bottom-small wp-block-mag-text-columns-with-button mt-text-columns\"><div class=\"mt-text-columns__inner page-container\"><div class=\"mt-text-columns__title-container\"><p class=\"mt-text-columns__tagline tagline\">Vores DNA<\/p><h2 class=\"mt-text-columns__title title title--h2\"><strong>MagVentures vision og mission<\/strong><\/h2><\/div><div class=\"mt-text-columns__text-container\"><p class=\"mt-text-columns__text wysiwyg\">MagVenture er en TMS-udbyder og markedsledende leverand\u00f8r af ikke-invasive systemer til transkraniel magnetstimulation (TMS). Virksomheden, der er privatejet med hovedkontor i Danmark, har v\u00e6ret banebrydende inden for avancerede TMS-l\u00f8sninger i mere end 30 \u00e5r.<br><br>MagVentures TMS-systemer anvendes til en lang r\u00e6kke forsknings- og behandlingsm\u00e6ssige form\u00e5l inden for psykiatri, neurofysiologi, neurologi, kognitiv neurovidenskab og rehabilitering.<br><br>Vores vision er at give patienterne nyt h\u00e5b ved at skabe forandring inden for behandling af psykiske og fysiske lidelser.<br><br>Vores mission er at v\u00e6re pionerer inden for sikre, effektive og p\u00e5lidelige behandlinger med magnetisk stimulation, tilbyde innovative og alsidige forskningsl\u00f8sninger og arbejde for at udvide adgangen til magnetisk stimulation p\u00e5 verdensplan.<br>Vores produkter er tilg\u00e6ngelige p\u00e5 det globale marked gennem direkte salgsdatterselskaber i USA, Tyskland, Storbritannien, Kina og Brasilien og gennem et globalt netv\u00e6rk af distribut\u00f8rer.<\/p><\/div><div class=\"mt-text-columns__button-container\"><\/div><\/div><\/section>\n\n\n<div data-react-class=\"PostSlider\" data-react-props=\"{&quot;nonce&quot;:&quot;7904047492&quot;,&quot;currentPostId&quot;:2,&quot;className&quot;:&quot;mtSpacing-top-medium mtSpacing-bottom-medium&quot;,&quot;tagline&quot;:&quot;Stay updated&quot;,&quot;title&quot;:&quot;News and articles&quot;,&quot;link&quot;:{&quot;url&quot;:&quot;https:\\\/\\\/magventure.com\\\/dk\\\/news-events-press\\\/&quot;,&quot;id&quot;:137,&quot;title&quot;:&quot;News, Events \\u0026 Press&quot;,&quot;type&quot;:&quot;page&quot;,&quot;kind&quot;:&quot;post-type&quot;},&quot;linkText&quot;:&quot;See all news&quot;,&quot;selectedPostIds&quot;:[],&quot;categories&quot;:[],&quot;restUrl&quot;:&quot;https:\\\/\\\/magventure.com\\\/dk\\\/wp-json\\\/mag\\\/v1\\\/post\\\/search\\\/slider&quot;}\"><\/div>\n\n\n\n<section class=\"wp-block-morningmodules-breaker aligncenter mt-breaker mt-breaker--white-text is-style-bg-default\"><div class=\"mt-breaker__container\"><div class=\"mt-breaker__overlay\" style=\"opacity:0.4\"><\/div><div class=\"mt-breaker__image-container object-fit\"><img decoding=\"async\" src=\"https:\/\/magventure.com\/dk\/wp-content\/uploads\/sites\/8\/2024\/09\/contact.jpg\" alt=\"\" style=\"object-position:44% 50%\"\/><\/div><div class=\"mt-breaker__inner page-container\"><div class=\"mt-breaker__text-container\"><span class=\"mt-breaker__tagline mt-tagline\">Tal med en TMS-ekspert<\/span><h2 class=\"mt-breaker__title\">Kom i kontakt med MagVenture<\/h2>\n<p><\/p>\n\n\n\n<div class=\"wp-block-buttons is-layout-flex wp-block-buttons-is-layout-flex\">\n<div class=\"wp-block-button is-style-secondary\" data-open-slide-in=\"main\"><a class=\"wp-block-button__link wp-element-button\" rel=\"\thttps:\/\/marketing.magventure.com\/dk\/l\/1023021\/2023-03-16\/rz7\">Kontakt os<\/a><\/div>\n<\/div>\n<\/div><\/div><\/div><\/section>\n\n\n\n<p><\/p>\n","protected":false},"excerpt":{"rendered":"","protected":false},"author":2,"featured_media":0,"parent":0,"menu_order":0,"comment_status":"closed","ping_status":"open","template":"","meta":{"_acf_changed":false,"_monsterinsights_skip_tracking":false,"_monsterinsights_sitenote_active":false,"_monsterinsights_sitenote_note":"","_monsterinsights_sitenote_category":0,"footnotes":""},"class_list":["post-2","page","type-page","status-publish","hentry"],"acf":{"hide_navigation":false,"navigation_color":"white-text","theme_color":"theme-color-dark-blue","hide_footer_instagram":false},"yoast_head":"<!-- This site is optimized with the Yoast SEO plugin v27.6 - https:\/\/yoast.com\/product\/yoast-seo-wordpress\/ -->\n<title>MagVenture TMS Machines MagVenture TMS Therapy - MagVenture DK<\/title>\n<meta name=\"description\" content=\"MagVenture is a TMS machines market-leading manufacturer. TMS gives new hope to patients suffering from depression, OCD and addiction.\" \/>\n<meta name=\"robots\" content=\"index, follow, max-snippet:-1, max-image-preview:large, max-video-preview:-1\" \/>\n<link rel=\"canonical\" href=\"https:\/\/magventure.com\/dk\/\" \/>\n<meta property=\"og:locale\" content=\"en_US\" \/>\n<meta property=\"og:type\" content=\"article\" \/>\n<meta property=\"og:title\" content=\"MagVenture TMS Machines MagVenture TMS Therapy - MagVenture DK\" \/>\n<meta property=\"og:description\" content=\"MagVenture is a TMS machines market-leading manufacturer. TMS gives new hope to patients suffering from depression, OCD and addiction.\" \/>\n<meta property=\"og:url\" content=\"https:\/\/magventure.com\/dk\/\" \/>\n<meta property=\"og:site_name\" content=\"MagVenture DK\" \/>\n<meta property=\"article:modified_time\" content=\"2025-08-15T10:51:21+00:00\" \/>\n<meta property=\"og:image\" content=\"https:\/\/magventure.com\/dk\/wp-content\/uploads\/sites\/8\/2024\/11\/Group-4-2.png\" \/>\n<meta name=\"twitter:card\" content=\"summary_large_image\" \/>\n<meta name=\"twitter:label1\" content=\"Est. reading time\" \/>\n\t<meta name=\"twitter:data1\" content=\"5 minutes\" \/>\n<script type=\"application\/ld+json\" class=\"yoast-schema-graph\">{\"@context\":\"https:\\\/\\\/schema.org\",\"@graph\":[{\"@type\":\"WebPage\",\"@id\":\"https:\\\/\\\/magventure.com\\\/dk\\\/\",\"url\":\"https:\\\/\\\/magventure.com\\\/dk\\\/\",\"name\":\"MagVenture TMS Machines MagVenture TMS Therapy - MagVenture DK\",\"isPartOf\":{\"@id\":\"https:\\\/\\\/magventure.com\\\/dk\\\/#website\"},\"primaryImageOfPage\":{\"@id\":\"https:\\\/\\\/magventure.com\\\/dk\\\/#primaryimage\"},\"image\":{\"@id\":\"https:\\\/\\\/magventure.com\\\/dk\\\/#primaryimage\"},\"thumbnailUrl\":\"https:\\\/\\\/magventure.com\\\/dk\\\/wp-content\\\/uploads\\\/sites\\\/8\\\/2024\\\/11\\\/Group-4-2.png\",\"datePublished\":\"2024-09-09T11:14:43+00:00\",\"dateModified\":\"2025-08-15T10:51:21+00:00\",\"description\":\"MagVenture is a TMS machines market-leading manufacturer. TMS gives new hope to patients suffering from depression, OCD and addiction.\",\"breadcrumb\":{\"@id\":\"https:\\\/\\\/magventure.com\\\/dk\\\/#breadcrumb\"},\"inLanguage\":\"en-US\",\"potentialAction\":[{\"@type\":\"ReadAction\",\"target\":[\"https:\\\/\\\/magventure.com\\\/dk\\\/\"]}]},{\"@type\":\"ImageObject\",\"inLanguage\":\"en-US\",\"@id\":\"https:\\\/\\\/magventure.com\\\/dk\\\/#primaryimage\",\"url\":\"https:\\\/\\\/magventure.com\\\/dk\\\/wp-content\\\/uploads\\\/sites\\\/8\\\/2024\\\/11\\\/Group-4-2.png\",\"contentUrl\":\"https:\\\/\\\/magventure.com\\\/dk\\\/wp-content\\\/uploads\\\/sites\\\/8\\\/2024\\\/11\\\/Group-4-2.png\",\"width\":2000,\"height\":1334},{\"@type\":\"BreadcrumbList\",\"@id\":\"https:\\\/\\\/magventure.com\\\/dk\\\/#breadcrumb\",\"itemListElement\":[{\"@type\":\"ListItem\",\"position\":1,\"name\":\"Home\",\"item\":\"https:\\\/\\\/magventure.com\\\/dk\\\/\"},{\"@type\":\"ListItem\",\"position\":2,\"name\":\"MagVenture TMS Therapy\"}]},{\"@type\":\"WebSite\",\"@id\":\"https:\\\/\\\/magventure.com\\\/dk\\\/#website\",\"url\":\"https:\\\/\\\/magventure.com\\\/dk\\\/\",\"name\":\"MagVenture DK\",\"description\":\"We are unlocking the science of magnetic stimulation for treatment of depression\",\"potentialAction\":[{\"@type\":\"SearchAction\",\"target\":{\"@type\":\"EntryPoint\",\"urlTemplate\":\"https:\\\/\\\/magventure.com\\\/dk\\\/?s={search_term_string}\"},\"query-input\":{\"@type\":\"PropertyValueSpecification\",\"valueRequired\":true,\"valueName\":\"search_term_string\"}}],\"inLanguage\":\"en-US\"}]}<\/script>\n<!-- \/ Yoast SEO plugin. -->","yoast_head_json":{"title":"MagVenture TMS Machines MagVenture TMS Therapy - MagVenture DK","description":"MagVenture is a TMS machines market-leading manufacturer. TMS gives new hope to patients suffering from depression, OCD and addiction.","robots":{"index":"index","follow":"follow","max-snippet":"max-snippet:-1","max-image-preview":"max-image-preview:large","max-video-preview":"max-video-preview:-1"},"canonical":"https:\/\/magventure.com\/dk\/","og_locale":"en_US","og_type":"article","og_title":"MagVenture TMS Machines MagVenture TMS Therapy - MagVenture DK","og_description":"MagVenture is a TMS machines market-leading manufacturer. TMS gives new hope to patients suffering from depression, OCD and addiction.","og_url":"https:\/\/magventure.com\/dk\/","og_site_name":"MagVenture DK","article_modified_time":"2025-08-15T10:51:21+00:00","og_image":[{"url":"https:\/\/magventure.com\/dk\/wp-content\/uploads\/sites\/8\/2024\/11\/Group-4-2.png","type":"","width":"","height":""}],"twitter_card":"summary_large_image","twitter_misc":{"Est. reading time":"5 minutes"},"schema":{"@context":"https:\/\/schema.org","@graph":[{"@type":"WebPage","@id":"https:\/\/magventure.com\/dk\/","url":"https:\/\/magventure.com\/dk\/","name":"MagVenture TMS Machines MagVenture TMS Therapy - MagVenture DK","isPartOf":{"@id":"https:\/\/magventure.com\/dk\/#website"},"primaryImageOfPage":{"@id":"https:\/\/magventure.com\/dk\/#primaryimage"},"image":{"@id":"https:\/\/magventure.com\/dk\/#primaryimage"},"thumbnailUrl":"https:\/\/magventure.com\/dk\/wp-content\/uploads\/sites\/8\/2024\/11\/Group-4-2.png","datePublished":"2024-09-09T11:14:43+00:00","dateModified":"2025-08-15T10:51:21+00:00","description":"MagVenture is a TMS machines market-leading manufacturer. TMS gives new hope to patients suffering from depression, OCD and addiction.","breadcrumb":{"@id":"https:\/\/magventure.com\/dk\/#breadcrumb"},"inLanguage":"en-US","potentialAction":[{"@type":"ReadAction","target":["https:\/\/magventure.com\/dk\/"]}]},{"@type":"ImageObject","inLanguage":"en-US","@id":"https:\/\/magventure.com\/dk\/#primaryimage","url":"https:\/\/magventure.com\/dk\/wp-content\/uploads\/sites\/8\/2024\/11\/Group-4-2.png","contentUrl":"https:\/\/magventure.com\/dk\/wp-content\/uploads\/sites\/8\/2024\/11\/Group-4-2.png","width":2000,"height":1334},{"@type":"BreadcrumbList","@id":"https:\/\/magventure.com\/dk\/#breadcrumb","itemListElement":[{"@type":"ListItem","position":1,"name":"Home","item":"https:\/\/magventure.com\/dk\/"},{"@type":"ListItem","position":2,"name":"MagVenture TMS Therapy"}]},{"@type":"WebSite","@id":"https:\/\/magventure.com\/dk\/#website","url":"https:\/\/magventure.com\/dk\/","name":"MagVenture DK","description":"We are unlocking the science of magnetic stimulation for treatment of depression","potentialAction":[{"@type":"SearchAction","target":{"@type":"EntryPoint","urlTemplate":"https:\/\/magventure.com\/dk\/?s={search_term_string}"},"query-input":{"@type":"PropertyValueSpecification","valueRequired":true,"valueName":"search_term_string"}}],"inLanguage":"en-US"}]}},"_links":{"self":[{"href":"https:\/\/magventure.com\/dk\/wp-json\/wp\/v2\/pages\/2","targetHints":{"allow":["GET"]}}],"collection":[{"href":"https:\/\/magventure.com\/dk\/wp-json\/wp\/v2\/pages"}],"about":[{"href":"https:\/\/magventure.com\/dk\/wp-json\/wp\/v2\/types\/page"}],"author":[{"embeddable":true,"href":"https:\/\/magventure.com\/dk\/wp-json\/wp\/v2\/users\/2"}],"replies":[{"embeddable":true,"href":"https:\/\/magventure.com\/dk\/wp-json\/wp\/v2\/comments?post=2"}],"version-history":[{"count":9,"href":"https:\/\/magventure.com\/dk\/wp-json\/wp\/v2\/pages\/2\/revisions"}],"predecessor-version":[{"id":26622,"href":"https:\/\/magventure.com\/dk\/wp-json\/wp\/v2\/pages\/2\/revisions\/26622"}],"wp:attachment":[{"href":"https:\/\/magventure.com\/dk\/wp-json\/wp\/v2\/media?parent=2"}],"curies":[{"name":"wp","href":"https:\/\/api.w.org\/{rel}","templated":true}]}}